{"id":878,"date":"2022-04-06T11:15:10","date_gmt":"2022-04-06T11:15:10","guid":{"rendered":"https:\/\/fischerkursebern.ch\/?page_id=878"},"modified":"2023-12-01T18:26:29","modified_gmt":"2023-12-01T18:26:29","slug":"elementor-878","status":"publish","type":"page","link":"https:\/\/fischerkursebern.ch\/?page_id=878","title":{"rendered":"Sponsoren"},"content":{"rendered":"<p><style>\/*! elementor - v3.6.2 - 04-04-2022 *\/<br \/>\n.elementor-widget-image{text-align:center}.elementor-widget-image a{display:inline-block}.elementor-widget-image a img[src$=\".svg\"]{width:48px}.elementor-widget-image img{vertical-align:middle;display:inline-block}<\/style>\n<\/p>\n<p><img decoding=\"async\" class=\"\" title=\"stucki_beitragsbild\" src=\"https:\/\/fischerkursebern.ch\/wp-content\/uploads\/2022\/01\/stucki_beitragsbild.jpg\" alt=\"stucki_beitragsbild\" width=\"240\" height=\"172\" \/><\/p>\n<p>Stucki Thun ist unser <strong>Hauptsponsor<\/strong> und stellt uns die perfekt zusammen gestellten K\u00f6derboxen sowie Mietmaterial\u00a0 (Ruten und Rollen) zur Verf\u00fcgung. Durch Stucki sind wir immer auf dem neusten Stand in der Fischereiszene \ud83d\ude42\u00a0<\/p>\n<p>Mit <strong>Ronny Camenisch <\/strong>von Stucki Thun (Gesch\u00e4ftsf\u00fchrer) stehen wir in engem Kontakt und freuen uns sehr \u00fcber eine weitere Zusammenarbeit in den n\u00e4chsten Jahren.<\/p>\n<p>Glardon-Stucki ist seit Jahrzehnten bekannt f\u00fcr die hervorragende Qualit\u00e4t der Eigenprodukte und die spezifische Produkteauswahl f\u00fcr den Schweizer Markt. Die inzwischen weithin bekannten Artikel f\u00fcr die Schlepp- und Hegenenfischerei bezeugen von der Vielfalt und dem ausgezeichneten Qualit\u00e4tsniveau, welches in all den Jahren erreicht wurde. Unser Ziel f\u00fcr h\u00f6chste Qualit\u00e4t und Leistung unserer Produkte sind Garant f\u00fcr deren erfolgreichen und langfristigen Einsatz.<\/p>\n<p>Falls Ihr Fragen bez\u00fcglich den Fischereiartikeln habt, d\u00fcrft Ihr euch gerne bei uns melden. Wir geben gerne Auskunft \ud83d\ude42<\/p>\n\n\n<p><\/p>\n\n\n<p><a href=\"https:\/\/stucki-thun.com\/\">https:\/\/stucki-thun.com\/<\/a><\/p>\n<p><img decoding=\"async\" class=\"alignnone  wp-image-1579\" src=\"https:\/\/fischerkursebern.ch\/wp-content\/uploads\/2023\/12\/fischen.ch_.gif\" alt=\"\" width=\"296\" height=\"148\" \/><\/p>\n<p>Wir freuen uns mit dem Team von Fischen.ch <strong>ab 2024<\/strong> einen neuen Sponsor an unserer Seite zu haben.\u00a0<\/p>\n<p>Hast Du gewusst, dass ihr Team ausschliesslich aus Vollblutfischern besteht?<\/p>\n<p>Ihr junges Team fischt mit der Fliege, mit der Spinnrute, beim gem\u00fctlichen Ansitz, am grossen Fluss im Tal, am spiegelglatten Bergsee unterhalb der Gipfel, in der vielseitigen Schweiz, im tiefsten Dschungel oder auf den grossen Ozeanen der ganzen Welt.<\/p>\n<p>Das sind wir &#8211; das ist fischen.ch<\/p>\n<p><a href=\"https:\/\/fischen.ch\/\">Fischen.ch | Der Online-Shop f\u00fcr Fischer<\/a><\/p>\n<p><img decoding=\"async\" title=\"webmail.vtx_\" src=\"https:\/\/fischerkursebern.ch\/wp-content\/uploads\/2022\/04\/webmail.vtx_.jpg\" alt=\"webmail.vtx_\" \/><\/p>\n<p>Roli besitzt ein tolles Kajak Gesch\u00e4ft in Gwatt bei Thun mit allen m\u00f6glichen Materialien rund ums Kajak. Roli unterst\u00fctzt uns bei den Kajakkursen und gibt Instruktionen beim Gebrauch.<\/p>\n<p><strong>Der Kajak-Treffpunkt im Berner Oberland \u2013 kayak-point.ch<\/strong><br \/>Verkauf von Kajaks und SUP &#8211; Borinka Fasten Boots Zubeh\u00f6r &#8211; Mietstation Kajak und SUP &#8211; Distributer Fasten Borinka Import Boots Zubeh\u00f6r &#8211; Fishing Kayak &#8211; Distributer KP Watersport Kajak und Zubeh\u00f6r. Roli ist DER Mann wenn es um Kajaks in der Region Berner Oberland geht.<\/p>\n\n\n<p><\/p>\n\n\n\n<p><\/p>\n\n\n<p><a href=\"http:\/\/www.kayak-point.ch\" target=\"_blank\" rel=\"noreferrer noopener\">http:\/\/www.kayak-point.ch<\/a><\/p>\n<p><img decoding=\"async\" title=\"Screenshot 2022-01-26 202158\" src=\"https:\/\/fischerkursebern.ch\/wp-content\/uploads\/elementor\/thumbs\/Screenshot-2022-01-26-202158-pjlg6dv77r93phmgpj8rn8a7cce1c02c5y3ohfa0ro.png\" alt=\"Screenshot 2022-01-26 202158\" \/>\u00a0<\/p>\n<p>Nils Andersson (Chefredakteur)<\/p>\n<p>Seit 66 Jahren ist Petri-Heil die f\u00fchrende Fischerei Fachzeitschrift der Schweiz. Petri-Heil informiert praxisnah, weil es von aktiven Fischern gemacht wird. Wir kennen und nennen die Trends und Entwicklungen in der Fischereiszene. Der Leser wird \u00fcber alle Aspekte der Fischerei informiert: Angeltechnik, Fischen in der Schweiz, Fischereipolitik, Portraits, Reiseberichte usw. \u2013 das alles mit tollen Fotos und Kurzfilmen.<br \/>Petri-Heil ist politisch unabh\u00e4ngig und in erster Linie seinen Lesern und deren Anliegen verpflichtet. Deshalb engagieren wir uns auch f\u00fcr die Fischerei in der Schweiz<\/p>\n\n\n<p class=\"has-text-align-left\"><\/p>\n\n\n\n<p><\/p>\n\n\n<p><a href=\"https:\/\/www.petri-heil.ch\/\">https:\/\/www.petri-heil.ch\/<\/a><\/p>\n<p><img decoding=\"async\" title=\"RRR\" src=\"https:\/\/fischerkursebern.ch\/wp-content\/uploads\/elementor\/thumbs\/RRR-pmyq3djz1i3541ifrxreee4m6kork52vh7ldx2jvdc.jpg\" alt=\"RRR\" \/><\/p>\n<p>1952 haben sich ein paar Fischer von der rechten Thunerseeseite zusammengetan und unseren Verein gegr\u00fcndet. Wir sind der einzige Verein der rechten Thunerseeseite welche die Interessen der Fische vertritt und wir z\u00e4hlen \u00fcber 100 Mitglieder. Wir engagieren uns aktiv mit zahlreichen Fischern bei Ausbildung, Aufzucht, Laichfischfang und Fischereiaufsicht f\u00fcr die nachhaltige Sportfischerei. Das Wohlergehen der Fische und das Interesse der Sportfischer liegt bei uns an erster Stelle.<\/p>\n<p><strong>Wir freuen uns immer wieder \u00fcber Neue Mitglieder. Melde dich noch heute auf der untenstehenden Webseite oder bei mir an. See you! \ud83d\ude42<\/strong><\/p>\n\n\n<p><\/p>\n\n\n\n<p><\/p>\n\n\n<p><a href=\"https:\/\/www.sfvrt.ch\/\">https:\/\/www.sfvrt.ch\/<\/a><\/p>\n\n\n<p><\/p>\n\n\n\n<p><\/p>\n\n\n\n<p><\/p>\n\n\n\n<p><\/p>\n\n\n<\/p>","protected":false},"excerpt":{"rendered":"<p>Stucki Thun ist unser Hauptsponsor und stellt uns die perfekt zusammen gestellten K\u00f6derboxen sowie Mietmaterial\u00a0 (Ruten und Rollen) zur Verf\u00fcgung. Durch Stucki sind wir immer auf dem neusten Stand in der Fischereiszene \ud83d\ude42\u00a0 Mit Ronny Camenisch von Stucki Thun (Gesch\u00e4ftsf\u00fchrer) stehen wir in engem Kontakt und freuen uns sehr \u00fcber eine weitere Zusammenarbeit in den n\u00e4chsten Jahren. Glardon-Stucki ist seit Jahrzehnten bekannt f\u00fcr die hervorragende Qualit\u00e4t der Eigenprodukte und die spezifische Produkteauswahl f\u00fcr den Schweizer Markt. Die inzwischen weithin bekannten Artikel f\u00fcr die Schlepp- und Hegenenfischerei bezeugen von der Vielfalt und dem ausgezeichneten Qualit\u00e4tsniveau, welches in all den Jahren erreicht &hellip;<\/p>\n","protected":false},"author":1,"featured_media":1183,"parent":0,"menu_order":9,"comment_status":"closed","ping_status":"closed","template":"","meta":{"footnotes":""},"class_list":["post-878","page","type-page","status-publish","has-post-thumbnail","hentry"],"_links":{"self":[{"href":"https:\/\/fischerkursebern.ch\/index.php?rest_route=\/wp\/v2\/pages\/878","targetHints":{"allow":["GET"]}}],"collection":[{"href":"https:\/\/fischerkursebern.ch\/index.php?rest_route=\/wp\/v2\/pages"}],"about":[{"href":"https:\/\/fischerkursebern.ch\/index.php?rest_route=\/wp\/v2\/types\/page"}],"author":[{"embeddable":true,"href":"https:\/\/fischerkursebern.ch\/index.php?rest_route=\/wp\/v2\/users\/1"}],"replies":[{"embeddable":true,"href":"https:\/\/fischerkursebern.ch\/index.php?rest_route=%2Fwp%2Fv2%2Fcomments&post=878"}],"version-history":[{"count":27,"href":"https:\/\/fischerkursebern.ch\/index.php?rest_route=\/wp\/v2\/pages\/878\/revisions"}],"predecessor-version":[{"id":1584,"href":"https:\/\/fischerkursebern.ch\/index.php?rest_route=\/wp\/v2\/pages\/878\/revisions\/1584"}],"wp:featuredmedia":[{"embeddable":true,"href":"https:\/\/fischerkursebern.ch\/index.php?rest_route=\/wp\/v2\/media\/1183"}],"wp:attachment":[{"href":"https:\/\/fischerkursebern.ch\/index.php?rest_route=%2Fwp%2Fv2%2Fmedia&parent=878"}],"curies":[{"name":"wp","href":"https:\/\/api.w.org\/{rel}","templated":true}]}}