{"id":469,"date":"2022-01-04T16:32:56","date_gmt":"2022-01-04T16:32:56","guid":{"rendered":"https:\/\/fischerkursebern.ch\/?page_id=469"},"modified":"2025-12-06T13:37:03","modified_gmt":"2025-12-06T13:37:03","slug":"bergseefischen-im-kanton-bern-18-09-2022","status":"publish","type":"page","link":"https:\/\/fischerkursebern.ch\/?page_id=469","title":{"rendered":"Bergseefischen im Kanton Bern, So. 13.09.2026"},"content":{"rendered":"\t\t<div data-elementor-type=\"wp-page\" data-elementor-id=\"469\" class=\"elementor elementor-469\">\n\t\t\t\t\t\t<section class=\"elementor-section elementor-top-section elementor-element elementor-element-5835e7bd elementor-section-boxed elementor-section-height-default elementor-section-height-default\" data-id=\"5835e7bd\" data-element_type=\"section\">\n\t\t\t\t\t\t<div class=\"elementor-container elementor-column-gap-default\">\n\t\t\t\t\t<div class=\"elementor-column elementor-col-100 elementor-top-column elementor-element elementor-element-16aab3d7\" data-id=\"16aab3d7\" data-element_type=\"column\">\n\t\t\t<div class=\"elementor-widget-wrap elementor-element-populated\">\n\t\t\t\t\t\t<div class=\"elementor-element elementor-element-61e26fc9 elementor-widget elementor-widget-text-editor\" data-id=\"61e26fc9\" data-element_type=\"widget\" data-widget_type=\"text-editor.default\">\n\t\t\t\t<div class=\"elementor-widget-container\">\n\t\t\t\t\t\t\t\t\t<h2>Bergseefischen im Kanton Bern, Sonntag 13.09.2026<\/h2>\n<p><!-- \/wp:heading --><!-- wp:paragraph --><\/p>\n<p><strong>Toller Fischertag an einem der sch\u00f6nsten Bergseen der Schweiz? Gemeinsam n\u00e4her am Fisch \ud83d\ude42<\/strong><\/p>\n<p><!-- \/wp:paragraph --><!-- wp:paragraph --><\/p>\n<p>In diesem Jahr findet unser Kurs am wundersch\u00f6nen Bergsee im Kanton Bern statt. (Es wird nicht der gleiche Bergsee sein wie im 2025!) Bereits die Fahrt zum See wird spektakul\u00e4r! Nach einer spannenden Einf\u00fchrung in die Fischerei der Bergseen, werden wir gemeinsam die Ruten montieren und uns in 2-4er Gruppen aufteilen. Wir fischen an diesem Tag vor allem mit der Buldo (Wasserkugel) und Spirolino Montage. So k\u00f6nnen alle Gew\u00e4ssertiefen optimal befischt werden. Es wird aber nicht nur Passiv gefischt sondern auch mit dem Wobbler, Spoon, L\u00f6ffeli und Spinner. Wir zeigen dir die verschiedenen K\u00f6der sowie auch deren F\u00fchrung zum Erfolg. An diesem Bergsee fischen wir auf Regenbogenforellen, Kanadische Seeforellen und Saiblinge.&nbsp; An diesem Kurs konnten wir in der Vergangenheit immer sehr sch\u00f6ne Fische fangen. Egal ob Passiv oder Aktiv, an diesem Tag ist f\u00fcr jeden etwas dabei \ud83d\ude42<\/p>\n<p><!-- \/wp:paragraph --><!-- wp:paragraph --><\/p>\n<p>W\u00e4hrend des kompletten Kurses werdet ihr von uns mit Tipps &amp; Tricks unterst\u00fctzt. Ich freue mich sehr auf diesen spannenden und lehrreichen Tag am sch\u00f6nen Bergsee im Kanton Bern!<\/p>\n<p><!-- \/wp:paragraph --><!-- wp:paragraph --><\/p>\n<p>Melde dich noch heute an und sichere dir einen Platz.<\/p>\n<p><!-- \/wp:paragraph --><!-- wp:paragraph --><\/p>\n<p><strong>Die Teilnehmerzahl ist beschr\u00e4nkt auf 15 Kursteilnehmer\/innen!<\/strong><\/p>\n<p><!-- \/wp:spacer --><!-- wp:table {\"className\":\"is-style-stripes\"} --><\/p>\n<figure>\n<table>\n<tbody>\n<tr>\n<td><strong>Datum<\/strong><\/td>\n<td>Sonntag, 13. September 2026<\/td>\n<td>&nbsp;<\/td>\n<\/tr>\n<tr>\n<td><strong>Zeit<\/strong><\/td>\n<td>6.00 Uhr \u2013 ca. 13.00 Uhr<\/td>\n<td>&nbsp;<\/td>\n<\/tr>\n<tr>\n<td><strong>Treffpunkt<\/strong><\/td>\n<td>Der Bergsee wird auf Anfrage sehr gerne vorher bekannt gegeben.<\/td>\n<td>&nbsp;<\/td>\n<\/tr>\n<tr>\n<td><strong>Mitnehmen<\/strong><\/td>\n<td><span style=\"font-size: 12.0pt; line-height: 105%; font-family: 'Arial',sans-serif; mso-fareast-font-family: Calibri; mso-fareast-theme-font: minor-latin; mso-font-kerning: 0pt; mso-ligatures: none; mso-ansi-language: DE-CH; mso-fareast-language: EN-US; mso-bidi-language: AR-SA;\">Wetterentsprechende und warme Kleidung, gutes Schuhwerk, Wathosen von Vorteil, Verpflegung und bereits vorhandenes Fischermaterial, sowie eine g\u00fcltige ID.<\/span><\/td>\n<td>&nbsp;<\/td>\n<\/tr>\n<tr>\n<td><strong>Kursgeb\u00fchr<\/strong><\/td>\n<td>Fr. 100.00 (Erwachsene): Fr. 80.00 Jugendliche bis 16 Jahre<\/td>\n<td>&nbsp;<\/td>\n<\/tr>\n<tr>\n<td><strong>Tagespatent<\/strong><\/td>\n<td><span style=\"font-size: 12.0pt; line-height: 105%; font-family: 'Arial',sans-serif; mso-fareast-font-family: Calibri; mso-fareast-theme-font: minor-latin; mso-font-kerning: 0pt; mso-ligatures: none; mso-ansi-language: DE-CH; mso-fareast-language: EN-US; mso-bidi-language: AR-SA;\">Unter folgendem Link, k\u00f6nnen die Tagespatene bequem von zu Hause aus auf dem Computer gekauft und ausgedruckt werden. <\/span><span style=\"font-size: 11.0pt; line-height: 105%; font-family: 'Calibri',sans-serif; mso-ascii-theme-font: minor-latin; mso-fareast-font-family: Calibri; mso-fareast-theme-font: minor-latin; mso-hansi-theme-font: minor-latin; mso-bidi-font-family: 'Times New Roman'; mso-bidi-theme-font: minor-bidi; mso-font-kerning: 0pt; mso-ligatures: none; mso-ansi-language: DE-CH; mso-fareast-language: EN-US; mso-bidi-language: AR-SA;\"><a href=\"https:\/\/www.efj-shop.apps.be.ch\/\"><span style=\"font-size: 12.0pt; line-height: 105%; font-family: 'Arial',sans-serif;\">https:\/\/www.efj-shop.aps.be.ch\/<\/span><\/a><\/span><span style=\"font-size: 12.0pt; line-height: 105%; font-family: 'Arial',sans-serif; mso-fareast-font-family: Calibri; mso-fareast-theme-font: minor-latin; mso-font-kerning: 0pt; mso-ligatures: none; mso-ansi-language: DE-CH; mso-fareast-language: EN-US; mso-bidi-language: AR-SA;\"> Bitte wartet mit dem Patentkauf bis ca. 3 Tage vor dem Kurs. Die Wetterbedingungen k\u00f6nnen immer wieder \u00e4ndern!<\/span><\/td>\n<td>&nbsp;<\/td>\n<\/tr>\n<tr>\n<td>\n<p><strong>Empfohlene Fischerausr\u00fcstung<\/strong><\/p>\n<\/td>\n<td><p><strong>Rute<\/strong> <strong>Spinnfischen:&nbsp;<\/strong><span style=\"font-size: 12.0pt; line-height: 105%; font-family: 'Arial',sans-serif; mso-fareast-font-family: Calibri; mso-fareast-theme-font: minor-latin; mso-font-kerning: 0pt; mso-ligatures: none; mso-ansi-language: DE-CH; mso-fareast-language: EN-US; mso-bidi-language: AR-SA;\">Zum Spinnfischen empfehle ich eine eher k\u00fcrzere Rute von 2.10-2.40m L\u00e4nge. Diese darf je nach K\u00f6der ein Wurfgewicht haben von ca. 10-40g.<br><\/span><br><strong>Rute zum Spirolino\/Buldo Fischen:<\/strong>&nbsp;<span style=\"font-size: 12.0pt; line-height: 105%; font-family: 'Arial',sans-serif; mso-fareast-font-family: Calibri; mso-fareast-theme-font: minor-latin; mso-font-kerning: 0pt; mso-ligatures: none; mso-ansi-language: DE-CH; mso-fareast-language: EN-US; mso-bidi-language: AR-SA;\">Weite Distanzen sind am Bergsee ein Muss! Die Rute sollte eine L\u00e4nge von 2.7-3.50m haben sowie ein Wurfgewicht von ca. 50g.<br><\/span><br><strong>Rollen:<\/strong>&nbsp;<span style=\"font-size: 12.0pt; line-height: 105%; font-family: 'Arial',sans-serif; mso-fareast-font-family: Calibri; mso-fareast-theme-font: minor-latin; mso-font-kerning: 0pt; mso-ligatures: none; mso-ansi-language: DE-CH; mso-fareast-language: EN-US; mso-bidi-language: AR-SA;\">Beim Spinnfischen darf diese kleiner ausfallen, empfohlen wird eine leichte 1000-2000er Rolle. Zum Buldo und Spirolino fischen braucht es eine gr\u00f6ssere Rolle 2500-3000 um auf gute Distanzen zu kommen. Eine geflochtene Schnur wird bevorzugt.<\/span><\/p>\n<p><strong><span style=\"font-size: 12.0pt; line-height: 105%; font-family: 'Arial',sans-serif; mso-fareast-font-family: Calibri; mso-fareast-theme-font: minor-latin; mso-font-kerning: 0pt; mso-ligatures: none; mso-ansi-language: DE-CH; mso-fareast-language: EN-US; mso-bidi-language: AR-SA;\">Zubeh\u00f6r:<\/span><\/strong><span style=\"font-size: 12.0pt; line-height: 105%; font-family: 'Arial',sans-serif; mso-fareast-font-family: Calibri; mso-fareast-theme-font: minor-latin; mso-font-kerning: 0pt; mso-ligatures: none; mso-ansi-language: DE-CH; mso-fareast-language: EN-US; mso-bidi-language: AR-SA;\"> K\u00f6der (Wobbler, Spinner, Gummis), Netz, Polbrille, Kleinmaterial, K\u00fchlbox, Fischerwerkzeug (Zange, Messer, Schere, Fischt\u00f6ter, Massband)<\/span><\/p>\n<p><\/p><\/td>\n<td>&nbsp;<\/td>\n<\/tr>\n<tr>\n<td>\n<p><strong>Weitere wichtige Infos<\/strong><\/p>\n<\/td>\n<td>\n<p>Versicherung ist Sache der Teilnehmer.<br><strong>Die K\u00f6der zum jeweiligen Thema von Stucki Thun und Fischen.ch im Wert von ca. Fr. 60.00 werden von mir organisiert.<\/strong> Die passende Ausr\u00fcstung (Rute &amp; Rolle) von Stucki Thun, kann auch zu einem Aufpreis von Fr.15.00 gemietet werden.<\/p>\n<p>Ich bitte Euch die Kursgeb\u00fchren und die allf\u00e4llige Mietkosten nach Anmeldung einzuzahlen.<br>Kilian Schenk, Br\u00fcggstrasse 15, 3634 Thierachern<br>CH21 0870 4044 6752 6411 9<br>Twint ist m\u00f6glich!<\/p>\n<p>Abmeldungen 24 Stunden vor Kursbeginn werden aus organisatorischen Gr\u00fcnden verrechnet.<br>Wir freuen uns sehr auf einen spannenden\/lehrreichen Tag am Gew\u00e4sser und bei Fragen k\u00f6nnt Ihr mich unter <a href=\"mailto:kilian.schenk@vtxfree.ch\">kilian.schenk@vtxfree.ch<\/a> erreichen.<br>Ich bem\u00fche mich um eine m\u00f6glichst schnelle R\u00fcckmeldung!<\/p>\n<p style=\"margin-bottom: 0cm; line-height: normal;\"><i><span style=\"font-size: 8.0pt; font-family: 'Calibri',sans-serif; mso-ascii-theme-font: minor-latin; mso-hansi-theme-font: minor-latin; mso-bidi-font-family: 'Times New Roman'; mso-bidi-font-weight: bold;\">*AGB\u2019s: Da wir den Raum sowie die Helfer f\u00fcr diesen Tag organisieren, ist der volle Betrag ein Monat im Voraus f\u00e4llig.<\/span><\/i><i><span style=\"font-size: 8.0pt; font-family: 'Calibri',sans-serif; mso-ascii-theme-font: minor-latin; mso-hansi-theme-font: minor-latin; mso-bidi-theme-font: minor-latin; mso-bidi-font-weight: bold;\"><br><\/span><\/i><i><span style=\"font-size: 8.0pt; font-family: 'Calibri',sans-serif; mso-ascii-theme-font: minor-latin; mso-hansi-theme-font: minor-latin; mso-bidi-font-family: 'Times New Roman'; mso-bidi-font-weight: bold;\">Bei Abmeldungen gelten folgende <\/span><\/i><b><i><span style=\"font-size: 8.0pt; font-family: 'Calibri',sans-serif; mso-ascii-theme-font: minor-latin; mso-hansi-theme-font: minor-latin; mso-bidi-font-family: 'Times New Roman';\">R\u00fcckerstattungsbedienungen:<\/span><\/i><\/b><i><\/i><\/p>\n<p style=\"text-indent: -18.0pt; line-height: normal; mso-list: l0 level1 lfo1; margin: 0cm 0cm 0cm 21.3pt;\"><!-- [if !supportLists]--><span style=\"font-size: 8.0pt; font-family: Symbol; mso-fareast-font-family: Symbol; mso-bidi-font-family: Symbol; mso-bidi-font-weight: bold; mso-bidi-font-style: italic;\">\u00b7<span style=\"font: 7.0pt 'Times New Roman';\">&nbsp;&nbsp;&nbsp;&nbsp;&nbsp;&nbsp;&nbsp; <\/span><\/span><!--[endif]--><i><span style=\"font-size: 8.0pt; font-family: 'Calibri',sans-serif; mso-ascii-theme-font: minor-latin; mso-hansi-theme-font: minor-latin; mso-bidi-font-family: 'Times New Roman'; mso-bidi-font-weight: bold;\">Abmeldungen bis zwei Wochen vor Kursbeginn: 75% der Zahlung werden zur\u00fcckerstattet<\/span><\/i><\/p>\n<p style=\"text-indent: -18.0pt; line-height: normal; mso-list: l0 level1 lfo1; margin: 0cm 0cm 0cm 21.3pt;\"><!-- [if !supportLists]--><span style=\"font-size: 8.0pt; font-family: Symbol; mso-fareast-font-family: Symbol; mso-bidi-font-family: Symbol; mso-bidi-font-weight: bold; mso-bidi-font-style: italic;\">\u00b7<span style=\"font: 7.0pt 'Times New Roman';\">&nbsp;&nbsp;&nbsp;&nbsp;&nbsp;&nbsp;&nbsp; <\/span><\/span><!--[endif]--> <i><span style=\"font-size: 8.0pt; font-family: 'Calibri',sans-serif; mso-ascii-theme-font: minor-latin; mso-hansi-theme-font: minor-latin; mso-bidi-font-family: 'Times New Roman'; mso-bidi-font-weight: bold;\">Abmeldungen bis eine Woche vor Kursbeginn: 50% der Zahlung werden zur\u00fcckerstattet<\/span><\/i><\/p>\n<p style=\"text-indent: -18.0pt; line-height: normal; mso-list: l0 level1 lfo1; margin: 0cm 0cm 0cm 21.3pt;\"><span style=\"text-indent: -18pt; font-size: 8pt; font-family: Symbol;\">\u00b7<span style=\"font: 7.0pt 'Times New Roman';\">&nbsp;&nbsp;&nbsp;&nbsp;&nbsp;&nbsp;&nbsp; <\/span><\/span><i style=\"text-indent: -18pt;\"><span style=\"font-size: 8.0pt; font-family: 'Calibri',sans-serif; mso-ascii-theme-font: minor-latin; mso-hansi-theme-font: minor-latin; mso-bidi-font-family: 'Times New Roman'; mso-bidi-font-weight: bold;\">Bei Abmeldungen weniger als eine Woche vor Kursbeginn erfolgt keine R\u00fcckerstattung<\/span><\/i><\/p>\n<p><\/p>\n<\/td>\n<td>&nbsp;<\/td>\n<\/tr>\n<\/tbody>\n<\/table>\n<\/figure>\n<p><!-- \/wp:table --><!-- wp:gallery {\"linkTo\":\"none\",\"sizeSlug\":\"full\"} --><\/p>\n<figure><!-- wp:image {\"id\":1610,\"sizeSlug\":\"full\",\"linkDestination\":\"none\"} --><p><\/p>\n<figure><img decoding=\"async\" src=\"https:\/\/fischerkursebern.ch\/wp-content\/uploads\/2023\/12\/IMG_1455-min1-1-scaled.jpg\" alt=\"\"><p><\/p>\n<figcaption><strong>Sch\u00f6ne Kanadische Seeforelle auf einen Spoon von Stucki Thun<\/strong><\/figcaption>\n<\/figure>\n<p><!-- \/wp:image --><!-- wp:image {\"id\":1553,\"sizeSlug\":\"full\",\"linkDestination\":\"none\"} --><\/p>\n<figure><img decoding=\"async\" src=\"https:\/\/fischerkursebern.ch\/wp-content\/uploads\/2023\/11\/E37B87F3-FC1D-45DF-A719-97EA32B5AC08-min1-scaled.jpeg\" alt=\"\"><p><\/p>\n<figcaption><strong>Tolle Stimmung am Engstlensee<\/strong><\/figcaption>\n<\/figure>\n<p><!-- \/wp:image --><!-- wp:image {\"id\":714,\"sizeSlug\":\"full\",\"linkDestination\":\"none\"} --><\/p>\n<figure><img decoding=\"async\" src=\"https:\/\/fischerkursebern.ch\/wp-content\/uploads\/2022\/01\/264B475C-4EBA-48EA-BB7A-6A6586B620E0.jpeg\" alt=\"\"><p><\/p>\n<figcaption><strong>Stefan in Galt\u00fcr mit der Fliegenrut<\/strong><\/figcaption>\n<\/figure>\n<p><!-- \/wp:image --><!-- wp:image {\"id\":1633,\"sizeSlug\":\"full\",\"linkDestination\":\"none\"} --><\/p>\n<figure><\/figure>\n<p><!-- \/wp:image --><\/p>\n<\/figure>\n<p><!-- \/wp:gallery --><\/p>\t\t\t\t\t\t\t\t<\/div>\n\t\t\t\t<\/div>\n\t\t\t\t\t<\/div>\n\t\t<\/div>\n\t\t\t\t\t<\/div>\n\t\t<\/section>\n\t\t\t\t<\/div>\n\t\t","protected":false},"excerpt":{"rendered":"<p>Bergseefischen im Kanton Bern, Sonntag 13.09.2026 Toller Fischertag an einem der sch\u00f6nsten Bergseen der Schweiz? Gemeinsam n\u00e4her am Fisch \ud83d\ude42 In diesem Jahr findet unser Kurs am wundersch\u00f6nen Bergsee im Kanton Bern statt. (Es wird nicht der gleiche Bergsee sein wie im 2025!) Bereits die Fahrt zum See wird spektakul\u00e4r! Nach einer spannenden Einf\u00fchrung in die Fischerei der Bergseen, werden wir gemeinsam die Ruten montieren und uns in 2-4er Gruppen aufteilen. Wir fischen an diesem Tag vor allem mit der Buldo (Wasserkugel) und Spirolino Montage. So k\u00f6nnen alle Gew\u00e4ssertiefen optimal befischt werden. Es wird aber nicht nur Passiv gefischt sondern &hellip;<\/p>\n","protected":false},"author":1,"featured_media":1606,"parent":172,"menu_order":9,"comment_status":"closed","ping_status":"closed","template":"","meta":{"footnotes":""},"class_list":["post-469","page","type-page","status-publish","has-post-thumbnail","hentry"],"_links":{"self":[{"href":"https:\/\/fischerkursebern.ch\/index.php?rest_route=\/wp\/v2\/pages\/469","targetHints":{"allow":["GET"]}}],"collection":[{"href":"https:\/\/fischerkursebern.ch\/index.php?rest_route=\/wp\/v2\/pages"}],"about":[{"href":"https:\/\/fischerkursebern.ch\/index.php?rest_route=\/wp\/v2\/types\/page"}],"author":[{"embeddable":true,"href":"https:\/\/fischerkursebern.ch\/index.php?rest_route=\/wp\/v2\/users\/1"}],"replies":[{"embeddable":true,"href":"https:\/\/fischerkursebern.ch\/index.php?rest_route=%2Fwp%2Fv2%2Fcomments&post=469"}],"version-history":[{"count":35,"href":"https:\/\/fischerkursebern.ch\/index.php?rest_route=\/wp\/v2\/pages\/469\/revisions"}],"predecessor-version":[{"id":2035,"href":"https:\/\/fischerkursebern.ch\/index.php?rest_route=\/wp\/v2\/pages\/469\/revisions\/2035"}],"up":[{"embeddable":true,"href":"https:\/\/fischerkursebern.ch\/index.php?rest_route=\/wp\/v2\/pages\/172"}],"wp:featuredmedia":[{"embeddable":true,"href":"https:\/\/fischerkursebern.ch\/index.php?rest_route=\/wp\/v2\/media\/1606"}],"wp:attachment":[{"href":"https:\/\/fischerkursebern.ch\/index.php?rest_route=%2Fwp%2Fv2%2Fmedia&parent=469"}],"curies":[{"name":"wp","href":"https:\/\/api.w.org\/{rel}","templated":true}]}}