{"id":465,"date":"2022-01-04T16:31:18","date_gmt":"2022-01-04T16:31:18","guid":{"rendered":"https:\/\/fischerkursebern.ch\/?page_id=465"},"modified":"2025-11-30T20:39:03","modified_gmt":"2025-11-30T20:39:03","slug":"eglifischen-am-thunersee-fuer-fortgeschrittene-16-07-2022","status":"publish","type":"page","link":"https:\/\/fischerkursebern.ch\/?page_id=465","title":{"rendered":"Modernes Eglifischen am Thunersee, Sa. 11.07.2026"},"content":{"rendered":"\t\t<div data-elementor-type=\"wp-page\" data-elementor-id=\"465\" class=\"elementor elementor-465\">\n\t\t\t\t\t\t<section class=\"elementor-section elementor-top-section elementor-element elementor-element-53454de0 elementor-section-boxed elementor-section-height-default elementor-section-height-default\" data-id=\"53454de0\" data-element_type=\"section\">\n\t\t\t\t\t\t<div class=\"elementor-container elementor-column-gap-default\">\n\t\t\t\t\t<div class=\"elementor-column elementor-col-100 elementor-top-column elementor-element elementor-element-2f6c1f3e\" data-id=\"2f6c1f3e\" data-element_type=\"column\">\n\t\t\t<div class=\"elementor-widget-wrap elementor-element-populated\">\n\t\t\t\t\t\t<div class=\"elementor-element elementor-element-7ef79e6e elementor-widget elementor-widget-text-editor\" data-id=\"7ef79e6e\" data-element_type=\"widget\" data-widget_type=\"text-editor.default\">\n\t\t\t\t<div class=\"elementor-widget-container\">\n\t\t\t\t\t\t\t\t\t<p><\/p>\n<h2 class=\"wp-block-heading\">Modernes Eglifischen am Thunersee, Samstag 11.07.2026<\/h2>\n<p><\/p>\n<p><\/p>\n<p><\/p>\n<p><strong>Dropshot, Carolina Rig und Cheburashka Rig sind dir Fremd? Dann ist dieser Kurs genau das Richtige f\u00fcr dich \ud83d\ude42<\/strong><\/p>\n<p><\/p>\n<p>Ein ganz spezieller Kurs f\u00fcr alle welche sich gerne etwas intensiver mit der Fischerei auf Barsche auseinander setzen m\u00f6chten. Wir treffen uns (anders als sonst) an einem Samstag Abend am Ufer des Thunersee um gemeinsam auf Egli zu fischen. Der Abend im Sommer eignet sich hervorragend um bis in die D\u00e4mmerung zu angeln. Bevor es ans Wasser geht zeigen wir euch einige g\u00e4ngige Methoden des modernen Eglifischens (Dropshot, Carolina Rig und Cheburashka Rig). Wir bauen einen Workshop auf und so lernst du von verschiedenen Helfern die Montagen, Knoten sowie die F\u00fchrung der verschiedenen Methoden. Sind alle bereit, teilen wir uns in 2-4er Gruppen auf uns befischen die Spots am Thunersee. Die Chance ein sch\u00f6nes Egli zu fangen ist an diesem Kurs am gr\u00f6ssten! Achtung Suchtpotenzial, die gezeigten Montagen sind fast immer und \u00fcberall ein Bringer \ud83d\ude42 W\u00e4hrend des kompletten Kurses werdet ihr von uns mit Tipps &amp; Tricks unterst\u00fctzt. Ich freue mich sehr auf diesen spannenden und lehrreichen Abend am Thunersee!<\/p>\n<p><\/p>\n<p><\/p>\n<p><strong>Melde dich noch heute an, die Pl\u00e4tze sind limitiert auf 15 Kursteilnehmer\/innen.&nbsp;\ud83d\ude42<\/strong><\/p>\n<p><\/p>\n<p><\/p>\n<p><\/p>\n<figure>\n<table>\n<tbody>\n<tr>\n<td><strong>Datum<\/strong><\/td>\n<td>Samstag, 11. Juli 2026<\/td>\n<td>&nbsp;<\/td>\n<\/tr>\n<tr>\n<td><strong>Zeit<\/strong><\/td>\n<td>16.30 Uhr \u2013 ca. 21.30 Uhr<\/td>\n<td>&nbsp;<\/td>\n<\/tr>\n<tr>\n<td><strong>Treffpunkt<\/strong><\/td>\n<td>Der genaue Treffpunkt wird dir vor Kursbeginn noch bekannt gegeben. Es sind gen\u00fcgend Parkpl\u00e4tze vorhanden.<\/td>\n<td>&nbsp;<\/td>\n<\/tr>\n<tr>\n<td><strong>Mitnehmen<\/strong><\/td>\n<td><span style=\"font-size:12.0pt;line-height:105%; font-family:&quot;Arial&quot;,sans-serif;mso-fareast-font-family:Calibri;mso-fareast-theme-font: minor-latin;mso-font-kerning:0pt;mso-ligatures:none;mso-ansi-language:DE-CH; mso-fareast-language:EN-US;mso-bidi-language:AR-SA\">Wetterentsprechende<br>Kleidung, gutes Schuhwerk, Verpflegung und bereits vorhandenes Fischermaterial,<br>Sonnencreme, Badehosen sowie eine g\u00fcltige ID. Bereits vorhandenes<br>Fischermaterial f\u00fcr Egli.<\/span><\/td>\n<td>&nbsp;<\/td>\n<\/tr>\n<tr>\n<td><strong>Kursgeb\u00fchr<\/strong><\/td>\n<td>Fr. 100.00 (Erwachsene): Fr. 80.00 Jugendliche bis 16 Jahre<\/td>\n<td>&nbsp;<\/td>\n<\/tr>\n<tr>\n<td><strong>Tagespatent<\/strong><\/td>\n<td>Auf der Webseite <a href=\"https:\/\/www.efj-shop.apps.be.ch\/\">https:\/\/www.efj-shop.apps.be.ch\/<\/a> k\u00f6nnen <br>die Patente bequem von zu Hause aus ausgef\u00fcllt und gedruckt werden. <br>Bitte wartet jeweils mit dem Kaufen der Patente, da Kurse auch abgesagt werden k\u00f6nnen.<br>Die Patente m\u00fcssen selber organisiert werden!<br><\/td>\n<td>&nbsp;<\/td>\n<\/tr>\n<tr>\n<td>\n<p><strong>Empfohlene Fischerausr\u00fcstung<\/strong><\/p>\n<\/td>\n<td>\n<p><b><span style=\"font-size:12.0pt;line-height:105%; font-family:&quot;Arial&quot;,sans-serif\">Rute:<\/span><\/b><span style=\"font-size:12.0pt; line-height:105%;font-family:&quot;Arial&quot;,sans-serif\"> Ich empfehle f\u00fcr das Spinnfischen auf Barsche eine Rute von 1.90 -2.10m und einem Wurfgewicht von ca. 5-20g. Wichtig ist eine feine, flexible Spitze damit der Biss sauber<br>\nverwertet werden kann.<o:p><\/o:p><\/span><\/p>\n<p><b><span style=\"font-size:12.0pt;line-height:105%; font-family:&quot;Arial&quot;,sans-serif\">Rolle:<\/span><\/b><span style=\"font-size:12.0pt; line-height:105%;font-family:&quot;Arial&quot;,sans-serif\"> Eine passende Rolle sollte eine Gr\u00f6sse von 1000-2500 haben. Ob geflochten oder Monofil spielt keine grosse Rolle. Mit einer geflochtenen Schnur k\u00f6nnen gr\u00f6ssere Distanzen erreicht werden.<br><br><b>Zubeh\u00f6r:<\/b> K\u00f6der (Wobbler, Spinner, Gummik\u00f6der), Netz, Polbrille, Kleinmaterial, Fischerwerkzeug (Zange, Messer, Schere, Fischt\u00f6ter) K\u00fchltasche<o:p><\/o:p><\/span><\/p>\n<\/td>\n<td>&nbsp;<\/td>\n<\/tr>\n<tr>\n<td>\n<p><strong>Weitere wichtige Infos<\/strong><\/p>\n<\/td>\n<td>\n<p>Versicherung ist Sache der Teilnehmer.<br><strong>Die K\u00f6der zum jeweiligen Thema von Stucki Thun und Fischen.ch im Wert von ca. Fr.60.00 werden von mir organisiert.<\/strong> <br>Die passende Ausr\u00fcstung (Rute &amp; Rolle) von Stucki Thun, kann auch zu einem Aufpreis von Fr.15.00 gemietet werden.<br><br>Ich bitte Euch, die Kursgeb\u00fchren und die allf\u00e4lligen Mietkosten nach Anmeldung einzuzahlen.<br>Kilian Schenk, Br\u00fcggstrasse 15, 3634 Thierachern<br>Twint ist m\u00f6glich!<br>CH21 0870 4044 6752 6411 9<\/p>\n<p>Abmeldungen 24 Stunden vor Kursbeginn werden aus organisatorischen Gr\u00fcnden verrechnet.<\/p>\n<p><br>Wir freuen uns sehr auf einen spannenden\/lehrreichen Tag am Gew\u00e4sser und bei Fragen k\u00f6nnt Ihr mich unter <a href=\"mailto:kilian.schenk@vtxfree.ch\">kilian.schenk@vtxfree.ch<\/a> erreichen.<br>Ich bem\u00fche mich um eine m\u00f6glichst schnelle R\u00fcckmeldung!<\/p><p style=\"margin-bottom:0cm;line-height:normal\"><i><span style=\"font-size:8.0pt;\nfont-family:&quot;Calibri&quot;,sans-serif;mso-ascii-theme-font:minor-latin;mso-hansi-theme-font:\nminor-latin;mso-bidi-font-family:&quot;Times New Roman&quot;;mso-bidi-font-weight:bold\">*AGB\u2019s:\nDa wir den Raum sowie die Helfer f\u00fcr diesen Tag organisieren, ist der volle\nBetrag ein Monat im Voraus f\u00e4llig.<\/span><\/i><i><span style=\"font-size:8.0pt;\nfont-family:&quot;Calibri&quot;,sans-serif;mso-ascii-theme-font:minor-latin;mso-hansi-theme-font:\nminor-latin;mso-bidi-theme-font:minor-latin;mso-bidi-font-weight:bold\"><br>\n<\/span><\/i><i><span style=\"font-size:8.0pt;font-family:&quot;Calibri&quot;,sans-serif;\nmso-ascii-theme-font:minor-latin;mso-hansi-theme-font:minor-latin;mso-bidi-font-family:\n&quot;Times New Roman&quot;;mso-bidi-font-weight:bold\">Bei Abmeldungen gelten folgende <\/span><\/i><b><i><span style=\"font-size:8.0pt;font-family:\n&quot;Calibri&quot;,sans-serif;mso-ascii-theme-font:minor-latin;mso-hansi-theme-font:\nminor-latin;mso-bidi-font-family:&quot;Times New Roman&quot;\">R\u00fcckerstattungsbedienungen:<\/span><\/i><\/b><i><span style=\"font-size:8.0pt;font-family:&quot;Calibri&quot;,sans-serif;mso-ascii-theme-font:\nminor-latin;mso-hansi-theme-font:minor-latin;mso-bidi-font-family:&quot;Times New Roman&quot;;\nmso-bidi-font-weight:bold\"><o:p><\/o:p><\/span><\/i><\/p><p style=\"margin-top:0cm;margin-right:0cm;margin-bottom:0cm;margin-left:21.3pt;\ntext-indent:-18.0pt;line-height:normal;mso-list:l0 level1 lfo1\"><!--[if !supportLists]--><span style=\"font-size:8.0pt;font-family:Symbol;mso-fareast-font-family:Symbol;\nmso-bidi-font-family:Symbol;mso-bidi-font-weight:bold;mso-bidi-font-style:italic\">\u00b7<span style=\"font:7.0pt &quot;Times New Roman&quot;\">&nbsp;&nbsp;&nbsp;&nbsp;&nbsp;&nbsp;&nbsp;\n<\/span><\/span><!--[endif]--><i><span style=\"font-size:8.0pt;font-family:\n&quot;Calibri&quot;,sans-serif;mso-ascii-theme-font:minor-latin;mso-hansi-theme-font:\nminor-latin;mso-bidi-font-family:&quot;Times New Roman&quot;;mso-bidi-font-weight:bold\">Abmeldungen\nbis zwei Wochen vor Kursbeginn: 75% der Zahlung werden zur\u00fcckerstattet<o:p><\/o:p><\/span><\/i><\/p><p style=\"margin-top:0cm;margin-right:0cm;margin-bottom:0cm;margin-left:21.3pt;\ntext-indent:-18.0pt;line-height:normal;mso-list:l0 level1 lfo1\"><!--[if !supportLists]--><span style=\"font-size:8.0pt;font-family:Symbol;mso-fareast-font-family:Symbol;\nmso-bidi-font-family:Symbol;mso-bidi-font-weight:bold;mso-bidi-font-style:italic\">\u00b7<span style=\"font:7.0pt &quot;Times New Roman&quot;\">&nbsp;&nbsp;&nbsp;&nbsp;&nbsp;&nbsp;&nbsp;\n<\/span><\/span><!--[endif]--><v:shapetype coordsize=\"21600,21600\" o:spt=\"75\" o:preferrelative=\"t\" path=\"m@4@5l@4@11@9@11@9@5xe\" filled=\"f\" stroked=\"f\">\n <v:stroke joinstyle=\"miter\">\n <v:formulas>\n  <v:f eqn=\"if lineDrawn pixelLineWidth 0\">\n  <v:f eqn=\"sum @0 1 0\">\n  <v:f eqn=\"sum 0 0 @1\">\n  <v:f eqn=\"prod @2 1 2\">\n  <v:f eqn=\"prod @3 21600 pixelWidth\">\n  <v:f eqn=\"prod @3 21600 pixelHeight\">\n  <v:f eqn=\"sum @0 0 1\">\n  <v:f eqn=\"prod @6 1 2\">\n  <v:f eqn=\"prod @7 21600 pixelWidth\">\n  <v:f eqn=\"sum @8 21600 0\">\n  <v:f eqn=\"prod @7 21600 pixelHeight\">\n  <v:f eqn=\"sum @10 21600 0\">\n <\/v:f><\/v:f><\/v:f><\/v:f><\/v:f><\/v:f><\/v:f><\/v:f><\/v:f><\/v:f><\/v:f><\/v:f><\/v:formulas>\n <v:path o:extrusionok=\"f\" gradientshapeok=\"t\" o:connecttype=\"rect\">\n <o:lock v:ext=\"edit\" aspectratio=\"t\">\n<\/o:lock><\/v:path><\/v:stroke><\/v:shapetype><v:shape o:spid=\"_x0000_s1026\" type=\"#_x0000_t75\" alt=\"Ein Bild, das Fisch, Fischprodukte, Meeresfr\u00fcchte, drau\u00dfen enth\u00e4lt.\n\nKI-generierte Inhalte k\u00f6nnen fehlerhaft sein.\" style=\"position: absolute; left: 0px; margin-left: 2pt; margin-top: 39.8pt; width: 207.25pt; height: 142.35pt; z-index: -251615232; visibility: visible;\" stroked=\"t\" strokecolor=\"windowText\" strokeweight=\"1.5pt\">\n <v:stroke joinstyle=\"round\">\n <v:imagedata src=\"file:\/\/\/C:\/Users\/Kilu\/AppData\/Local\/Temp\/msohtmlclip1\/01\/clip_image001.jpg\" o:title=\"Ein Bild, das Fisch, Fischprodukte, Meeresfr\u00fcchte, drau\u00dfen enth\u00e4lt.\n\nKI-generierte Inhalte k\u00f6nnen fehlerhaft sein\" croptop=\"19019f\" cropbottom=\"14301f\" cropright=\"3162f\">\n <w:wrap anchorx=\"margin\">\n<\/w:wrap><\/v:imagedata><\/v:stroke><\/v:shape><i><span style=\"font-size:8.0pt;font-family:&quot;Calibri&quot;,sans-serif;\nmso-ascii-theme-font:minor-latin;mso-hansi-theme-font:minor-latin;mso-bidi-font-family:\n&quot;Times New Roman&quot;;mso-bidi-font-weight:bold\">Abmeldungen bis eine Woche vor\nKursbeginn: 50% der Zahlung werden zur\u00fcckerstattet<\/span><\/i><\/p><p style=\"margin-top:0cm;margin-right:0cm;margin-bottom:0cm;margin-left:21.3pt;\ntext-indent:-18.0pt;line-height:normal;mso-list:l0 level1 lfo1\"><span style=\"text-indent: -18pt; font-size: 8pt; font-family: Symbol;\">\u00b7<span style=\"font:7.0pt &quot;Times New Roman&quot;\">&nbsp;&nbsp;&nbsp;&nbsp;&nbsp;&nbsp;&nbsp;\n<\/span><\/span><i style=\"text-indent: -18pt;\"><span style=\"font-size:8.0pt;font-family:\n&quot;Calibri&quot;,sans-serif;mso-ascii-theme-font:minor-latin;mso-hansi-theme-font:\nminor-latin;mso-bidi-font-family:&quot;Times New Roman&quot;;mso-bidi-font-weight:bold\">Bei\nAbmeldungen weniger als eine Woche vor Kursbeginn erfolgt keine R\u00fcckerstattung<\/span><\/i><\/p>\n<p><br><\/p>\n<\/td>\n<td>&nbsp;<\/td>\n<\/tr>\n<\/tbody>\n<\/table>\n<\/figure>\n<p><\/p>\n<figure class=\"wp-block-gallery-2 is-layout-flex wp-block-gallery-is-layout-flex\"><p><\/p>\n<figure><img decoding=\"async\" data-id=\"1562\" src=\"https:\/\/fischerkursebern.ch\/wp-content\/uploads\/2023\/12\/C07B032E-041B-4588-972E-67D34846CC8D-min1-scaled.jpeg\" alt=\"\"><p><\/p>\n<figcaption><strong>Wundersch\u00f6n gef\u00e4rbter Barsch vom Thunersee gefangen mit dem Dropshot System<\/strong><\/figcaption>\n<\/figure>\n<p><\/p>\n<figure><img decoding=\"async\" data-id=\"1557\" src=\"https:\/\/fischerkursebern.ch\/wp-content\/uploads\/2023\/12\/BECB93B2-C90F-44F2-9A71-071C0D8C84A5-min1-3000x4000.jpeg\" alt=\"\"><p><\/p>\n<figcaption><strong>Was f\u00fcr ein Brocken! Es gibt sie noch die grossen Barsche \ud83d\ude42<\/strong><\/figcaption>\n<\/figure>\n<p><\/p>\n<\/figure>\n<p><\/p>\n<p><\/p>\t\t\t\t\t\t\t\t<\/div>\n\t\t\t\t<\/div>\n\t\t\t\t\t<\/div>\n\t\t<\/div>\n\t\t\t\t\t<\/div>\n\t\t<\/section>\n\t\t\t\t<\/div>\n\t\t","protected":false},"excerpt":{"rendered":"<p>Modernes Eglifischen am Thunersee, Samstag 11.07.2026 Dropshot, Carolina Rig und Cheburashka Rig sind dir Fremd? Dann ist dieser Kurs genau das Richtige f\u00fcr dich \ud83d\ude42 Ein ganz spezieller Kurs f\u00fcr alle welche sich gerne etwas intensiver mit der Fischerei auf Barsche auseinander setzen m\u00f6chten. Wir treffen uns (anders als sonst) an einem Samstag Abend am Ufer des Thunersee um gemeinsam auf Egli zu fischen. Der Abend im Sommer eignet sich hervorragend um bis in die D\u00e4mmerung zu angeln. Bevor es ans Wasser geht zeigen wir euch einige g\u00e4ngige Methoden des modernen Eglifischens (Dropshot, Carolina Rig und Cheburashka Rig). Wir bauen &hellip;<\/p>\n","protected":false},"author":1,"featured_media":1799,"parent":172,"menu_order":7,"comment_status":"closed","ping_status":"closed","template":"","meta":{"footnotes":""},"class_list":["post-465","page","type-page","status-publish","has-post-thumbnail","hentry"],"_links":{"self":[{"href":"https:\/\/fischerkursebern.ch\/index.php?rest_route=\/wp\/v2\/pages\/465","targetHints":{"allow":["GET"]}}],"collection":[{"href":"https:\/\/fischerkursebern.ch\/index.php?rest_route=\/wp\/v2\/pages"}],"about":[{"href":"https:\/\/fischerkursebern.ch\/index.php?rest_route=\/wp\/v2\/types\/page"}],"author":[{"embeddable":true,"href":"https:\/\/fischerkursebern.ch\/index.php?rest_route=\/wp\/v2\/users\/1"}],"replies":[{"embeddable":true,"href":"https:\/\/fischerkursebern.ch\/index.php?rest_route=%2Fwp%2Fv2%2Fcomments&post=465"}],"version-history":[{"count":35,"href":"https:\/\/fischerkursebern.ch\/index.php?rest_route=\/wp\/v2\/pages\/465\/revisions"}],"predecessor-version":[{"id":1918,"href":"https:\/\/fischerkursebern.ch\/index.php?rest_route=\/wp\/v2\/pages\/465\/revisions\/1918"}],"up":[{"embeddable":true,"href":"https:\/\/fischerkursebern.ch\/index.php?rest_route=\/wp\/v2\/pages\/172"}],"wp:featuredmedia":[{"embeddable":true,"href":"https:\/\/fischerkursebern.ch\/index.php?rest_route=\/wp\/v2\/media\/1799"}],"wp:attachment":[{"href":"https:\/\/fischerkursebern.ch\/index.php?rest_route=%2Fwp%2Fv2%2Fmedia&parent=465"}],"curies":[{"name":"wp","href":"https:\/\/api.w.org\/{rel}","templated":true}]}}