{"id":455,"date":"2022-01-04T16:24:46","date_gmt":"2022-01-04T16:24:46","guid":{"rendered":"https:\/\/fischerkursebern.ch\/?page_id=455"},"modified":"2025-12-06T13:31:39","modified_gmt":"2025-12-06T13:31:39","slug":"kajakfischen-auf-hecht-und-egli-18-06-2022","status":"publish","type":"page","link":"https:\/\/fischerkursebern.ch\/?page_id=455","title":{"rendered":"Zapfen\/Spinnfischen auf Bachforellen an der Aare, So. 29.03.2026"},"content":{"rendered":"\t\t<div data-elementor-type=\"wp-page\" data-elementor-id=\"455\" class=\"elementor elementor-455\">\n\t\t\t\t\t\t<section class=\"elementor-section elementor-top-section elementor-element elementor-element-381128c elementor-section-boxed elementor-section-height-default elementor-section-height-default\" data-id=\"381128c\" data-element_type=\"section\">\n\t\t\t\t\t\t<div class=\"elementor-container elementor-column-gap-default\">\n\t\t\t\t\t<div class=\"elementor-column elementor-col-100 elementor-top-column elementor-element elementor-element-4042a4e3\" data-id=\"4042a4e3\" data-element_type=\"column\">\n\t\t\t<div class=\"elementor-widget-wrap elementor-element-populated\">\n\t\t\t\t\t\t<div class=\"elementor-element elementor-element-730485fc elementor-widget elementor-widget-text-editor\" data-id=\"730485fc\" data-element_type=\"widget\" data-widget_type=\"text-editor.default\">\n\t\t\t\t<div class=\"elementor-widget-container\">\n\t\t\t\t\t\t\t\t\t<h2>Zapfen\/Spinnfischen auf Bachforellen an der Aare, So. 29.03.2026<\/h2>\n<p><!-- \/wp:heading --><\/p>\n<p><!-- wp:spacer --><\/p>\n<div style=\"height: 100px;\" aria-hidden=\"true\">&nbsp;<\/div>\n<p><!-- \/wp:spacer --><\/p>\n<p><!-- wp:paragraph --><\/p>\n<p><strong>Du interessierst dich f\u00fcrs Fischen auf Bachforellen am Fliessgew\u00e4sser? Gerne teilen wir unsere jahrelange Erfahrung an der Aare<\/strong><strong>&nbsp;mit Dir \ud83d\ude42<\/strong><\/p>\n<p><!-- \/wp:paragraph --><\/p>\n<p><!-- wp:paragraph --><\/p>\n<p>Wir treffen uns am Sonntag 29.03.2026 p\u00fcnktlich um 7.00 Uhr an der Aare im Kanton Bern, um von dort aus auf Bachforellen zu fischen. (Genauer Standort wird dir noch mitgeteilt!) Gerne zeigen wir dir, wie wir genau vorgehen und auf was wir insbesondere Achten um zum Erfolg zu kommen. Die Aare eignet sich mit den vielen verschiedenen Str\u00f6mungsbereichen hervorragend f\u00fcr das Spinn- sowie Zapfenfischen. An diesem Kurs werden wir uns mit den verschiedenen K\u00f6derarten, Gew\u00e4ssern sowie Tipps und Tricks rund ums Fischen auf die Bachforellen besch\u00e4ftigen. Materialkunde sowie das Anwenden verschiedener Knoten werden uns durch den Tag begleiten. Ihr werdet die ganze Zeit von einem Helfer begleitet, welcher euch mit Tipps und Tricks zur Seite steht! Ich freue mich sehr auf diesen lehrreichen Tag und hoffe mit der ein oder anderen sch\u00f6nen Bachforelle aus der Aare.<\/p>\n<p><!-- \/wp:paragraph --><\/p>\n<p><!-- wp:paragraph --><\/p>\n<p><strong>Melde dich noch heute an! Der Kurs ist beschr\u00e4nkt auf 15 Teilnehmer\/innen&nbsp;<\/strong><\/p>\n<p><!-- \/wp:paragraph --><\/p>\n<p><!-- wp:table {\"className\":\"is-style-stripes\"} --><\/p>\n<figure>\n<table>\n<tbody>\n<tr>\n<td><strong>Datum<\/strong><\/td>\n<td>Sonntag, 29. M\u00e4rz 2026<\/td>\n<td>&nbsp;<\/td>\n<\/tr>\n<tr>\n<td><strong>Zeit<\/strong><\/td>\n<td>7.00 Uhr \u2013 ca. 12.30 Uhr<\/td>\n<td>&nbsp;<\/td>\n<\/tr>\n<tr>\n<td><strong>Treffpunkt<\/strong><\/td>\n<td>Der genaue Standort wird dir fr\u00fchzeitig mit der Einladung mitgeteilt. Es sind gen\u00fcgend Parkpl\u00e4tze vorhanden.<\/td>\n<td>&nbsp;<\/td>\n<\/tr>\n<tr>\n<td><strong>Mitnehmen<\/strong><\/td>\n<td><span style=\"font-size: 12.0pt; line-height: 105%; font-family: 'Arial',sans-serif; mso-fareast-font-family: Calibri; mso-fareast-theme-font: minor-latin; mso-font-kerning: 0pt; mso-ligatures: none; mso-ansi-language: DE-CH; mso-fareast-language: EN-US; mso-bidi-language: AR-SA;\">Wetterentsprechende Kleidung, gutes Schuhwerk, Verpflegung und bereits vorhandenes Fischermaterial,<br>sowie eine g\u00fcltige ID und Fischereipatent. Falls vorhanden bitte Watkleidung oder Gummistiefel mitnehmen.<\/span><\/td>\n<td>&nbsp;<\/td>\n<\/tr>\n<tr>\n<td><strong>Kursgeb\u00fchr<\/strong><\/td>\n<td>Fr. 100.00 (Erwachsene): Fr. 80.00 Jugendliche bis 16 Jahre<\/td>\n<td>&nbsp;<\/td>\n<\/tr>\n<tr>\n<td><strong>Tagespatent<\/strong><\/td>\n<td><span style=\"font-size: 12.0pt; line-height: 105%; font-family: 'Arial',sans-serif; mso-fareast-font-family: Calibri; mso-fareast-theme-font: minor-latin; mso-font-kerning: 0pt; mso-ligatures: none; mso-ansi-language: DE-CH; mso-fareast-language: EN-US; mso-bidi-language: AR-SA;\">Unter folgendem Link,<br>k\u00f6nnen die Tagespatene bequem von zu Hause aus auf dem Computer gekauft und<br>ausgedruckt werden. <\/span><span style=\"font-size: 11.0pt; line-height: 105%; font-family: 'Calibri',sans-serif; mso-ascii-theme-font: minor-latin; mso-fareast-font-family: Calibri; mso-fareast-theme-font: minor-latin; mso-hansi-theme-font: minor-latin; mso-bidi-font-family: 'Times New Roman'; mso-bidi-theme-font: minor-bidi; mso-font-kerning: 0pt; mso-ligatures: none; mso-ansi-language: DE-CH; mso-fareast-language: EN-US; mso-bidi-language: AR-SA;\"><a href=\"https:\/\/www.efj-shop.apps.be.ch\/\"><span style=\"font-size: 12.0pt; line-height: 105%; font-family: 'Arial',sans-serif;\">https:\/\/www.efj-shop.apps.be.ch\/<\/span><\/a><\/span><span style=\"font-size: 12.0pt; line-height: 105%; font-family: 'Arial',sans-serif; mso-fareast-font-family: Calibri; mso-fareast-theme-font: minor-latin; mso-font-kerning: 0pt; mso-ligatures: none; mso-ansi-language: DE-CH; mso-fareast-language: EN-US; mso-bidi-language: AR-SA;\"> Bitte wartet mit dem Patentkauf bis ca. 3 Tage vor<br>dem Kurs. Die Wetterbedingungen k\u00f6nnen immer wieder \u00e4ndern!<\/span><\/td>\n<td>&nbsp;<\/td>\n<\/tr>\n<tr>\n<td>\n<p><strong>Empfohlene Fischerausr\u00fcstung<\/strong><\/p>\n<\/td>\n<td>\n<p><strong><span style=\"font-size: 12pt; line-height: 105%; font-family: Arial, sans-serif; color: black; padding: 0cm; border: 1pt none windowtext;\">Rute:<\/span><\/strong><span style=\"font-size: 12.0pt; line-height: 105%; font-family: 'Arial',sans-serif; mso-fareast-font-family: Calibri; mso-fareast-theme-font: minor-latin; color: black; mso-font-kerning: 0pt; mso-ligatures: none; mso-ansi-language: DE-CH; mso-fareast-language: EN-US; mso-bidi-language: AR-SA;\">&nbsp;Ich empfehle f\u00fcr das Spinnfischen auf Bachforellen an der Aare eine Rute von 2.40-3.00m und einem Wurfgewicht von ca.15-40g. F\u00fcr das Zapfenfischen sollte die Rute nicht k\u00fcrzer als 3.50m sein, da wir immer direkten Kontakt zum Zapfen haben m\u00fcssen, damit beim Biss direkt angeschlagen werden kann.<\/span><\/p>\n<p><strong><span style=\"font-family: Arial, sans-serif; padding: 0cm; border: 1pt none windowtext;\">Rolle:<\/span><\/strong>&nbsp;Eine passende Rolle f\u00fcr das Spinn und Zapfenfischen sollte eine Gr\u00f6sse haben von 2500-3000er. Zum Zapfenfischen bew\u00e4hren sich nat\u00fcrlich auch die Wendelaufrollen, dies ben\u00f6tigt aber einiges mehr an Feingef\u00fchl als eine normale<br>Station\u00e4re Rolle.<\/p>\n<p><strong><span style=\"font-family: Arial, sans-serif; padding: 0cm; border: 1pt none windowtext;\">Zubeh\u00f6r:<\/span><\/strong>&nbsp;K\u00f6der (Wobbler, Spinner, Gummis, Material zum Zapfenfischen), Netz, Polbrille, Kleinmaterial, Fischerwerkzeug (Zange, Messer, Schere, Fischt\u00f6ter, Massband)<\/p>\n<\/td>\n<td>&nbsp;<\/td>\n<\/tr>\n<tr>\n<td>\n<p><strong>Weitere wichtige Infos<\/strong><\/p>\n<\/td>\n<td>\n<p>Versicherung ist Sache der Teilnehmer.<br>Die K\u00f6der zum jeweiligen Thema von Stucki Thun und Fischen.ch im Wert von ca. Fr.60.00 inkl. Lebendk\u00f6der zum Zapfenfischen werden von mir organisiert.<br>Die passende Ausr\u00fcstung (Rute &amp; Rolle) von Stucki Thun, kann auch zu einem Aufpreis von Fr.15.00 gemietet werden.<br>Ich bitte Euch, die Kursgeb\u00fchren und die allf\u00e4llige Mietkosten nach der Anmeldung einzuzahlen.<br>Kilian Schenk, Br\u00fcggstrasse 15, 3634 Thierachern <br>CH21 0870 4044 6752 6411 9<br>Twint ist m\u00f6glich!<\/p>\n<p>Abmeldungen 24 Stunden vor Kursbeginn werden aus organisatorischen Gr\u00fcnden verrechnet.<br>Wir freuen uns sehr auf einen spannenden\/lehrreichen Tag am Gew\u00e4sser und bei Fragen k\u00f6nnt Ihr mich unter <a href=\"mailto:kilian.schenk@vtxfree.ch\">kilian.schenk@vtxfree.ch<\/a> erreichen.<\/p>\n<p>Ich bem\u00fche mich um eine m\u00f6glichst schnelle R\u00fcckmeldung!<br><strong>Wichtig: <\/strong>Da wir das Wetter und auch die Wassermenge (Schneeschmelze) nicht beeinflussen k\u00f6nnen, informieren wir ein paar Tage im Voraus, ob der Kurs endg\u00fcltig stattfinden wird.<\/p>\n<p style=\"margin-bottom: 0cm; line-height: normal;\"><i><span style=\"font-size: 8.0pt; font-family: 'Calibri',sans-serif; mso-ascii-theme-font: minor-latin; mso-hansi-theme-font: minor-latin; mso-bidi-font-family: 'Times New Roman'; mso-bidi-font-weight: bold;\"><b>*AGB\u2019s:<br><\/b>Da wir den Raum sowie die Helfer f\u00fcr diesen Tag organisieren, ist der volle<br>Betrag ein Monat im Voraus f\u00e4llig.<\/span><\/i><i><span style=\"font-size: 8.0pt; font-family: 'Calibri',sans-serif; mso-ascii-theme-font: minor-latin; mso-hansi-theme-font: minor-latin; mso-bidi-theme-font: minor-latin; mso-bidi-font-weight: bold;\"><br><\/span><\/i><i><span style=\"font-size: 8.0pt; font-family: 'Calibri',sans-serif; mso-ascii-theme-font: minor-latin; mso-hansi-theme-font: minor-latin; mso-bidi-font-family: 'Times New Roman'; mso-bidi-font-weight: bold;\">Bei Abmeldungen gelten folgende <\/span><\/i><b><i><span style=\"font-size: 8.0pt; font-family: 'Calibri',sans-serif; mso-ascii-theme-font: minor-latin; mso-hansi-theme-font: minor-latin; mso-bidi-font-family: 'Times New Roman';\">R\u00fcckerstattungsbedienungen:<\/span><\/i><\/b><i><\/i><\/p>\n<p style=\"text-indent: -18.0pt; line-height: normal; mso-list: l0 level1 lfo1; margin: 0cm 0cm 0cm 21.3pt;\"><!-- [if !supportLists]--><span style=\"font-size: 8.0pt; font-family: Symbol; mso-fareast-font-family: Symbol; mso-bidi-font-family: Symbol; mso-bidi-font-weight: bold; mso-bidi-font-style: italic;\">\u00b7<span style=\"font: 7.0pt 'Times New Roman';\">&nbsp; &nbsp; &nbsp;&nbsp;<\/span><\/span><i><span style=\"font-size: 8.0pt; font-family: 'Calibri',sans-serif; mso-ascii-theme-font: minor-latin; mso-hansi-theme-font: minor-latin; mso-bidi-font-family: 'Times New Roman'; mso-bidi-font-weight: bold;\">Abmeldungen bis zwei Wochen vor Kursbeginn: 75% der Zahlung werden zur\u00fcckerstattet<\/span><\/i><\/p>\n<p style=\"text-indent: -18.0pt; line-height: normal; mso-list: l0 level1 lfo1; margin: 0cm 0cm 0cm 21.3pt;\"><!-- [if !supportLists]--><span style=\"font-size: 8.0pt; font-family: Symbol; mso-fareast-font-family: Symbol; mso-bidi-font-family: Symbol; mso-bidi-font-weight: bold; mso-bidi-font-style: italic;\">\u00b7<span style=\"font: 7.0pt 'Times New Roman';\">&nbsp;&nbsp;&nbsp;&nbsp;&nbsp;&nbsp;<\/span><\/span><i><span style=\"font-size: 8.0pt; font-family: 'Calibri',sans-serif; mso-ascii-theme-font: minor-latin; mso-hansi-theme-font: minor-latin; mso-bidi-font-family: 'Times New Roman'; mso-bidi-font-weight: bold;\">Abmeldungen bis eine Woche vor Kursbeginn: 50% der Zahlung werden zur\u00fcckerstattet<\/span><\/i><\/p>\n<p style=\"text-indent: -18.0pt; line-height: normal; mso-list: l0 level1 lfo1; margin: 0cm 0cm 0cm 21.3pt;\"><!-- [if !supportLists]--><span style=\"font-size: 8.0pt; font-family: Symbol; mso-fareast-font-family: Symbol; mso-bidi-font-family: Symbol; mso-bidi-font-weight: bold; mso-bidi-font-style: italic;\">\u00b7<span style=\"font: 7.0pt 'Times New Roman';\">&nbsp;&nbsp;&nbsp;&nbsp;&nbsp;&nbsp;<\/span><\/span><i><span style=\"font-size: 8.0pt; font-family: 'Calibri',sans-serif; mso-ascii-theme-font: minor-latin; mso-hansi-theme-font: minor-latin; mso-bidi-font-family: 'Times New Roman'; mso-bidi-font-weight: bold;\">Bei Abmeldungen weniger als eine Woche vor Kursbeginn erfolgt keine R\u00fcckerstattung<\/span><\/i><\/p>\n<\/td>\n<td>&nbsp;<\/td>\n<\/tr>\n<\/tbody>\n<\/table>\n<\/figure>\n<p><!-- \/wp:table --><\/p>\n<p><!-- wp:gallery {\"linkTo\":\"none\"} --><\/p>\n<figure><!-- wp:image {\"id\":806,\"sizeSlug\":\"large\",\"linkDestination\":\"none\"} --><p><\/p>\n<figure><img decoding=\"async\" src=\"https:\/\/fischerkursebern.ch\/wp-content\/uploads\/2022\/01\/michu-edited.png\" alt=\"\"><p><\/p>\n<figcaption><strong>Unser Kursleiter Mischu mit einer wundersch\u00f6nen Bachforelle aus der Aare<\/strong><\/figcaption>\n<\/figure>\n<p><!-- \/wp:image --><\/p>\n<p><!-- wp:image {\"id\":722,\"sizeSlug\":\"large\",\"linkDestination\":\"none\"} --><\/p>\n<figure><img decoding=\"async\" src=\"https:\/\/fischerkursebern.ch\/wp-content\/uploads\/2022\/01\/1054289D-F575-4FE0-A3E6-CE3ECDED5D08.jpeg\" alt=\"\"><p><\/p>\n<figcaption><strong>Flora und Fauna am Gew\u00e4sser<\/strong><\/figcaption>\n<\/figure>\n<p><!-- \/wp:image --><\/p>\n<p><!-- wp:image {\"id\":699,\"sizeSlug\":\"large\",\"linkDestination\":\"none\"} --><\/p>\n<figure><img decoding=\"async\" src=\"https:\/\/fischerkursebern.ch\/wp-content\/uploads\/2022\/01\/5B2C5BAF-1ADA-4986-967C-5A450B3E76E2.jpeg\" alt=\"\"><p><\/p>\n<figcaption><strong>Sch\u00f6ner Aaretiger vom&nbsp;<\/strong><\/figcaption>\n<\/figure>\n<p><!-- \/wp:image --><\/p>\n<\/figure>\n<p><!-- \/wp:gallery --><\/p>\t\t\t\t\t\t\t\t<\/div>\n\t\t\t\t<\/div>\n\t\t\t\t\t<\/div>\n\t\t<\/div>\n\t\t\t\t\t<\/div>\n\t\t<\/section>\n\t\t\t\t<\/div>\n\t\t","protected":false},"excerpt":{"rendered":"<p>Zapfen\/Spinnfischen auf Bachforellen an der Aare, So. 29.03.2026 &nbsp; Du interessierst dich f\u00fcrs Fischen auf Bachforellen am Fliessgew\u00e4sser? Gerne teilen wir unsere jahrelange Erfahrung an der Aare&nbsp;mit Dir \ud83d\ude42 Wir treffen uns am Sonntag 29.03.2026 p\u00fcnktlich um 7.00 Uhr an der Aare im Kanton Bern, um von dort aus auf Bachforellen zu fischen. (Genauer Standort wird dir noch mitgeteilt!) Gerne zeigen wir dir, wie wir genau vorgehen und auf was wir insbesondere Achten um zum Erfolg zu kommen. Die Aare eignet sich mit den vielen verschiedenen Str\u00f6mungsbereichen hervorragend f\u00fcr das Spinn- sowie Zapfenfischen. An diesem Kurs werden wir uns mit &hellip;<\/p>\n","protected":false},"author":1,"featured_media":1795,"parent":172,"menu_order":5,"comment_status":"closed","ping_status":"closed","template":"","meta":{"footnotes":""},"class_list":["post-455","page","type-page","status-publish","has-post-thumbnail","hentry"],"_links":{"self":[{"href":"https:\/\/fischerkursebern.ch\/index.php?rest_route=\/wp\/v2\/pages\/455","targetHints":{"allow":["GET"]}}],"collection":[{"href":"https:\/\/fischerkursebern.ch\/index.php?rest_route=\/wp\/v2\/pages"}],"about":[{"href":"https:\/\/fischerkursebern.ch\/index.php?rest_route=\/wp\/v2\/types\/page"}],"author":[{"embeddable":true,"href":"https:\/\/fischerkursebern.ch\/index.php?rest_route=\/wp\/v2\/users\/1"}],"replies":[{"embeddable":true,"href":"https:\/\/fischerkursebern.ch\/index.php?rest_route=%2Fwp%2Fv2%2Fcomments&post=455"}],"version-history":[{"count":45,"href":"https:\/\/fischerkursebern.ch\/index.php?rest_route=\/wp\/v2\/pages\/455\/revisions"}],"predecessor-version":[{"id":2034,"href":"https:\/\/fischerkursebern.ch\/index.php?rest_route=\/wp\/v2\/pages\/455\/revisions\/2034"}],"up":[{"embeddable":true,"href":"https:\/\/fischerkursebern.ch\/index.php?rest_route=\/wp\/v2\/pages\/172"}],"wp:featuredmedia":[{"embeddable":true,"href":"https:\/\/fischerkursebern.ch\/index.php?rest_route=\/wp\/v2\/media\/1795"}],"wp:attachment":[{"href":"https:\/\/fischerkursebern.ch\/index.php?rest_route=%2Fwp%2Fv2%2Fmedia&parent=455"}],"curies":[{"name":"wp","href":"https:\/\/api.w.org\/{rel}","templated":true}]}}