{"id":449,"date":"2022-01-04T16:22:20","date_gmt":"2022-01-04T16:22:20","guid":{"rendered":"https:\/\/fischerkursebern.ch\/?page_id=449"},"modified":"2025-12-06T13:28:06","modified_gmt":"2025-12-06T13:28:06","slug":"zapfen-spinnfischen-an-der-aare-10-04-2022","status":"publish","type":"page","link":"https:\/\/fischerkursebern.ch\/?page_id=449","title":{"rendered":"Bergbachfischen auf Bachforellen im Kanton Bern, Sa. 11.04.2026"},"content":{"rendered":"\t\t<div data-elementor-type=\"wp-page\" data-elementor-id=\"449\" class=\"elementor elementor-449\">\n\t\t\t\t\t\t<section class=\"elementor-section elementor-top-section elementor-element elementor-element-76f00c42 elementor-section-boxed elementor-section-height-default elementor-section-height-default\" data-id=\"76f00c42\" data-element_type=\"section\">\n\t\t\t\t\t\t<div class=\"elementor-container elementor-column-gap-default\">\n\t\t\t\t\t<div class=\"elementor-column elementor-col-100 elementor-top-column elementor-element elementor-element-2dfec49a\" data-id=\"2dfec49a\" data-element_type=\"column\">\n\t\t\t<div class=\"elementor-widget-wrap elementor-element-populated\">\n\t\t\t\t\t\t<div class=\"elementor-element elementor-element-69e773a6 elementor-widget elementor-widget-text-editor\" data-id=\"69e773a6\" data-element_type=\"widget\" data-widget_type=\"text-editor.default\">\n\t\t\t\t<div class=\"elementor-widget-container\">\n\t\t\t\t\t\t\t\t\t<p><\/p>\n<h2 class=\"wp-block-heading\">Bergbachfischen auf Bachforellen im Kanton Bern, Sa. 11.04.2026<\/h2>\n<p><\/p>\n<div style=\"height: 23px;\" aria-hidden=\"true\">&nbsp;<\/div>\n<p><\/p>\n<p><strong>Fischen auf Bachforellen an unseren Bergb\u00e4chen im Kanton Bern (Fildrich, Engstligen, Kander, Simme) \ud83d\ude42<\/strong><\/p>\n<p>Dieser Kurs ist unser diesj\u00e4hriges Highlight. Der Bachkurs findet nicht wie gewohnt an einem Sonntag, sondern an einem Samstag statt. Die Bergb\u00e4che welche wir an diesem Tag befischen werden, d\u00fcrfen nur am Montag, Mittwoch sowie am Samstag befischt werden. Da es eher kleiner B\u00e4che sind, werden wir auch nur in kleinen Gruppen unterwegs sein. Wir treffen uns am Samstag, 11.04.2026 p\u00fcnktlich um 7.30 Uhr. (Genauer Ort wird noch bekannt gegeben) um von dort aus an den den Bergb\u00e4chen im BEO auf Bachforellen zu fischen. Obwohl wir an diesem Kurs auch auf Bachforellen fischen werden, haben wir am Bergbach komplett andere Bedingungen wie an der Aare. An diesem Kurs werden wir uns mit den verschiedenen K\u00f6derarten, Gew\u00e4ssern sowie Tipps und Tricks rund ums Fischen auf die Bachforellen besch\u00e4ftigen. Materialkunde sowie das Anwenden verschiedener Knoten werden uns durch den Tag begleiten. Ihr werdet die ganze Zeit von einem Helfer begleitet, welcher euch mit Tipps und Tricks zur Seite steht! Ich freue mich sehr auf diesen lehrreichen Tag und hoffe mit der ein oder anderen sch\u00f6nen Bachforelle aus dem Berner Oberland.<\/p>\n<p><\/p>\n<p><strong>Melde dich noch heute an! Der Kurs ist beschr\u00e4nkt auf NUR 10 Kursteilnehmer\/innen \ud83d\ude42 <\/strong><\/p>\n<p><\/p>\n<figure>\n<table>\n<tbody>\n<tr>\n<td><strong>Datum<\/strong><\/td>\n<td>Samstag, 11.April 2026<\/td>\n<td>&nbsp;<\/td>\n<\/tr>\n<tr>\n<td><strong>Zeit<\/strong><\/td>\n<td>7.30 Uhr \u2013 ca. 13.00 Uhr<\/td>\n<td>&nbsp;<\/td>\n<\/tr>\n<tr>\n<td><strong>Treffpunkt<\/strong><\/td>\n<td>Der genaue Treffpunkt wird vor Kursbeginn noch bekannt gegeben<\/td>\n<td>&nbsp;<\/td>\n<\/tr>\n<tr>\n<td><strong>Mitnehmen<\/strong><\/td>\n<td>Da ich schon einige Kurse durchgef\u00fchrt habe und schon viel gesehen habe, liegt mir die wetterentsprechende <br>Kleidung sehr am Herzen. Gutes Schuhwerk, von Vorteil Wathosen, Verpflegung und bereits vorhandenes Fischermaterial, das g\u00fcltige Fischereipatent sowie eine g\u00fcltige ID.<\/td>\n<td>&nbsp;<\/td>\n<\/tr>\n<tr>\n<td><strong>Kursgeb\u00fchr<\/strong><\/td>\n<td>Fr. 100.00 (Erwachsene): Fr. 80.00 Jugendliche bis 16 Jahre<\/td>\n<td>&nbsp;<\/td>\n<\/tr>\n<tr>\n<td><strong>Tagespatent<\/strong><\/td>\n<td>\n<p><span style=\"font-style: normal; font-variant-ligatures: normal; font-variant-caps: normal; font-weight: 400; font-size: 12pt; line-height: 16.8px; font-family: Arial, sans-serif; color: #010000;\">Unter folgendem Link,<br>k\u00f6nnen die Tagespatene bequem von zu Hause aus auf dem Computer gekauft und<br>ausgedruckt werden.&nbsp;<\/span><span style=\"font-style: normal; font-variant-ligatures: normal; font-variant-caps: normal; font-weight: 400; font-size: 11pt; line-height: 15.4px; font-family: Calibri, sans-serif; color: #010000;\"><a style=\"transition-property: all;\" href=\"https:\/\/www.efj-shop.apps.be.ch\/\"><span style=\"font-size: 12pt; line-height: 16.8px; font-family: Arial, sans-serif;\">https:\/\/www.efj-shop.apps.be.ch\/<\/span><\/a><\/span><span style=\"font-style: normal; font-variant-ligatures: normal; font-variant-caps: normal; font-weight: 400; font-size: 12pt; line-height: 16.8px; font-family: Arial, sans-serif; color: #010000;\">&nbsp;Bitte wartet mit dem Patentkauf bis ca. 3 Tage vor<br>dem Kurs. Die Wetterbedingungen k\u00f6nnen immer wieder \u00e4ndern!<\/span><\/p>\n<\/td>\n<td>&nbsp;<\/td>\n<\/tr>\n<tr>\n<td>\n<p><strong>Empfohlene Fischerausr\u00fcstung<\/strong><\/p>\n<\/td>\n<td><strong>Rute Spinnfischen:<\/strong> Die Rute sollte eine L\u00e4nge von 1.80-2.40m haben. Das Wurfgewicht wird im Bereich von 5-30g bevorzugt.<br><strong>Rolle Spinnfischen:<\/strong> Da in der Emme immer wieder mit grossen kampfstarken Fischen gerechnet werden muss, darf die Rolle ruhig in der Gr\u00f6sse 2000-3000 sein.<br><strong>Rute Zapfenfischen:<\/strong> Um den Zapfen genau zu f\u00fchren, braucht es f\u00fcr diesen Bereich eine Rutenl\u00e4nge von 3.50-4.20m. Das Wurfgewicht f\u00e4llt leichter aus mit -20g.<br><strong>Rolle Zapfenfischen:<\/strong> Die passende Rolle f\u00fcr das Zapfenfischen liegt wie auch beim Spinnfischen bei 2000-3000.<br>Zubeh\u00f6r: K\u00f6der (Spinner, L\u00f6ffeli, Wobbler, Gummifische, Zapfen, usw.), Kleinmaterial, Netz, Fischerwerkzeug.<\/td>\n<td>&nbsp;<\/td>\n<\/tr>\n<tr>\n<td>\n<p><strong>Weitere wichtige Infos<\/strong><\/p>\n<\/td>\n<td>\n<p style=\"font-style: normal; font-variant-ligatures: normal; font-variant-caps: normal; font-weight: 400; font-size: 16px; font-family: Roboto, sans-serif; text-indent: 0px; color: rgb(1, 0, 0);\">Versicherung ist Sache der Teilnehmer.<br>Die K\u00f6der zum jeweiligen Thema von Stucki Thun und Fischen.ch im Wert von ca. Fr.60.00 inkl. Lebendk\u00f6der zum Zapfenfischen werden von mir organisiert.<br>Die passende Ausr\u00fcstung (Rute &amp; Rolle) von Stucki Thun, kann auch zu einem Aufpreis von Fr.15.00 gemietet werden.<br>Ich bitte Euch, die Kursgeb\u00fchren und die allf\u00e4llige Mietkosten nach der Anmeldung einzuzahlen.<br>Kilian Schenk, Br\u00fcggstrasse 15, 3634 Thierachern<br>CH21 0870 4044 6752 6411 9<br>Twint ist m\u00f6glich!<\/p>\n<p style=\"font-style: normal; font-variant-ligatures: normal; font-variant-caps: normal; font-weight: 400; font-size: 16px; font-family: Roboto, sans-serif; text-indent: 0px; color: rgb(1, 0, 0);\">Abmeldungen 24 Stunden vor Kursbeginn werden aus organisatorischen Gr\u00fcnden verrechnet.<br>Wir freuen uns sehr auf einen spannenden\/lehrreichen Tag am Gew\u00e4sser und bei Fragen k\u00f6nnt Ihr mich unter&nbsp;<a href=\"mailto:kilian.schenk@vtxfree.ch\" style=\"transition-property: all;\">kilian.schenk@vtxfree.ch<\/a>&nbsp;erreichen.<\/p>\n<p style=\"font-style: normal; font-variant-ligatures: normal; font-variant-caps: normal; font-weight: 400; font-size: 16px; font-family: Roboto, sans-serif; text-indent: 0px; color: rgb(1, 0, 0);\">Ich bem\u00fche mich um eine m\u00f6glichst schnelle R\u00fcckmeldung!<br><strong>Wichtig:&nbsp;<\/strong>Da wir das Wetter und auch die Wassermenge (Schneeschmelze) nicht beeinflussen k\u00f6nnen, informieren wir ein paar Tage im Voraus, ob der Kurs endg\u00fcltig stattfinden wird.<\/p>\n<p style=\"margin-bottom: 0cm; font-style: normal; font-variant-ligatures: normal; font-variant-caps: normal; font-weight: 400; font-size: 16px; line-height: normal; font-family: Roboto, sans-serif; text-indent: 0px; color: rgb(1, 0, 0);\"><i><span style=\"font-size: 8pt; font-family: Calibri, sans-serif;\">*AGB\u2019s:<br>Da wir den Raum sowie die Helfer f\u00fcr diesen Tag organisieren, ist der volle<br>Betrag ein Monat im Voraus f\u00e4llig.<\/span><\/i><i><span style=\"font-size: 8pt; font-family: Calibri, sans-serif;\"><br><\/span><\/i><i><span style=\"font-size: 8pt; font-family: Calibri, sans-serif;\">Bei Abmeldungen gelten folgende&nbsp;<\/span><\/i><i><span style=\"font-size: 8pt; font-family: Calibri, sans-serif;\">R\u00fcckerstattungsbedienungen:<\/span><\/i><i><\/i><\/p>\n<p style=\"margin: 0cm 0cm 0cm 21.3pt; font-style: normal; font-variant-ligatures: normal; font-variant-caps: normal; font-weight: 400; font-size: 16px; line-height: normal; font-family: Roboto, sans-serif; text-indent: -18pt; color: rgb(1, 0, 0);\"><span style=\"font-size: 8pt; font-family: Symbol;\">\u00b7<span style=\"font: 7pt &quot;Times New Roman&quot;;\">&nbsp; &nbsp; &nbsp;&nbsp;<\/span><\/span><i><span style=\"font-size: 8pt; font-family: Calibri, sans-serif;\">Abmeldungen bis zwei Wochen vor Kursbeginn: 75% der Zahlung werden zur\u00fcckerstattet<\/span><\/i><\/p>\n<p style=\"margin: 0cm 0cm 0cm 21.3pt; font-style: normal; font-variant-ligatures: normal; font-variant-caps: normal; font-weight: 400; font-size: 16px; line-height: normal; font-family: Roboto, sans-serif; text-indent: -18pt; color: rgb(1, 0, 0);\"><span style=\"font-size: 8pt; font-family: Symbol;\">\u00b7<span style=\"font: 7pt &quot;Times New Roman&quot;;\">&nbsp;&nbsp;&nbsp;&nbsp;&nbsp;&nbsp;<\/span><\/span><i><span style=\"font-size: 8pt; font-family: Calibri, sans-serif;\">Abmeldungen bis eine Woche vor Kursbeginn: 50% der Zahlung werden zur\u00fcckerstattet<\/span><\/i><\/p>\n<p style=\"margin: 0cm 0cm 0cm 21.3pt; font-style: normal; font-variant-ligatures: normal; font-variant-caps: normal; font-weight: 400; font-size: 16px; line-height: normal; font-family: Roboto, sans-serif; text-indent: -18pt; color: rgb(1, 0, 0);\"><span style=\"font-size: 8pt; font-family: Symbol;\">\u00b7<span style=\"font: 7pt &quot;Times New Roman&quot;;\">&nbsp;&nbsp;&nbsp;&nbsp;&nbsp;&nbsp;<\/span><\/span><i><span style=\"font-size: 8pt; font-family: Calibri, sans-serif;\">Bei Abmeldungen weniger als eine Woche vor Kursbeginn erfolgt keine R\u00fcckerstattung<\/span><\/i><\/p>\n<\/td>\n<td>&nbsp;<\/td>\n<\/tr>\n<\/tbody>\n<\/table>\n<\/figure>\n<p><\/p>\n<figure class=\"wp-block-gallery-2 is-layout-flex wp-block-gallery-is-layout-flex\"><p><\/p>\n<figure><img decoding=\"async\" data-id=\"1602\" src=\"https:\/\/fischerkursebern.ch\/wp-content\/uploads\/2023\/12\/88295DE6-3D4B-4CA4-934E-3FF21F40AF66.jpg\" alt=\"\"><p><\/p>\n<figcaption><strong>Theorie und Praxis vor dem Kurs<\/strong><\/figcaption>\n<\/figure>\n<p><\/p>\n<figure><img decoding=\"async\" data-id=\"1564\" src=\"https:\/\/fischerkursebern.ch\/wp-content\/uploads\/2023\/12\/17E912B1-9227-4F0D-8C4D-CCB970F83316-min1-1-3000x4000.jpeg\" alt=\"\"><p><\/p>\n<figcaption><strong>Lust auf tolle Spots? Wir zeigen dir gerne wo \ud83d\ude42<\/strong><\/figcaption>\n<\/figure>\n<p><\/p>\n<figure><img decoding=\"async\" data-id=\"699\" src=\"https:\/\/fischerkursebern.ch\/wp-content\/uploads\/2022\/01\/5B2C5BAF-1ADA-4986-967C-5A450B3E76E2.jpeg\" alt=\"\"><p><\/p>\n<figcaption><strong>Sch\u00f6n gef\u00e4rbte Bachforellen, was will man mE<\/strong><\/figcaption>\n<\/figure>\n<p><\/p>\n<\/figure>\n<p><\/p>\t\t\t\t\t\t\t\t<\/div>\n\t\t\t\t<\/div>\n\t\t\t\t\t<\/div>\n\t\t<\/div>\n\t\t\t\t\t<\/div>\n\t\t<\/section>\n\t\t\t\t<\/div>\n\t\t","protected":false},"excerpt":{"rendered":"<p>Bergbachfischen auf Bachforellen im Kanton Bern, Sa. 11.04.2026 Fischen auf Bachforellen an unseren Bergb\u00e4chen im Kanton Bern (Fildrich, Engstligen, Kander, Simme) \ud83d\ude42 Dieser Kurs ist unser diesj\u00e4hriges Highlight. Der Bachkurs findet nicht wie gewohnt an einem Sonntag, sondern an einem Samstag statt. Die Bergb\u00e4che welche wir an diesem Tag befischen werden, d\u00fcrfen nur am Montag, Mittwoch sowie am Samstag befischt werden. Da es eher kleiner B\u00e4che sind, werden wir auch nur in kleinen Gruppen unterwegs sein. Wir treffen uns am Samstag, 11.04.2026 p\u00fcnktlich um 7.30 Uhr. (Genauer Ort wird noch bekannt gegeben) um von dort aus an den den Bergb\u00e4chen &hellip;<\/p>\n","protected":false},"author":1,"featured_media":1560,"parent":172,"menu_order":4,"comment_status":"closed","ping_status":"closed","template":"","meta":{"footnotes":""},"class_list":["post-449","page","type-page","status-publish","has-post-thumbnail","hentry"],"_links":{"self":[{"href":"https:\/\/fischerkursebern.ch\/index.php?rest_route=\/wp\/v2\/pages\/449","targetHints":{"allow":["GET"]}}],"collection":[{"href":"https:\/\/fischerkursebern.ch\/index.php?rest_route=\/wp\/v2\/pages"}],"about":[{"href":"https:\/\/fischerkursebern.ch\/index.php?rest_route=\/wp\/v2\/types\/page"}],"author":[{"embeddable":true,"href":"https:\/\/fischerkursebern.ch\/index.php?rest_route=\/wp\/v2\/users\/1"}],"replies":[{"embeddable":true,"href":"https:\/\/fischerkursebern.ch\/index.php?rest_route=%2Fwp%2Fv2%2Fcomments&post=449"}],"version-history":[{"count":33,"href":"https:\/\/fischerkursebern.ch\/index.php?rest_route=\/wp\/v2\/pages\/449\/revisions"}],"predecessor-version":[{"id":2031,"href":"https:\/\/fischerkursebern.ch\/index.php?rest_route=\/wp\/v2\/pages\/449\/revisions\/2031"}],"up":[{"embeddable":true,"href":"https:\/\/fischerkursebern.ch\/index.php?rest_route=\/wp\/v2\/pages\/172"}],"wp:featuredmedia":[{"embeddable":true,"href":"https:\/\/fischerkursebern.ch\/index.php?rest_route=\/wp\/v2\/media\/1560"}],"wp:attachment":[{"href":"https:\/\/fischerkursebern.ch\/index.php?rest_route=%2Fwp%2Fv2%2Fmedia&parent=449"}],"curies":[{"name":"wp","href":"https:\/\/api.w.org\/{rel}","templated":true}]}}