{"id":436,"date":"2022-01-04T16:16:53","date_gmt":"2022-01-04T16:16:53","guid":{"rendered":"https:\/\/fischerkursebern.ch\/?page_id=436"},"modified":"2025-12-06T11:26:41","modified_gmt":"2025-12-06T11:26:41","slug":"spinnfischen","status":"publish","type":"page","link":"https:\/\/fischerkursebern.ch\/?page_id=436","title":{"rendered":"Spinnfischen am Brienzersee auf Seeforellen, So. 08.02.2026"},"content":{"rendered":"<h2>Spinnfischen am Brienzersee auf Seeforellen, Sonntag. 08.02.2026<\/h2>\n<p><!-- \/wp:post-content --><!-- wp:spacer {\"height\":\"23px\"} --><\/p>\n&nbsp;\n<p><!-- \/wp:spacer --><!-- wp:paragraph --><\/p>\n<p><strong>Der Traum jedes Fischers, eine sch\u00f6ne, kampfstarke Seeforelle aus dem Brienzersee:-)<\/strong><\/p>\n<p><!-- \/wp:paragraph --><!-- wp:paragraph --><\/p>\n<p>Wir treffen uns am Sonntag, 08.02.2026 p\u00fcnktlich um 7.30 Uhr am Brienzersee, um von dort aus gemeinsam auf Seeforellen zu fischen. (Der Standort wird bei der Einladung bekannt gegeben und detailliert beschrieben) Der Brienzersee eignet sich mit seinem teils flachen aber auch sehr steilabfallenden Ufer bestens, um mit der Spinnrute den Seeforellen nachzustellen. Wir zeigen dir an diesem Kurs unsere beliebtesten Spots umgeben von einer einmaligen Landschaft. Der Brienzersee wird vielmals untersch\u00e4tzt, hat er doch einen guten Bestand an Seeforellen sowie auch an anderen Fischarten wie Z.b der Felche, dem Hecht sowie Barsch. An diesem Kurs werden wir uns mit den verschiedenen K\u00f6derarten, Gew\u00e4ssern rund um diesen sagenumwobenen Fisch der 1000 W\u00fcrfe besch\u00e4ftigen. Materialkunde, sowie das Anwenden verschiedener Knoten werden uns durch den Tag begleiten. Wir zeigen dir die verschiedenen Umgangsformen mit dem Wobbler, Spinner sowie L\u00f6ffel. W\u00e4hrend des kompletten Kurses werdet ihr von uns mit Tipps &amp; Tricks unterst\u00fctzt. Ich freue mich sehr auf diesen spannenden und lehrreichen Tag am Brienzersee! An diesem Tag ist Silber garantiert mehr wert als Gold! \ud83d\ude42<\/p>\n<p><!-- \/wp:paragraph --><!-- wp:paragraph --><\/p>\n<p><strong>Melde dich noch heute an, die Pl\u00e4tze sind limitiert auf 15 Kursteilnehmer\/innen. <\/strong><\/p>\n<p><!-- \/wp:paragraph --><!-- wp:columns {\"align\":\"full\"} --><\/p>\n<p><!-- wp:column {\"width\":\"100%\"} --><\/p>\n<p><!-- wp:columns --><\/p>\n<p><!-- wp:column {\"width\":\"80%\"} --><\/p>\n<p><!-- wp:group {\"align\":\"full\"} --><\/p>\n<p><!-- wp:columns --><\/p>\n<p><!-- wp:column {\"verticalAlignment\":\"center\",\"width\":\"100%\"} --><\/p>\n<p><!-- wp:group --><\/p>\n<p><!-- wp:columns --><\/p>\n<p><!-- wp:column {\"width\":\"100%\"} --><\/p>\n<p><!-- wp:columns --><\/p>\n<p><!-- wp:column {\"width\":\"100%\"} --><\/p>\n<p><!-- wp:group {\"align\":\"full\"} --><\/p>\n<p><!-- wp:group --><\/p>\n<p><!-- wp:table {\"className\":\"is-style-stripes\"} --><\/p>\n<figure>\n<table>\n<tbody>\n<tr>\n<td><strong>Datum<\/strong><\/td>\n<td data-align=\"left\">Sonntag, 08. Februar 2026<\/td>\n<\/tr>\n<tr>\n<td><strong>Zeit<\/strong><\/td>\n<td data-align=\"left\">7.30 Uhr \u2013 ca. 12.30 Uhr<\/td>\n<\/tr>\n<tr>\n<td><strong>Treffpunkt<\/strong><\/td>\n<td data-align=\"left\">Brienzersee im Kanton Bern. Der genaue Treffpunkt wird bei der Anmeldung bekannt gegeben<\/td>\n<\/tr>\n<tr>\n<td><strong>Mitnehmen<\/strong><\/td>\n<td data-align=\"left\">Warme und Wetterentsprechende Kleidung, gutes Schuhwerk, Verpflegung und bereits vorhandenes Fischermaterial, sowie eine g\u00fcltige ID und Fischereipatent. Wenn vorhanden sind Wathosen sowie Gummistiefel von Vorteil, damit man auch ins Wasser steigen kann.<\/td>\n<\/tr>\n<tr>\n<td><strong>Kursgeb\u00fchr<\/strong><\/td>\n<td data-align=\"left\">Fr. 100.00 (Erwachsene): Fr. 80.00 Jugendliche bis 16 Jahre<\/td>\n<\/tr>\n<tr>\n<td><strong>Tagespatent<\/strong><\/td>\n<td data-align=\"left\">Auf der Webseite <a href=\"https:\/\/www.efj-shop.apps.be.ch\/\">https:\/\/www.efj-shop.apps.be.ch\/<\/a> k\u00f6nnen die Patente bequem von zu Hause aus ausgef\u00fcllt und gedruckt werden. Bitte wartet jeweils mit dem Kaufen der Patente, da Kurse auch abgesagt werden k\u00f6nnen. Die Patente m\u00fcssen selber organisiert werden!<\/td>\n<\/tr>\n<tr>\n<td>\n<p><strong>Empfohlene Fischerausr\u00fcstung<\/strong><\/p>\n<\/td>\n<td data-align=\"left\">\n<p><strong>Rute:<\/strong> Ich empfehle f\u00fcr das Spinnfischen auf Seeforellen eine Rute von 2.40-3.00m und einem Wurfgewicht von ca. 20-50g.<\/p>\n<p><strong>Rolle:<\/strong> Eine passende Rolle sollte eine Gr\u00f6sse von 2500-4000 haben. Die Rolle kann etwas gr\u00f6sser gew\u00e4hlt werden, da wir vom Ufer aus weit auswerfen werden und so auch eine gewisse Menge an Schnur auf der Rolle sein muss. Ob geflochten oder Monofile spielt keine grosse Rolle. Mit einer geflochtenen Schnur k\u00f6nnen gr\u00f6ssere Distanzen erreicht werden.<\/p>\n<p><strong>Zubeh\u00f6r:<\/strong> K\u00f6der (Wobbler, Spinner, Gummik\u00f6der), Netz, Polbrille, Kleinmaterial, Fischerwerkzeug (Zange, Messer, Schere, Massband Fischt\u00f6ter)<\/p>\n<\/td>\n<\/tr>\n<tr>\n<td>\n<p><strong>Weitere wichtige Infos<\/strong><\/p>\n<\/td>\n<td data-align=\"left\">\n<p>Versicherung ist Sache der Teilnehmer.<br><strong>Die K\u00f6der zum jeweiligen Thema von Stucki Thun sowie Fischen.ch im Wert von ca. Fr.60.00 werden von mir organisiert. <\/strong>Die passende Ausr\u00fcstung (Rute &amp; Rolle) von Stucki Thun, kann auch zu einem Aufpreis von Fr.15.00 gemietet werden. (Solange Vorrat)<\/p>\n<p>Abmeldungen 24 Stunden vor Kursbeginn werden aus organisatorischen Gr\u00fcnden verrechnet.<br>Wir freuen uns sehr auf einen spannenden\/lehrreichen Tag am Gew\u00e4sser und bei Fragen k\u00f6nnt Ihr mich unter <a href=\"mailto:kilian.schenk@vtxfree.ch\">kilian.schenk@vtxfree.ch<\/a> erreichen.<br>Ich bem\u00fche mich um eine m\u00f6glichst schnelle R\u00fcckmeldung!<\/p>\n<p style=\"margin-bottom: 0cm; line-height: normal;\"><i>*AGB\u2019s: Da wir den Raum sowie die Helfer f\u00fcr diesen Tag organisieren, ist der volle Betrag ein Monat im Voraus f\u00e4llig.<\/i><i><br><\/i><i>Bei Abmeldungen gelten folgende <\/i><i>R\u00fcckerstattungsbedienungen:<\/i><i><\/i><\/p>\n<p style=\"text-indent: -18.0pt; line-height: normal; mso-list: l0 level1 lfo1; margin: 0cm 0cm 0cm 21.3pt;\"><!-- [if !supportLists]-->\u00b7&nbsp;&nbsp;&nbsp;&nbsp;&nbsp;&nbsp;&nbsp; <!--[endif]--><i>Abmeldungen bis zwei Wochen vor Kursbeginn: 75% der Zahlung werden zur\u00fcckerstattet<\/i><\/p>\n<p style=\"text-indent: -18.0pt; line-height: normal; mso-list: l0 level1 lfo1; margin: 0cm 0cm 0cm 21.3pt;\"><!-- [if !supportLists]-->\u00b7&nbsp;&nbsp;&nbsp;&nbsp;&nbsp;&nbsp;&nbsp; <!--[endif]--> <i>Abmeldungen bis eine Woche vor Kursbeginn: 50% der Zahlung werden zur\u00fcckerstattet<\/i><\/p>\n<p style=\"text-indent: -18.0pt; line-height: normal; mso-list: l0 level1 lfo1; margin: 0cm 0cm 0cm 21.3pt;\">\u00b7&nbsp;&nbsp;&nbsp;&nbsp;&nbsp;&nbsp;&nbsp; <i style=\"text-indent: -18pt;\">Bei Abmeldungen weniger als eine Woche vor Kursbeginn erfolgt keine R\u00fcckerstattung<\/i><\/p>\n<\/td>\n<\/tr>\n<\/tbody>\n<\/table>\n<\/figure>\n<p><!-- \/wp:table --><\/p>\n<p><!-- \/wp:group --><\/p>\n<p><!-- \/wp:group --><\/p>\n<p><!-- \/wp:column --><\/p>\n<p><!-- \/wp:columns --><\/p>\n<p><!-- \/wp:column --><\/p>\n<p><!-- \/wp:columns --><\/p>\n<p><!-- \/wp:group --><\/p>\n<p><!-- \/wp:column --><\/p>\n<p><!-- \/wp:columns --><\/p>\n<p><!-- \/wp:group --><\/p>\n<p><!-- \/wp:column --><\/p>\n<p><!-- \/wp:columns --><\/p>\n<p><!-- \/wp:column --><\/p>\n<p><!-- \/wp:columns --><!-- wp:group --><\/p>\n<p><!-- wp:gallery {\"linkTo\":\"none\"} --><\/p>\n<figure><!-- wp:image {\"id\":502,\"sizeSlug\":\"large\",\"linkDestination\":\"none\"} --><p><\/p>\n<figure><img decoding=\"async\" src=\"https:\/\/fischerkursebern.ch\/wp-content\/uploads\/2022\/01\/02570C27-747D-4A9B-936D-E6D6759E55EA-1024x710.jpeg\" alt=\"\"><p><\/p>\n<figcaption><strong>Die K\u00f6derboxen von Stucki Thun sind bereit!<\/strong><\/figcaption>\n<\/figure>\n<p><!-- \/wp:image --><!-- wp:image {\"id\":807,\"sizeSlug\":\"large\",\"linkDestination\":\"none\"} --><\/p>\n<figure><img decoding=\"async\" src=\"https:\/\/fischerkursebern.ch\/wp-content\/uploads\/2022\/01\/1CE7CC21-2CC5-45FC-8BC9-D23436A980E8-edited-1024x1024.jpeg\" alt=\"\"><p><\/p>\n<figcaption><strong>Das Silber vom Thunersee<\/strong><\/figcaption>\n<\/figure>\n<p><!-- \/wp:image --><!-- wp:image {\"id\":1198,\"sizeSlug\":\"large\",\"linkDestination\":\"none\"} --><\/p>\n<figure><img decoding=\"async\" src=\"https:\/\/fischerkursebern.ch\/wp-content\/uploads\/2022\/12\/E62754BA-86D4-4D3E-89DA-457B68C07CFC-1.jpeg\" alt=\"\"><p><\/p>\n<figcaption><strong>Fischen auf Seeforellen mit einer tollen Landschaf,<\/strong><\/figcaption>\n<\/figure>\n<p><!-- \/wp:image --><\/p>\n<\/figure>\n<p><!-- \/wp:gallery --><\/p>\n<p><!-- \/wp:group --><!-- wp:paragraph --><\/p>\n<p><!-- \/wp:paragraph --><\/p>","protected":false},"excerpt":{"rendered":"<p>Spinnfischen am Brienzersee auf Seeforellen, Sonntag. 08.02.2026 &nbsp; Der Traum jedes Fischers, eine sch\u00f6ne, kampfstarke Seeforelle aus dem Brienzersee:-) Wir treffen uns am Sonntag, 08.02.2026 p\u00fcnktlich um 7.30 Uhr am Brienzersee, um von dort aus gemeinsam auf Seeforellen zu fischen. (Der Standort wird bei der Einladung bekannt gegeben und detailliert beschrieben) Der Brienzersee eignet sich mit seinem teils flachen aber auch sehr steilabfallenden Ufer bestens, um mit der Spinnrute den Seeforellen nachzustellen. Wir zeigen dir an diesem Kurs unsere beliebtesten Spots umgeben von einer einmaligen Landschaft. Der Brienzersee wird vielmals untersch\u00e4tzt, hat er doch einen guten Bestand an Seeforellen sowie &hellip;<\/p>\n","protected":false},"author":1,"featured_media":548,"parent":172,"menu_order":2,"comment_status":"closed","ping_status":"closed","template":"","meta":{"footnotes":""},"class_list":["post-436","page","type-page","status-publish","has-post-thumbnail","hentry"],"_links":{"self":[{"href":"https:\/\/fischerkursebern.ch\/index.php?rest_route=\/wp\/v2\/pages\/436","targetHints":{"allow":["GET"]}}],"collection":[{"href":"https:\/\/fischerkursebern.ch\/index.php?rest_route=\/wp\/v2\/pages"}],"about":[{"href":"https:\/\/fischerkursebern.ch\/index.php?rest_route=\/wp\/v2\/types\/page"}],"author":[{"embeddable":true,"href":"https:\/\/fischerkursebern.ch\/index.php?rest_route=\/wp\/v2\/users\/1"}],"replies":[{"embeddable":true,"href":"https:\/\/fischerkursebern.ch\/index.php?rest_route=%2Fwp%2Fv2%2Fcomments&post=436"}],"version-history":[{"count":88,"href":"https:\/\/fischerkursebern.ch\/index.php?rest_route=\/wp\/v2\/pages\/436\/revisions"}],"predecessor-version":[{"id":1988,"href":"https:\/\/fischerkursebern.ch\/index.php?rest_route=\/wp\/v2\/pages\/436\/revisions\/1988"}],"up":[{"embeddable":true,"href":"https:\/\/fischerkursebern.ch\/index.php?rest_route=\/wp\/v2\/pages\/172"}],"wp:featuredmedia":[{"embeddable":true,"href":"https:\/\/fischerkursebern.ch\/index.php?rest_route=\/wp\/v2\/media\/548"}],"wp:attachment":[{"href":"https:\/\/fischerkursebern.ch\/index.php?rest_route=%2Fwp%2Fv2%2Fmedia&parent=436"}],"curies":[{"name":"wp","href":"https:\/\/api.w.org\/{rel}","templated":true}]}}