{"id":178,"date":"2021-11-16T13:41:58","date_gmt":"2021-11-16T13:41:58","guid":{"rendered":"https:\/\/fischerkursebern.ch\/?page_id=178"},"modified":"2025-12-04T17:43:44","modified_gmt":"2025-12-04T17:43:44","slug":"ueber-uns","status":"publish","type":"page","link":"https:\/\/fischerkursebern.ch\/?page_id=178","title":{"rendered":"\u00dcber uns"},"content":{"rendered":"\t\t<div data-elementor-type=\"wp-page\" data-elementor-id=\"178\" class=\"elementor elementor-178\">\n\t\t\t\t\t\t<section class=\"elementor-section elementor-top-section elementor-element elementor-element-452047fe elementor-section-boxed elementor-section-height-default elementor-section-height-default\" data-id=\"452047fe\" data-element_type=\"section\">\n\t\t\t\t\t\t<div class=\"elementor-container elementor-column-gap-default\">\n\t\t\t\t\t<div class=\"elementor-column elementor-col-100 elementor-top-column elementor-element elementor-element-1c279208\" data-id=\"1c279208\" data-element_type=\"column\">\n\t\t\t<div class=\"elementor-widget-wrap elementor-element-populated\">\n\t\t\t\t\t\t<div class=\"elementor-element elementor-element-50a3e573 elementor-widget elementor-widget-text-editor\" data-id=\"50a3e573\" data-element_type=\"widget\" data-widget_type=\"text-editor.default\">\n\t\t\t\t<div class=\"elementor-widget-container\">\n\t\t\t\t\t\t\t\t\t<p>Als ehemaliger Sana-Instruktor war es mir schon immer eine Herzensangelegenheit, sich um das Wohl unserer einheimischen Artenvielfalt zu k\u00fcmmern.<br \/>Mit der Idee Wissen, Sorgfalt und Nachhaltigkeit weiter zu geben, habe ich das Projekt &#8222;Fischerkurse im Kanton Bern&#8220; ins Leben gerufen.<br \/>Unser prim\u00e4res Ziel ist nicht das F\u00fcllen der Fangstatistik, sondern ein korrekter Umfang mit dem Lebewesen Fisch, sowie deren Lebensr\u00e4ume besser kennenzulernen.<\/p>\n<p>Um am Gew\u00e4sser Erfolg zu haben, ist nicht nur eine gute Ausstattung wichtig, auch das Beobachten der Gew\u00e4sser, Wetter und die Temperaturen\/Luftdruck sind fangentscheidend. Dazu ist es wichtig, die genauen Aufenthalte der Fische zu kennen (Spots), sowie mit dem richtigen K\u00f6der zur richtigen Zeit am richtigen Ort zu sein. Stimmen alle diese Faktoren \u00fcberein, steigen die Chancen, einen sch\u00f6nen Fisch zu fangen, enorm an. Dieses Wissen und unsere jahrelange Erfahrung m\u00f6chten wir unseren Kursteilnehmer\/innen weitergeben.<\/p>\n<p><!-- \/wp:paragraph --><\/p>\n<p><!-- wp:paragraph --><\/p>\n<p>Seit der Gr\u00fcndung der &#8222;Fischerkurse im Kanton Bern&#8220; im Jahr 2019 konnten wir in den letzten 6 Jahren ca. 700 Kursteilnehmer\/innen aus der ganzen Schweiz vom Wallis bis zum Bodensee in der Fischerei aus- und weiterbilden.<\/p>\n<p><!-- \/wp:paragraph --><\/p>\n<p><!-- wp:paragraph --><\/p>\n<p>Mir fr\u00f6ie \u00fcs uf di \ud83d\ude42<\/p>\n<p><!-- \/wp:paragraph --><\/p>\n<p><!-- wp:paragraph --><\/p>\n<p><b>NEU gibt es unsere Kurse auch als Gutschein<\/b><\/p>\n<p><!-- \/wp:paragraph --><\/p>\n<p><!-- wp:paragraph --><\/p>\n<p>Schenken macht immer Freude! Egal zu welchem Anlass, mit unseren Gutscheinen bist du auf der sicheren Seite.<\/p>\n<p><!-- \/wp:paragraph --><\/p>\n<p><!-- wp:paragraph --><\/p>\n<p>Gerne stellen wir dir einen Gutschein mit deinem Wunschbetrag zusammen\u00a0<\/p>\n<p><!-- \/wp:paragraph --><\/p>\n<p><!-- wp:paragraph --><\/p>\n<p>\u00dcbrigens: Wir konnten mit unserem Projekt nicht nur die Kursteilnehmer\/innen begeistern sondern auch namhafte Sponsoren aus der Region f\u00fcr uns gewinnen! <a href=\"https:\/\/fischerkursebern.ch\/?page_id=878\" data-type=\"page\" data-id=\"878\">Zu unseren Sponso<\/a>ren<\/p>\n<p><!-- \/wp:paragraph --><\/p>\n<p><!-- wp:paragraph --><\/p>\n<p><!-- \/wp:paragraph --><\/p>\n<p><!-- wp:paragraph --><\/p>\n<p><!-- \/wp:paragraph --><\/p>\n<p><!-- wp:paragraph --><\/p>\n<p><!-- \/wp:paragraph --><\/p>\n<p><!-- wp:paragraph --><\/p>\n<p><!-- \/wp:paragraph --><\/p>\n<p><!-- wp:paragraph --><\/p>\n<p><!-- \/wp:paragraph --><\/p>\t\t\t\t\t\t\t\t<\/div>\n\t\t\t\t<\/div>\n\t\t\t\t\t<\/div>\n\t\t<\/div>\n\t\t\t\t\t<\/div>\n\t\t<\/section>\n\t\t\t\t<\/div>\n\t\t","protected":false},"excerpt":{"rendered":"<p>Als ehemaliger Sana-Instruktor war es mir schon immer eine Herzensangelegenheit, sich um das Wohl unserer einheimischen Artenvielfalt zu k\u00fcmmern.Mit der Idee Wissen, Sorgfalt und Nachhaltigkeit weiter zu geben, habe ich das Projekt &#8222;Fischerkurse im Kanton Bern&#8220; ins Leben gerufen.Unser prim\u00e4res Ziel ist nicht das F\u00fcllen der Fangstatistik, sondern ein korrekter Umfang mit dem Lebewesen Fisch, sowie deren Lebensr\u00e4ume besser kennenzulernen. Um am Gew\u00e4sser Erfolg zu haben, ist nicht nur eine gute Ausstattung wichtig, auch das Beobachten der Gew\u00e4sser, Wetter und die Temperaturen\/Luftdruck sind fangentscheidend. Dazu ist es wichtig, die genauen Aufenthalte der Fische zu kennen (Spots), sowie mit dem richtigen &hellip;<\/p>\n","protected":false},"author":1,"featured_media":264,"parent":0,"menu_order":7,"comment_status":"closed","ping_status":"closed","template":"","meta":{"footnotes":""},"class_list":["post-178","page","type-page","status-publish","has-post-thumbnail","hentry"],"_links":{"self":[{"href":"https:\/\/fischerkursebern.ch\/index.php?rest_route=\/wp\/v2\/pages\/178","targetHints":{"allow":["GET"]}}],"collection":[{"href":"https:\/\/fischerkursebern.ch\/index.php?rest_route=\/wp\/v2\/pages"}],"about":[{"href":"https:\/\/fischerkursebern.ch\/index.php?rest_route=\/wp\/v2\/types\/page"}],"author":[{"embeddable":true,"href":"https:\/\/fischerkursebern.ch\/index.php?rest_route=\/wp\/v2\/users\/1"}],"replies":[{"embeddable":true,"href":"https:\/\/fischerkursebern.ch\/index.php?rest_route=%2Fwp%2Fv2%2Fcomments&post=178"}],"version-history":[{"count":29,"href":"https:\/\/fischerkursebern.ch\/index.php?rest_route=\/wp\/v2\/pages\/178\/revisions"}],"predecessor-version":[{"id":1965,"href":"https:\/\/fischerkursebern.ch\/index.php?rest_route=\/wp\/v2\/pages\/178\/revisions\/1965"}],"wp:featuredmedia":[{"embeddable":true,"href":"https:\/\/fischerkursebern.ch\/index.php?rest_route=\/wp\/v2\/media\/264"}],"wp:attachment":[{"href":"https:\/\/fischerkursebern.ch\/index.php?rest_route=%2Fwp%2Fv2%2Fmedia&parent=178"}],"curies":[{"name":"wp","href":"https:\/\/api.w.org\/{rel}","templated":true}]}}