{"id":1377,"date":"2023-11-16T16:16:59","date_gmt":"2023-11-16T16:16:59","guid":{"rendered":"https:\/\/fischerkursebern.ch\/?page_id=1377"},"modified":"2025-12-07T18:07:36","modified_gmt":"2025-12-07T18:07:36","slug":"fischerboot-mieten","status":"publish","type":"page","link":"https:\/\/fischerkursebern.ch\/?page_id=1377","title":{"rendered":"Fischerboot mieten Thunersee"},"content":{"rendered":"\n<h2 class=\"wp-block-heading\">Miete unser Top Ausgestattetes Fischerboot auf dem Thunersee <\/h2>\n\n\n\n<p>Du m\u00f6chtest einen gem\u00fctlichen Tag auf dem Wasser geniessen oder einen aufregenden Anglertag bei toller Bergsicht erleben? Dann ist unser Fischerboot genau das richtige f\u00fcr dich!<\/p>\n\n\n\n<p>Unser Boot ist perfekt ausger\u00fcstet um auf Felchen, Egli sowie Hecht und Seeforellen zu fischen. Da sich das Boot in Thun befindet, sind die besten Spots in unmittelbarer Reichweite und innert ein paar Minuten erreichbar. Da unser Boot \u00fcber eine Badeleiter sowie Sonnenschirm verf\u00fcgt, ist es nicht nur f\u00fcrs Angeln, sondern auch zum baden und entspannen auf dem wundersch\u00f6nen Thunersee geeignet!<\/p>\n\n\n\n<p>Bei uns entschiedest DU, wann und wo auf dem Thunersee fischen gehen m\u00f6chtest. Gerne stellen wir dir unser Fischerboot zu den unten genannten Konditionen zur Verf\u00fcgung.<\/p>\n\n\n\n<p><strong>Weitere Bilder von unserem Mietboot findest du weiter unten \ud83d\ude42<\/strong><\/p>\n\n\n\n<p><strong>Hier geht es direkt zum Leihvertrag von unserem Fischerboot \ud83d\ude42<\/strong> <a href=\"https:\/\/fischerkursebern.ch\/wp-content\/uploads\/2025\/12\/Leihvertrag-Fischerboot-2026.pdf\" target=\"_blank\" rel=\"noreferrer noopener\">Leihvertrag Fischerboot PDF<\/a><\/p>\n\n\n\n<figure class=\"wp-block-table is-style-stripes\"><table class=\"has-fixed-layout\"><tbody><tr><td><strong>Zeitpunkt: <\/strong>     <\/td><td class=\"has-text-align-left\" data-align=\"left\">Unser Fischerboot steht dir von Februar bis Mitte Oktober zur freien Verf\u00fcgung (Wetterbedingte \u00c4nderungen m\u00f6glich)<\/td><\/tr><tr><td><strong>Facts zum  Fischerboot<\/strong><\/td><td class=\"has-text-align-left\" data-align=\"left\"><strong>Boot:<\/strong> Sportsman Linder Aluboot<br><strong>Gr\u00f6sse:<\/strong> 401x164cm<br><strong>Anzahl Personen:<\/strong> 4<br><strong>Motor:<\/strong> Mercury Handstart 8PS <br><em>Unser Fischerboot kann pr\u00fcfungsfrei ab 16 Jahren benutzt werden.<\/em><br><br><strong>Inkl. folgendem Zubeh\u00f6r:<\/strong><br>&#8211; Ankerrolle mit ca. 60Meter Seil<br>&#8211; Sicherheitsausr\u00fcstung (Schwimmwesten, Bootshaken, Rote Flagge&#8230;)<br>&#8211; Bezintank gef\u00fcllt + Reservetank<br>&#8211; <strong>NEU<\/strong> Echolot\/Fishfinder Helix Humminbird 7 inkl. Seekarte<br>&#8211; 3er Rutenhalter<br>&#8211; 4 Rutenhalter f\u00fcrs schleppen auf Hecht und Egli<br>&#8211; Sonnenschirm<br>&#8211; 3-4 bequeme Sitze<br>&#8211; Badeleiter<\/td><\/tr><tr><td><strong>Mietgeb\u00fchren Fischerboot:<\/strong><\/td><td class=\"has-text-align-left\" data-align=\"left\"><strong>Du kannst unser Fischerboot zu folgenden Zeiten mieten:<\/strong><br><br><strong>&#8211; Ganzer Tag (12 Stunden) Fr.170.00 inkl. Benzin<br>&#8211; 1\/2 Tag (6 Stunden) Fr.120.00 inkl. Benzin<br>&#8211; Jede weitere Stunde Fr.30.00<br>&#8211; 4er Abo Fr.550.00 inkl. Benzin<\/strong><br><br>Alle obengenannten Leistungen sind auch als Gutschein erh\u00e4ltlich!<br>Die Preise sind inkl. Treibstoff + Versicherung<br><strong>Die Bezahlung erfolgt vor der Miete in Bar oder Twint + amtlicher Ausweis<\/strong><\/td><\/tr><tr><td><strong>Standort des Bootes:<\/strong><\/td><td class=\"has-text-align-left\" data-align=\"left\">Das Fischerboot befindet sich beim alten Lachenkanal in 3600 Thun. Das Boot steht auf einem Trockenplatz und wird mittels Winde in weniger als 5 Minuten eingew\u00e4ssert.<br>Es stehen sehr viele Parkpl\u00e4tze zur Verf\u00fcgung welche f\u00fcr Fr.4.00 pro Tag genutzt werden k\u00f6nnen.<br>Vom Bahnhof in Thun erreichst du das Boot zu Fuss in weniger als 15 Minuten.<br>Nat\u00fcrlich kann auch der Bus Nr. genommen werden \ud83d\ude42<a href=\"https:\/\/www.efj.vol.be.ch\/Webshop\"><br><\/a><\/td><\/tr><tr><td><strong>Wichtige Links zum Boot und der Fischerei:<\/strong><\/td><td class=\"has-text-align-left\" data-align=\"left\"><br><strong>Verhaltensregeln auf dem Thunersee<\/strong> <a href=\"https:\/\/www.seerettung-thunersee.ch\/images\/content\/downloads\/FlyerSeepolizeiVorschriften.pdf\">Uferabstand Thunersee<\/a> <br><strong>Anmeldeformular:<\/strong> <object data=\"https:\/\/fischerkursebern.ch\/wp-content\/uploads\/2023\/12\/Leihvertrag-Fischerboot-PDF.pdf\" type=\"application\/pdf\"><\/object><a href=\"https:\/\/fischerkursebern.ch\/wp-content\/uploads\/2025\/12\/Leihvertrag-Fischerboot-2026.pdf\" data-type=\"link\" data-id=\"https:\/\/fischerkursebern.ch\/wp-content\/uploads\/2024\/12\/Leihvertrag-Boot-2025-PDF.pdf\" target=\"_blank\" rel=\"noreferrer noopener\">Leihvertrag Fischerboot PDF<\/a><a href=\"https:\/\/fischerkursebern.ch\/wp-content\/uploads\/2023\/12\/Leihvertrag-Fischerboot-PDF.pdf\"><\/a><\/td><\/tr><tr><td><strong>Tagespatent l\u00f6sen:<\/strong><br><\/td><td class=\"has-text-align-left\" data-align=\"left\">Auf der Webseite <a href=\"https:\/\/www.efj-shop.apps.be.ch\/\">https:\/\/www.efj-shop.apps.be.ch\/<\/a><a href=\"https:\/\/www.efj.vol.be.ch\/Webshop\" data-type=\"URL\" data-id=\"https:\/\/www.efj.vol.be.ch\/Webshop\"><\/a> k\u00f6nnen die Fischereipatente bequem von zu Hause aus ausgef\u00fcllt und gedruckt werden. Die Patente m\u00fcssen selber organisiert werden.<br><\/td><\/tr><tr><td><br><strong>Weitere wichtige Infos:<\/strong><br><\/td><td class=\"has-text-align-left\" data-align=\"left\">Bei Interesse kannst du dich bei Kilian Schenk, 079 824 05 25 oder unter kilian.schenk@vtxfree.ch melden.<br>Ich bem\u00fche mich um eine m\u00f6glichst schnelle R\u00fcckmeldung!<br>Gerne erkl\u00e4re ich dir alle wichtigen Sachen, damit dir einem tollen Tag auf dem Thunersee nichts mehr im Wege steht.<br>Eine Einf\u00fchrung (Schriftlich+Video) sende ich dir gerne bei der Anmeldung gerne zu.<br><strong>Es ist jeder Bootsf\u00fchrer\/in f\u00fcr seine F\u00e4higkeiten und Kenntnisse selbst verantwortlich!<\/strong><br><strong>Versicherung ist Sache der Teilnehmer.<\/strong><br>Die allf\u00e4lligen Mietkosten m\u00fcssen vor dem Gebrauch des Bootes eingezahlt werden!<br>Kilian Schenk, Br\u00fcggstrasse 15, 3634 Thierachern <br>CH21 0870 4044 6752 6411 9<br>Twint ist m\u00f6glich!<br><strong>Abmeldungen 24 Stunden vor Mietbeginn werden aus organisatorischen Gr\u00fcnden verrechnet.<br>Bitte Informiere dich auch gut \u00fcber die Wetterlagen am Thunersee!<\/strong><br><br><\/td><\/tr><tr><td><\/td><td class=\"has-text-align-left\" data-align=\"left\"><br><br><br><br><\/td><\/tr><\/tbody><\/table><\/figure>\n\n\n\n<figure class=\"wp-block-gallery has-nested-images columns-default is-cropped wp-block-gallery-1 is-layout-flex wp-block-gallery-is-layout-flex\">\n<figure class=\"wp-block-image size-large\"><img fetchpriority=\"high\" decoding=\"async\" width=\"1500\" height=\"2000\" data-id=\"1634\" src=\"https:\/\/fischerkursebern.ch\/wp-content\/uploads\/2023\/12\/TLSC3608-min1.jpg\" alt=\"\" class=\"wp-image-1634\" srcset=\"https:\/\/fischerkursebern.ch\/wp-content\/uploads\/2023\/12\/TLSC3608-min1.jpg 1500w, https:\/\/fischerkursebern.ch\/wp-content\/uploads\/2023\/12\/TLSC3608-min1-768x1024.jpg 768w, https:\/\/fischerkursebern.ch\/wp-content\/uploads\/2023\/12\/TLSC3608-min1-1152x1536.jpg 1152w, https:\/\/fischerkursebern.ch\/wp-content\/uploads\/2023\/12\/TLSC3608-min1-800x1067.jpg 800w, https:\/\/fischerkursebern.ch\/wp-content\/uploads\/2023\/12\/TLSC3608-min1-512x683.jpg 512w\" sizes=\"(max-width: 1500px) 100vw, 1500px\" \/><figcaption class=\"wp-element-caption\"><strong>Sei dein eigener Kapit\u00e4n \ud83d\ude42<\/strong><\/figcaption><\/figure>\n\n\n\n<figure class=\"wp-block-image size-large\"><img decoding=\"async\" width=\"3000\" height=\"4000\" data-id=\"1612\" src=\"https:\/\/fischerkursebern.ch\/wp-content\/uploads\/2023\/12\/IMG_1882-min1-3000x4000.jpg\" alt=\"\" class=\"wp-image-1612\" srcset=\"https:\/\/fischerkursebern.ch\/wp-content\/uploads\/2023\/12\/IMG_1882-min1-3000x4000.jpg 3000w, https:\/\/fischerkursebern.ch\/wp-content\/uploads\/2023\/12\/IMG_1882-min1-768x1024.jpg 768w, https:\/\/fischerkursebern.ch\/wp-content\/uploads\/2023\/12\/IMG_1882-min1-1152x1536.jpg 1152w, https:\/\/fischerkursebern.ch\/wp-content\/uploads\/2023\/12\/IMG_1882-min1-1536x2048.jpg 1536w, https:\/\/fischerkursebern.ch\/wp-content\/uploads\/2023\/12\/IMG_1882-min1-scaled.jpg 1920w, https:\/\/fischerkursebern.ch\/wp-content\/uploads\/2023\/12\/IMG_1882-min1-800x1067.jpg 800w, https:\/\/fischerkursebern.ch\/wp-content\/uploads\/2023\/12\/IMG_1882-min1-512x683.jpg 512w\" sizes=\"(max-width: 3000px) 100vw, 3000px\" \/><figcaption class=\"wp-element-caption\"><strong>Unser Fischerboot ist bereit f\u00fcr einen Ausflug \ud83d\ude42<\/strong><\/figcaption><\/figure>\n\n\n\n<figure class=\"wp-block-image size-large\"><img decoding=\"async\" width=\"3000\" height=\"4000\" data-id=\"1631\" src=\"https:\/\/fischerkursebern.ch\/wp-content\/uploads\/2023\/12\/IMG_6512-min1-3000x4000.jpg\" alt=\"\" class=\"wp-image-1631\" srcset=\"https:\/\/fischerkursebern.ch\/wp-content\/uploads\/2023\/12\/IMG_6512-min1-3000x4000.jpg 3000w, https:\/\/fischerkursebern.ch\/wp-content\/uploads\/2023\/12\/IMG_6512-min1-768x1024.jpg 768w, https:\/\/fischerkursebern.ch\/wp-content\/uploads\/2023\/12\/IMG_6512-min1-1152x1536.jpg 1152w, https:\/\/fischerkursebern.ch\/wp-content\/uploads\/2023\/12\/IMG_6512-min1-1536x2048.jpg 1536w, https:\/\/fischerkursebern.ch\/wp-content\/uploads\/2023\/12\/IMG_6512-min1-scaled.jpg 1920w, https:\/\/fischerkursebern.ch\/wp-content\/uploads\/2023\/12\/IMG_6512-min1-800x1067.jpg 800w, https:\/\/fischerkursebern.ch\/wp-content\/uploads\/2023\/12\/IMG_6512-min1-512x683.jpg 512w\" sizes=\"(max-width: 3000px) 100vw, 3000px\" \/><figcaption class=\"wp-element-caption\"><strong>Egal ob f\u00fcrs Fischen auf Felchen, Egli, Hecht &amp; Co, unser Boot ist perfekt ausger\u00fcstet!<\/strong><\/figcaption><\/figure>\n<\/figure>\n\n\n\n<figure class=\"wp-block-gallery has-nested-images columns-default is-cropped wp-block-gallery-2 is-layout-flex wp-block-gallery-is-layout-flex\">\n<figure class=\"wp-block-image size-large\"><img loading=\"lazy\" decoding=\"async\" width=\"4000\" height=\"2295\" data-id=\"1546\" src=\"https:\/\/fischerkursebern.ch\/wp-content\/uploads\/2023\/11\/1CB6CC5C-8A16-464C-B5CE-A7FE2E2F3CBB-min-11-4000x2295.jpeg\" alt=\"\" class=\"wp-image-1546\" srcset=\"https:\/\/fischerkursebern.ch\/wp-content\/uploads\/2023\/11\/1CB6CC5C-8A16-464C-B5CE-A7FE2E2F3CBB-min-11-4000x2295.jpeg 4000w, https:\/\/fischerkursebern.ch\/wp-content\/uploads\/2023\/11\/1CB6CC5C-8A16-464C-B5CE-A7FE2E2F3CBB-min-11-768x441.jpeg 768w, https:\/\/fischerkursebern.ch\/wp-content\/uploads\/2023\/11\/1CB6CC5C-8A16-464C-B5CE-A7FE2E2F3CBB-min-11-1536x881.jpeg 1536w, https:\/\/fischerkursebern.ch\/wp-content\/uploads\/2023\/11\/1CB6CC5C-8A16-464C-B5CE-A7FE2E2F3CBB-min-11-2048x1175.jpeg 2048w, https:\/\/fischerkursebern.ch\/wp-content\/uploads\/2023\/11\/1CB6CC5C-8A16-464C-B5CE-A7FE2E2F3CBB-min-11-1920x1101.jpeg 1920w, https:\/\/fischerkursebern.ch\/wp-content\/uploads\/2023\/11\/1CB6CC5C-8A16-464C-B5CE-A7FE2E2F3CBB-min-11-800x459.jpeg 800w, https:\/\/fischerkursebern.ch\/wp-content\/uploads\/2023\/11\/1CB6CC5C-8A16-464C-B5CE-A7FE2E2F3CBB-min-11-512x294.jpeg 512w\" sizes=\"(max-width: 4000px) 100vw, 4000px\" \/><figcaption class=\"wp-element-caption\"><strong>So sieht unser Mietboot voll ausger\u00fcstet aus<\/strong> \ud83d\ude42<\/figcaption><\/figure>\n<\/figure>\n","protected":false},"excerpt":{"rendered":"<p>Miete unser Top Ausgestattetes Fischerboot auf dem Thunersee Du m\u00f6chtest einen gem\u00fctlichen Tag auf dem Wasser geniessen oder einen aufregenden Anglertag bei toller Bergsicht erleben? Dann ist unser Fischerboot genau das richtige f\u00fcr dich! Unser Boot ist perfekt ausger\u00fcstet um auf Felchen, Egli sowie Hecht und Seeforellen zu fischen. Da sich das Boot in Thun befindet, sind die besten Spots in unmittelbarer Reichweite und innert ein paar Minuten erreichbar. Da unser Boot \u00fcber eine Badeleiter sowie Sonnenschirm verf\u00fcgt, ist es nicht nur f\u00fcrs Angeln, sondern auch zum baden und entspannen auf dem wundersch\u00f6nen Thunersee geeignet! Bei uns entschiedest DU, wann &hellip;<\/p>\n","protected":false},"author":1,"featured_media":1929,"parent":0,"menu_order":0,"comment_status":"closed","ping_status":"closed","template":"","meta":{"footnotes":""},"class_list":["post-1377","page","type-page","status-publish","has-post-thumbnail","hentry"],"_links":{"self":[{"href":"https:\/\/fischerkursebern.ch\/index.php?rest_route=\/wp\/v2\/pages\/1377","targetHints":{"allow":["GET"]}}],"collection":[{"href":"https:\/\/fischerkursebern.ch\/index.php?rest_route=\/wp\/v2\/pages"}],"about":[{"href":"https:\/\/fischerkursebern.ch\/index.php?rest_route=\/wp\/v2\/types\/page"}],"author":[{"embeddable":true,"href":"https:\/\/fischerkursebern.ch\/index.php?rest_route=\/wp\/v2\/users\/1"}],"replies":[{"embeddable":true,"href":"https:\/\/fischerkursebern.ch\/index.php?rest_route=%2Fwp%2Fv2%2Fcomments&post=1377"}],"version-history":[{"count":101,"href":"https:\/\/fischerkursebern.ch\/index.php?rest_route=\/wp\/v2\/pages\/1377\/revisions"}],"predecessor-version":[{"id":2044,"href":"https:\/\/fischerkursebern.ch\/index.php?rest_route=\/wp\/v2\/pages\/1377\/revisions\/2044"}],"wp:featuredmedia":[{"embeddable":true,"href":"https:\/\/fischerkursebern.ch\/index.php?rest_route=\/wp\/v2\/media\/1929"}],"wp:attachment":[{"href":"https:\/\/fischerkursebern.ch\/index.php?rest_route=%2Fwp%2Fv2%2Fmedia&parent=1377"}],"curies":[{"name":"wp","href":"https:\/\/api.w.org\/{rel}","templated":true}]}}