{"id":1143,"date":"2022-12-27T13:32:46","date_gmt":"2022-12-27T13:32:46","guid":{"rendered":"https:\/\/fischerkursebern.ch\/?page_id=1143"},"modified":"2024-11-23T11:18:36","modified_gmt":"2024-11-23T11:18:36","slug":"private-bootskurse-am-thuner-und-murtensee","status":"publish","type":"page","link":"https:\/\/fischerkursebern.ch\/?page_id=1143","title":{"rendered":"Private Bootskurse am Thuner- und Murtensee (Schleppen)"},"content":{"rendered":"\n<h2 class=\"wp-block-heading\"><strong>Private Bootskurse am Thuner- und Murtensee (Schleppen)<\/strong><\/h2>\n\n\n\n<p>In diesem Jahr bieten wir wiederum Schleppkurse auf Seeforellen und Hechte an. Ausgestattet mit einem grossz\u00fcgigen Motorboot mit Kabine und Heizung sowie 115PS startet der spannende Tag bei der Mole in Faulensee. Wir zeigen dir das 1&#215;1 der Schleppfischerei ( Materialkunde, Z\u00fcgell\u00e4nge, Seehunde, Vor und Nachteile der verschiedenen Schleppsystemen, K\u00f6der wie Perlmuttspangen, L\u00f6ffel, Wobbler, Gummik\u00f6der, Schleppsysteme, Echolot, Fishfinder, Man\u00f6ver, Str\u00f6mungen, Tiefseerolle&#8230;) Dieser Kurs ist exklusiv f\u00fcr 2-3 Personen gedacht welche einmal einen ganz speziellen Kurstag erleben m\u00f6chten. Begleitet werdet Ihr von Michu Portner sowie Kilian Schenk oder Adrian Sch\u00fcpbach, alle kennen sich in der Schleppfischerei bestens aus und konnten schon viele tolle Hecht\/Seeforelle fangen.<\/p>\n\n\n\n<p>Ab ca. Juni befindet sich Michu sein Boot wieder auf dem Murtensee. Dort geht es weiter mit dem befischen von Barschen, Hechte sowie mit etwas Gl\u00fcck Zander. Der Murtensee hat einen hervorragenden Bestand an Fischen und so k\u00f6nnen im Sommer auch Barsche mit Topwater K\u00f6der befischt werden. <\/p>\n\n\n\n<p>Die Chance einen sch\u00f6nen Fisch wie z.B Egli, Hecht ode Zander zu fangen ist an diesem Kurs am gr\u00f6ssten! Achtung Suchtpotenzial, die gezeigten Montagen sind fast immer und \u00fcberall ein Bringer \ud83d\ude42 W\u00e4hrend des kompletten Kurses werdet ihr von uns mit Tipps &amp; Tricks unterst\u00fctzt. Ich freue mich sehr auf diesen spannenden und lehrreichen Kurs auf dem Murtensee!<\/p>\n\n\n\n<p><\/p>\n\n\n\n<p><\/p>\n\n\n\n<p>Melde dich noch heute an, die Pl\u00e4tze sind limitiert auf 2-3 Personen. <\/p>\n\n\n\n<p><strong>Der Kurs findet ab 2 Personen statt!<\/strong><\/p>\n\n\n\n<figure class=\"wp-block-table is-style-stripes\"><table><tbody><tr><td><strong>Datum<\/strong><\/td><td>Seeforellenschleppen am Thunersee von Februar &#8211; ca.Juni<br>Hechtschleppen auf dem Thunersee von Mai &#8211; ca.Oktober<br>Zander\/Hecht und Eglifischen auf dem Murtensee ab ca. Juni &#8211; November<\/td><td><\/td><\/tr><tr><td><strong>Zeit<\/strong><\/td><td>Wir passen die Zeiten gerne dir an. Der Kurs findet jeweils einen halben Tag statt.<\/td><td><\/td><\/tr><tr><td><strong>Treffpunkt<\/strong><\/td><td>Der genaue Treffpunkt wird dir vor Kursbeginn noch bekannt gegeben. Es sind gen\u00fcgend Parkpl\u00e4tze vorhanden.<\/td><td><\/td><\/tr><tr><td><strong>Mitnehmen<\/strong><\/td><td>Da ich schon einige Kurse durchgef\u00fchrt habe und schon viel gesehen habe, liegt mir die wetterentsprechende <br>Kleidung sehr am Herzen. Gutes Schuhwerk, Verpflegung und bereits vorhandenes Fischermaterial, g\u00fcltiges Fischereipatent sowie eine g\u00fcltige ID.<\/td><td><\/td><\/tr><tr><td><strong>Kursgeb\u00fchr<\/strong><\/td><td>Fr. 300.00 f\u00fcr einen halben Tag nach deiner Wahl. (Inkl. passender K\u00f6derbox von Stucki Thun im Wert von ca. Fr.60.00 und Kursmaterial wie Ruten &amp; Rollen)<\/td><td><\/td><\/tr><tr><td><strong>Tagespatent<\/strong><br><\/td><td>Gastpatente k\u00f6nnen bei Kilian im Voraus zum Preis von Fr.15.00 reserviert werden (Solange Vorrat). Auf der Webseite <a href=\"https:\/\/www.efj-shop.apps.be.ch\/\">https:\/\/www.efj-shop.apps.be.ch\/<\/a> k\u00f6nnen <br>die Patente f\u00fcr den Kanton Bern bequem von zu Hause aus ausgef\u00fcllt und gedruckt werden. <br>F\u00fcr die Patente am Murtensee ist der Nachfolgende Link <a href=\"https:\/\/www.fr.ch\/de\/energie-landwirtschaft-und-umwelt\/fauna-und-biodiversitaet\/sektion-fauna-jagd-und-fischerei\/fischerei\/fischereipatente\">Fischereipatente | Staat Freiburg<\/a> <br>Bitte wartet jeweils mit dem Kaufen der Patente, da Kurse auch abgesagt werden k\u00f6nnen.<br><strong>Preise Tagespatente Kanton Bern:<\/strong><br>Erwachsene: Fr. 32.00<br>Jugendliche bis 16 Jahre: Fr. 20.00<br><strong>Preise Tagespatente Murtensee:<\/strong><br>Erwachsene: Fr. 15.00<br>Jugendliche : Fr.15.00<br><\/td><td><\/td><\/tr><tr><td><strong>Empfohlene Fischerausr\u00fcstung<\/strong><br><br><\/td><td><strong>Rute Egli:<\/strong>&nbsp;Ich empfehle f\u00fcr das Fischen auf Egli eine feine Rute von 1.90- 2.10m. Das optimale Wurfgewicht der Rute liegt im Bereich von ca. 5-20g<br><strong>Rute Hecht:<\/strong>&nbsp;F\u00fcrs Hechtfischen empfehle ich eine Rute von 2.40-3.00m und einem Wurfgewicht von ca. 20-50g.<br><strong>Rolle Egli:<\/strong>&nbsp;Die Rolle beim Eglifischen wird klein gehalten (1000-2000er) Diese passt optimal zur leichten Rute.<br>Ob geflochten oder Monofil spielt keine grosse Rolle. Mit einer geflochtenen Schnur k\u00f6nnen gr\u00f6ssere Distanzen erreicht werden<br><strong>Rolle Hecht:<\/strong>&nbsp;Eine passende Rolle sollte eine Gr\u00f6sse von 3000-4000 haben. Die Rolle kann etwas gr\u00f6sser gew\u00e4hlt werden, da wir vom Ufer aus weit auswerfen werden und so auch eine gewisse Menge an Schnur auf der Rolle sein muss. Ob geflochten oder Monofil spielt keine grosse Rolle. Mit einer geflochtenen Schnur k\u00f6nnen gr\u00f6ssere Distanzen erreicht werden.<br><strong>Zubeh\u00f6r:<\/strong>&nbsp;K\u00f6der (Wobbler, Spinner, Gummis), Netz, Polbrille, Kleinmaterial, Fischerwerkzeug (Zange, Messer, Schere, Fischt\u00f6ter)<br>An diesem Kurs k\u00f6nnen tolle Ruten und Rollen von Stucki Thun getestet werden.!<\/td><td><\/td><\/tr><tr><td><strong>Weitere wichtige Infos<\/strong><br><br><\/td><td>Versicherung ist Sache der Teilnehmer.<br><strong>Die K\u00f6der zum jeweiligen Thema von Stucki Thun und Fischen.ch im Wert von ca. Fr.60.00 werden von mir organisiert.<\/strong> Die passende Ausr\u00fcstung (Rute &amp; Rolle) von Stucki Thun, legen wir dir alles bereit.<br>Bitte teile mir mit, falls du eine Wunschkombo von Stucki hast damit ich das Material bestellen kann.<br>Ich bitte Euch die Kursgeb\u00fchren und die allf\u00e4llige Mietkosten bis ca. 3 Wochen vor Kursbeginn einzuzahlen.<br>Kilian Schenk, Br\u00fcggstrasse 15, 3634 Thierachern<br>Twint ist m\u00f6glich!<br>CH21 0870 4044 6752 6411 9<br>Abmeldungen 24 Stunden vor Kursbeginn werden aus organisatorischen Gr\u00fcnden verrechnet.<br>Wir freuen uns sehr auf einen spannenden\/lehrreichen Tag am Gew\u00e4sser und bei Fragen k\u00f6nnt Ihr mich unter <a href=\"mailto:kilian.schenk@vtxfree.ch\">kilian.schenk@vtxfree.ch<\/a> erreichen.<br>Ich bem\u00fche mich um eine m\u00f6glichst schnelle R\u00fcckmeldung!<br>Der Kurs findet ab 2 Personen statt!<br><br><strong>AGB\u2019s:<\/strong><br><strong>Leider k\u00f6nnen wir keine Fischgarantie geben! Gemeinsam sind wir aber n\u00e4her am Fisch \ud83d\ude42<br>Da wir die K\u00f6derboxen sowie Helfer f\u00fcr diesen Tag organisieren ist der volle Betrag ein Monat im Voraus f\u00e4llig.<br>Bei Nichterscheinen am Kurstag kann keine R\u00fcckzahlung gew\u00e4hrleistet werden<br>Abmeldungen 2 Wochen vor Kursbeginn: 75% der Zahlung wird zur\u00fcck gezahlt<br>Abmeldungen 1 Woche vor Kursbeginn: 50% der Zahlung wird zur\u00fcck bezahlt<br>Wir bedanken uns f\u00fcr euer Verst\u00e4ndnis und freuen uns sehr auf diesen spannenden Kurstag<\/strong> \ud83d\ude42<\/td><td><\/td><\/tr><\/tbody><\/table><\/figure>\n\n\n\n<figure class=\"wp-block-gallery has-nested-images columns-default is-cropped wp-block-gallery-1 is-layout-flex wp-block-gallery-is-layout-flex\">\n<figure class=\"wp-block-image size-large\"><img fetchpriority=\"high\" decoding=\"async\" width=\"1200\" height=\"1600\" data-id=\"1571\" src=\"https:\/\/fischerkursebern.ch\/wp-content\/uploads\/2023\/12\/B57DE2A3-A7CC-43CD-884A-D33988753D28_1-min1.jpeg\" alt=\"\" class=\"wp-image-1571\" srcset=\"https:\/\/fischerkursebern.ch\/wp-content\/uploads\/2023\/12\/B57DE2A3-A7CC-43CD-884A-D33988753D28_1-min1.jpeg 1200w, https:\/\/fischerkursebern.ch\/wp-content\/uploads\/2023\/12\/B57DE2A3-A7CC-43CD-884A-D33988753D28_1-min1-768x1024.jpeg 768w, https:\/\/fischerkursebern.ch\/wp-content\/uploads\/2023\/12\/B57DE2A3-A7CC-43CD-884A-D33988753D28_1-min1-1152x1536.jpeg 1152w, https:\/\/fischerkursebern.ch\/wp-content\/uploads\/2023\/12\/B57DE2A3-A7CC-43CD-884A-D33988753D28_1-min1-800x1067.jpeg 800w, https:\/\/fischerkursebern.ch\/wp-content\/uploads\/2023\/12\/B57DE2A3-A7CC-43CD-884A-D33988753D28_1-min1-512x683.jpeg 512w\" sizes=\"(max-width: 1200px) 100vw, 1200px\" \/><figcaption class=\"wp-element-caption\"><strong>Michu&#8217;s Boot ist perfekt ausger\u00fcstet f\u00fcrs Schleppen auf Hecht und Seeforelle<\/strong><\/figcaption><\/figure>\n\n\n\n<figure class=\"wp-block-image size-large\"><img decoding=\"async\" width=\"1200\" height=\"1600\" data-id=\"1558\" src=\"https:\/\/fischerkursebern.ch\/wp-content\/uploads\/2023\/12\/EFDF5248-CAFB-46AE-AE55-AF357CC681DE-min1.jpeg\" alt=\"\" class=\"wp-image-1558\" srcset=\"https:\/\/fischerkursebern.ch\/wp-content\/uploads\/2023\/12\/EFDF5248-CAFB-46AE-AE55-AF357CC681DE-min1.jpeg 1200w, https:\/\/fischerkursebern.ch\/wp-content\/uploads\/2023\/12\/EFDF5248-CAFB-46AE-AE55-AF357CC681DE-min1-768x1024.jpeg 768w, https:\/\/fischerkursebern.ch\/wp-content\/uploads\/2023\/12\/EFDF5248-CAFB-46AE-AE55-AF357CC681DE-min1-1152x1536.jpeg 1152w, https:\/\/fischerkursebern.ch\/wp-content\/uploads\/2023\/12\/EFDF5248-CAFB-46AE-AE55-AF357CC681DE-min1-800x1067.jpeg 800w, https:\/\/fischerkursebern.ch\/wp-content\/uploads\/2023\/12\/EFDF5248-CAFB-46AE-AE55-AF357CC681DE-min1-512x683.jpeg 512w\" sizes=\"(max-width: 1200px) 100vw, 1200px\" \/><figcaption class=\"wp-element-caption\"><strong>Gerne erkl\u00e4ren wir dir das 1&#215;1 der Schleppfischerei<\/strong><\/figcaption><\/figure>\n\n\n\n<figure class=\"wp-block-image size-large\"><img decoding=\"async\" width=\"3000\" height=\"4000\" data-id=\"1569\" src=\"https:\/\/fischerkursebern.ch\/wp-content\/uploads\/2023\/12\/931833AB-7306-4AB6-A05F-B83CE0967D0D-min1-3000x4000.jpeg\" alt=\"\" class=\"wp-image-1569\" srcset=\"https:\/\/fischerkursebern.ch\/wp-content\/uploads\/2023\/12\/931833AB-7306-4AB6-A05F-B83CE0967D0D-min1-3000x4000.jpeg 3000w, https:\/\/fischerkursebern.ch\/wp-content\/uploads\/2023\/12\/931833AB-7306-4AB6-A05F-B83CE0967D0D-min1-768x1024.jpeg 768w, https:\/\/fischerkursebern.ch\/wp-content\/uploads\/2023\/12\/931833AB-7306-4AB6-A05F-B83CE0967D0D-min1-1152x1536.jpeg 1152w, https:\/\/fischerkursebern.ch\/wp-content\/uploads\/2023\/12\/931833AB-7306-4AB6-A05F-B83CE0967D0D-min1-1536x2048.jpeg 1536w, https:\/\/fischerkursebern.ch\/wp-content\/uploads\/2023\/12\/931833AB-7306-4AB6-A05F-B83CE0967D0D-min1-scaled.jpeg 1920w, https:\/\/fischerkursebern.ch\/wp-content\/uploads\/2023\/12\/931833AB-7306-4AB6-A05F-B83CE0967D0D-min1-800x1067.jpeg 800w, https:\/\/fischerkursebern.ch\/wp-content\/uploads\/2023\/12\/931833AB-7306-4AB6-A05F-B83CE0967D0D-min1-512x683.jpeg 512w\" sizes=\"(max-width: 3000px) 100vw, 3000px\" \/><figcaption class=\"wp-element-caption\"><strong>Tolle Morgenstimmung am Murtensee<\/strong><\/figcaption><\/figure>\n<\/figure>\n","protected":false},"excerpt":{"rendered":"<p>Private Bootskurse am Thuner- und Murtensee (Schleppen) In diesem Jahr bieten wir wiederum Schleppkurse auf Seeforellen und Hechte an. Ausgestattet mit einem grossz\u00fcgigen Motorboot mit Kabine und Heizung sowie 115PS startet der spannende Tag bei der Mole in Faulensee. Wir zeigen dir das 1&#215;1 der Schleppfischerei ( Materialkunde, Z\u00fcgell\u00e4nge, Seehunde, Vor und Nachteile der verschiedenen Schleppsystemen, K\u00f6der wie Perlmuttspangen, L\u00f6ffel, Wobbler, Gummik\u00f6der, Schleppsysteme, Echolot, Fishfinder, Man\u00f6ver, Str\u00f6mungen, Tiefseerolle&#8230;) Dieser Kurs ist exklusiv f\u00fcr 2-3 Personen gedacht welche einmal einen ganz speziellen Kurstag erleben m\u00f6chten. Begleitet werdet Ihr von Michu Portner sowie Kilian Schenk oder Adrian Sch\u00fcpbach, alle kennen sich in &hellip;<\/p>\n","protected":false},"author":1,"featured_media":1571,"parent":0,"menu_order":0,"comment_status":"closed","ping_status":"closed","template":"","meta":{"footnotes":""},"class_list":["post-1143","page","type-page","status-publish","has-post-thumbnail","hentry"],"_links":{"self":[{"href":"https:\/\/fischerkursebern.ch\/index.php?rest_route=\/wp\/v2\/pages\/1143","targetHints":{"allow":["GET"]}}],"collection":[{"href":"https:\/\/fischerkursebern.ch\/index.php?rest_route=\/wp\/v2\/pages"}],"about":[{"href":"https:\/\/fischerkursebern.ch\/index.php?rest_route=\/wp\/v2\/types\/page"}],"author":[{"embeddable":true,"href":"https:\/\/fischerkursebern.ch\/index.php?rest_route=\/wp\/v2\/users\/1"}],"replies":[{"embeddable":true,"href":"https:\/\/fischerkursebern.ch\/index.php?rest_route=%2Fwp%2Fv2%2Fcomments&post=1143"}],"version-history":[{"count":14,"href":"https:\/\/fischerkursebern.ch\/index.php?rest_route=\/wp\/v2\/pages\/1143\/revisions"}],"predecessor-version":[{"id":1763,"href":"https:\/\/fischerkursebern.ch\/index.php?rest_route=\/wp\/v2\/pages\/1143\/revisions\/1763"}],"wp:featuredmedia":[{"embeddable":true,"href":"https:\/\/fischerkursebern.ch\/index.php?rest_route=\/wp\/v2\/media\/1571"}],"wp:attachment":[{"href":"https:\/\/fischerkursebern.ch\/index.php?rest_route=%2Fwp%2Fv2%2Fmedia&parent=1143"}],"curies":[{"name":"wp","href":"https:\/\/api.w.org\/{rel}","templated":true}]}}