{"id":1136,"date":"2022-12-27T13:29:01","date_gmt":"2022-12-27T13:29:01","guid":{"rendered":"https:\/\/fischerkursebern.ch\/?page_id=1136"},"modified":"2025-12-06T11:51:50","modified_gmt":"2025-12-06T11:51:50","slug":"filetierkurs","status":"publish","type":"page","link":"https:\/\/fischerkursebern.ch\/?page_id=1136","title":{"rendered":"Filetierkurs beim Berufsfischer"},"content":{"rendered":"\t\t<div data-elementor-type=\"wp-page\" data-elementor-id=\"1136\" class=\"elementor elementor-1136\">\n\t\t\t\t\t\t<section class=\"elementor-section elementor-top-section elementor-element elementor-element-3ffa85c6 elementor-section-boxed elementor-section-height-default elementor-section-height-default\" data-id=\"3ffa85c6\" data-element_type=\"section\">\n\t\t\t\t\t\t<div class=\"elementor-container elementor-column-gap-default\">\n\t\t\t\t\t<div class=\"elementor-column elementor-col-100 elementor-top-column elementor-element elementor-element-2a55ffef\" data-id=\"2a55ffef\" data-element_type=\"column\">\n\t\t\t<div class=\"elementor-widget-wrap elementor-element-populated\">\n\t\t\t\t\t\t<div class=\"elementor-element elementor-element-12932069 elementor-widget elementor-widget-text-editor\" data-id=\"12932069\" data-element_type=\"widget\" data-widget_type=\"text-editor.default\">\n\t\t\t\t<div class=\"elementor-widget-container\">\n\t\t\t\t\t\t\t\t\t<h2><strong>Filetierkurs beim Berufsfischer, Samstag. 17.10.2026<br \/><\/strong><\/h2>\n<p><!-- \/wp:heading --><!-- wp:paragraph --><\/p>\n<p><strong>Probleme beim Filetieren? Wir zeigen dir ganz einfach wie es funktioniert \ud83d\ude42<\/strong><\/p>\n<p><!-- \/wp:paragraph --><!-- wp:paragraph --><\/p>\n<p>Wir treffen uns am Samstags, p\u00fcnktlich um 17.00 Uhr beim Parkplatz des Hotel Adler in Sigriswil. Von dort aus laufen wir ein kurzes St\u00fcck zu Johann von Gunten, unserem Berufsfischer des Thunersees. Nach einer professionellen Einf\u00fchrung ins Filetieren, habt ihr die M\u00f6glichkeit, an einigen frischgefangenen Weissfischen zu \u00fcben. Am Schluss kann jeder Teilnehmer\/in noch seine zur Verf\u00fcgung gestellten Fische fachgerecht filetieren und vakuumieren. Johann zeigt auch das Filetieren eines Hechtes inklusive dem Entfernen der m\u00fchsamen Y-Ger\u00e4ten. Dies allerdings nur, wenn sich in den Tagen zuvor auch ein Hecht fangen gelassen hat \u00a0Die Filetiermesser in verschiedenen Gr\u00f6ssen und St\u00e4rken sowie eine Sch\u00fcrze und Brettchen liegt f\u00fcr dich bereit. Die Verwertung des Fanges und das Zubereiten des Fisches geh\u00f6rt f\u00fcr mich genau gleich zum Fischen wie alles andere auch. Falls auch du mit dem Profi \u00fcben m\u00f6chtest, dann melde dich noch heute an. Dieser Kurs ist \u00e4usserst beliebt da an sehr vielen Fischen (Pro Person ca. 20 Fischen) ge\u00fcbt werden kann! Nach diesem Kurs kannst du definitiv filetieren\u00a0<\/p>\n<p><!-- \/wp:paragraph --><!-- wp:paragraph --><\/p>\n<p><strong>Der Kurs ist beschr\u00e4nkt auf 10 Personen!<\/strong><\/p>\n<p><!-- \/wp:paragraph --><!-- wp:table {\"hasFixedLayout\":true,\"className\":\"is-style-stripes\"} --><\/p>\n<figure>\n<table>\n<tbody>\n<tr>\n<td><strong>Datum<\/strong><\/td>\n<td>\n<p>Samstag, 18. April 2026<\/p>\n<p>Samstag, 17. Oktober 2026<\/p>\n<\/td>\n<\/tr>\n<tr>\n<td><strong>Zeit<\/strong><\/td>\n<td>17.00 Uhr \u2013 ca. 20.00 Uhr<\/td>\n<\/tr>\n<tr>\n<td><strong>Treffpunkt<\/strong><\/td>\n<td>Hotel Adler, Dorfstrasse 36, 3655 Sigriswil (Parkpl\u00e4tze sind gen\u00fcgend vorhanden).<\/td>\n<\/tr>\n<tr>\n<td><strong>Mitnehmen<\/strong><\/td>\n<td>Wenn bereits vorhanden: Filetiermesser, Filetiergabel, K\u00fchlbox um die Fische zu k\u00fchlen<\/td>\n<\/tr>\n<tr>\n<td><strong>Kursgeb\u00fchr<\/strong><\/td>\n<td>Fr. 100.00 (Erwachsene): Fr. 80.00 Jugendliche bis 16 Jahre<\/td>\n<\/tr>\n<tr>\n<td>\n<p><strong>Weitere wichtige Infos<\/strong><\/p>\n<\/td>\n<td>\n<p>Versicherung ist Sache der Teilnehmer.<br \/>Das Material wie verschiedene Filetiermesser, Bretter aus Holz sowie eine Sch\u00fcrze wird durch uns organisiert.\u00a0<\/p>\n<p>Ich bitte Euch, die Kursgeb\u00fchren und die allf\u00e4llige Kursgeb\u00fchr gleich nach der Anmeldung zu zahlen.<br \/>Kilian Schenk, Br\u00fcggstrasse 15, 3634 Thierachern <br \/>CH21 0870 4044 6752 6411 9<br \/>Twint ist m\u00f6glich!<\/p>\n<p>Abmeldungen 24 Stunden vor Kursbeginn werden aus organisatorischen Gr\u00fcnden verrechnet.<br \/>Wir freuen uns sehr auf einen spannenden\/lehrreichen Abend beim Berufsfischer und bei Fragen k\u00f6nnt Ihr mich unter 079 824 05 25 oder <a href=\"mailto:kilian.schenk@vtxfree.ch\">kilian.schenk@vtxfree.ch<\/a> erreichen.<br \/>Ich bem\u00fche mich um eine m\u00f6glichst schnelle R\u00fcckmeldung!<\/p>\n<p style=\"margin-bottom: 0cm; font-style: normal; font-variant-ligatures: normal; font-variant-caps: normal; font-weight: 400; font-size: 16px; line-height: normal; font-family: Roboto, sans-serif; text-indent: 0px; color: #100202;\"><i><span style=\"font-size: 8pt; font-family: Calibri, sans-serif;\">*AGB\u2019s: Da wir den Raum sowie die Helfer f\u00fcr diesen Tag organisieren, ist der volle Betrag ein Monat im Voraus f\u00e4llig.<\/span><\/i><i><span style=\"font-size: 8pt; font-family: Calibri, sans-serif;\"><br \/><\/span><\/i><i><span style=\"font-size: 8pt; font-family: Calibri, sans-serif;\">Bei Abmeldungen gelten folgende\u00a0<\/span><\/i><i><span style=\"font-size: 8pt; font-family: Calibri, sans-serif;\">R\u00fcckerstattungsbedienungen:<\/span><\/i><i><\/i><\/p>\n<p style=\"margin: 0cm 0cm 0cm 21.3pt; font-style: normal; font-variant-ligatures: normal; font-variant-caps: normal; font-weight: 400; font-size: 16px; line-height: normal; font-family: Roboto, sans-serif; text-indent: -18pt; color: #100202;\"><span style=\"font-size: 8pt; font-family: Symbol;\">\u00b7<span style=\"font: 7pt 'Times New Roman';\">\u00a0\u00a0\u00a0\u00a0\u00a0\u00a0\u00a0\u00a0<\/span><\/span><i><span style=\"font-size: 8pt; font-family: Calibri, sans-serif;\">Abmeldungen bis zwei Wochen vor Kursbeginn: 75% der Zahlung werden zur\u00fcckerstattet<\/span><\/i><\/p>\n<p style=\"margin: 0cm 0cm 0cm 21.3pt; font-style: normal; font-variant-ligatures: normal; font-variant-caps: normal; font-weight: 400; font-size: 16px; line-height: normal; font-family: Roboto, sans-serif; text-indent: -18pt; color: #100202;\"><span style=\"font-size: 8pt; font-family: Symbol;\">\u00b7<span style=\"font: 7pt 'Times New Roman';\">\u00a0\u00a0\u00a0\u00a0\u00a0\u00a0\u00a0\u00a0<\/span><\/span><i><span style=\"font-size: 8pt; font-family: Calibri, sans-serif;\">Abmeldungen bis eine Woche vor Kursbeginn: 50% der Zahlung werden zur\u00fcckerstattet<\/span><\/i><\/p>\n<p style=\"margin: 0cm 0cm 0cm 21.3pt; font-style: normal; font-variant-ligatures: normal; font-variant-caps: normal; font-weight: 400; font-size: 16px; line-height: normal; font-family: Roboto, sans-serif; text-indent: -18pt; color: #100202;\"><span style=\"font-size: 8pt; font-family: Symbol; text-indent: -18pt;\">\u00b7<span style=\"font: 7pt 'Times New Roman';\">\u00a0\u00a0\u00a0\u00a0\u00a0\u00a0\u00a0\u00a0<\/span><\/span><i style=\"text-indent: -18pt;\"><span style=\"font-size: 8pt; font-family: Calibri, sans-serif;\">Bei Abmeldungen weniger als eine Woche vor Kursbeginn erfolgt keine R\u00fcckerstattu<\/span><\/i><\/p>\n<p>\u00a0<\/p>\n<\/td>\n<\/tr>\n<\/tbody>\n<\/table>\n<\/figure>\n<p><!-- \/wp:table --><!-- wp:gallery {\"linkTo\":\"none\"} --><\/p>\n<figure><!-- wp:image {\"id\":1639,\"sizeSlug\":\"large\",\"linkDestination\":\"none\"} -->\n<p>\u00a0<\/p>\n<figure><img decoding=\"async\" src=\"https:\/\/fischerkursebern.ch\/wp-content\/uploads\/2023\/12\/IMG_2389-min1-edited-scaled.jpg\" alt=\"\" \/><\/figure>\n<p><!-- \/wp:image --><!-- wp:image {\"id\":1624,\"sizeSlug\":\"large\",\"linkDestination\":\"none\"} --><\/p>\n<figure><img decoding=\"async\" src=\"https:\/\/fischerkursebern.ch\/wp-content\/uploads\/2023\/12\/IMG_2375-min1-4000x3000.jpg\" alt=\"\" \/><\/figure>\n<p><!-- \/wp:image --><!-- wp:image {\"id\":1625,\"sizeSlug\":\"large\",\"linkDestination\":\"none\"} --><\/p>\n<figure><img decoding=\"async\" src=\"https:\/\/fischerkursebern.ch\/wp-content\/uploads\/2023\/12\/IMG_2380-min1-3000x4000.jpg\" alt=\"\" \/>\u00a0<\/figure>\n<p><!-- \/wp:image --><\/p>\n<\/figure>\n<p><!-- \/wp:gallery --><\/p>\t\t\t\t\t\t\t\t<\/div>\n\t\t\t\t<\/div>\n\t\t\t\t\t<\/div>\n\t\t<\/div>\n\t\t\t\t\t<\/div>\n\t\t<\/section>\n\t\t\t\t<\/div>\n\t\t","protected":false},"excerpt":{"rendered":"<p>Filetierkurs beim Berufsfischer, Samstag. 17.10.2026 Probleme beim Filetieren? Wir zeigen dir ganz einfach wie es funktioniert \ud83d\ude42 Wir treffen uns am Samstags, p\u00fcnktlich um 17.00 Uhr beim Parkplatz des Hotel Adler in Sigriswil. Von dort aus laufen wir ein kurzes St\u00fcck zu Johann von Gunten, unserem Berufsfischer des Thunersees. Nach einer professionellen Einf\u00fchrung ins Filetieren, habt ihr die M\u00f6glichkeit, an einigen frischgefangenen Weissfischen zu \u00fcben. Am Schluss kann jeder Teilnehmer\/in noch seine zur Verf\u00fcgung gestellten Fische fachgerecht filetieren und vakuumieren. Johann zeigt auch das Filetieren eines Hechtes inklusive dem Entfernen der m\u00fchsamen Y-Ger\u00e4ten. Dies allerdings nur, wenn sich in den &hellip;<\/p>\n","protected":false},"author":1,"featured_media":1554,"parent":0,"menu_order":0,"comment_status":"closed","ping_status":"closed","template":"","meta":{"footnotes":""},"class_list":["post-1136","page","type-page","status-publish","has-post-thumbnail","hentry"],"_links":{"self":[{"href":"https:\/\/fischerkursebern.ch\/index.php?rest_route=\/wp\/v2\/pages\/1136","targetHints":{"allow":["GET"]}}],"collection":[{"href":"https:\/\/fischerkursebern.ch\/index.php?rest_route=\/wp\/v2\/pages"}],"about":[{"href":"https:\/\/fischerkursebern.ch\/index.php?rest_route=\/wp\/v2\/types\/page"}],"author":[{"embeddable":true,"href":"https:\/\/fischerkursebern.ch\/index.php?rest_route=\/wp\/v2\/users\/1"}],"replies":[{"embeddable":true,"href":"https:\/\/fischerkursebern.ch\/index.php?rest_route=%2Fwp%2Fv2%2Fcomments&post=1136"}],"version-history":[{"count":26,"href":"https:\/\/fischerkursebern.ch\/index.php?rest_route=\/wp\/v2\/pages\/1136\/revisions"}],"predecessor-version":[{"id":2025,"href":"https:\/\/fischerkursebern.ch\/index.php?rest_route=\/wp\/v2\/pages\/1136\/revisions\/2025"}],"wp:featuredmedia":[{"embeddable":true,"href":"https:\/\/fischerkursebern.ch\/index.php?rest_route=\/wp\/v2\/media\/1554"}],"wp:attachment":[{"href":"https:\/\/fischerkursebern.ch\/index.php?rest_route=%2Fwp%2Fv2%2Fmedia&parent=1136"}],"curies":[{"name":"wp","href":"https:\/\/api.w.org\/{rel}","templated":true}]}}