{"id":1106,"date":"2022-12-23T14:33:32","date_gmt":"2022-12-23T14:33:32","guid":{"rendered":"https:\/\/fischerkursebern.ch\/?page_id=1106"},"modified":"2025-12-06T11:31:07","modified_gmt":"2025-12-06T11:31:07","slug":"filetierkurs","status":"publish","type":"page","link":"https:\/\/fischerkursebern.ch\/?page_id=1106","title":{"rendered":"Felchenfischen vom Ufer am Thunersee, So. 26.04.2026"},"content":{"rendered":"\t\t<div data-elementor-type=\"wp-page\" data-elementor-id=\"1106\" class=\"elementor elementor-1106\">\n\t\t\t\t\t\t<section class=\"elementor-section elementor-top-section elementor-element elementor-element-345042a1 elementor-section-boxed elementor-section-height-default elementor-section-height-default\" data-id=\"345042a1\" data-element_type=\"section\">\n\t\t\t\t\t\t<div class=\"elementor-container elementor-column-gap-default\">\n\t\t\t\t\t<div class=\"elementor-column elementor-col-100 elementor-top-column elementor-element elementor-element-d74e817\" data-id=\"d74e817\" data-element_type=\"column\">\n\t\t\t<div class=\"elementor-widget-wrap elementor-element-populated\">\n\t\t\t\t\t\t<div class=\"elementor-element elementor-element-448303a8 elementor-widget elementor-widget-text-editor\" data-id=\"448303a8\" data-element_type=\"widget\" data-widget_type=\"text-editor.default\">\n\t\t\t\t<div class=\"elementor-widget-container\">\n\t\t\t\t\t\t\t\t\t<h2>Felchenfischen vom Ufer am Thunersee, Sonntag 26.04.2026<\/h2>\n<div>&nbsp;<\/div>\n<p><!-- \/wp:heading --><!-- wp:spacer {\"height\":\"23px\"} \/--><!-- wp:paragraph --><\/p>\n<p><strong>Fischen auf Felchen vom Ufer wird immer beliebter! Kein Wunder, mit dem Wissen und der richtigen Technik werden immer wieder sch\u00f6ne Fische gefangen. Wir zeigen dir nicht nur wie, sondern auch wo \ud83d\ude42<\/strong><\/p>\n<p><!-- \/wp:paragraph --><!-- wp:paragraph --><\/p>\n<p>Wir treffen uns am Sonntag, 26.04.2026 p\u00fcnktlich um 7.00 Uhr am Thunersee (der genaue Standort wird bei der Einladung bekannt gegeben) um von dort aus gemeinsam auf Felchen, Barsche sowie Saiblinge zu fischen. Der Kurs findet an einer Mole statt wo das Wasser eine Tiefe von rund 20 Metern erreicht. Die Felchen insbesondere die Balchen ziehen im Fr\u00fchling immer wieder gerne um die sehr N\u00e4hrreichen Molen umher. Wir werden vertikal mit einer sehr feinen Felchenrute angeln und zudem erkl\u00e4ren wir dir sehr effektive Methoden mit dem Unterwasser sowie \u00dcberwasserzapfen. Diese Technik Felchen zu fangen gelingt vom Ufer aus sehr gut und kann in allen Seen eingesetzt werden. An diesem Kurs werden wir uns mit den verschiedenen K\u00f6derarten, Gew\u00e4ssern, rund um diesen sagenumwobenen Fisch besch\u00e4ftigen. Materialkunde, sowie das Anwenden verschiedener Knoten werden uns durch den Tag begleiten. Die Materialien wie diverse Hegenen\/ Gamben sowie Zapfen sind im Kursgeld inbegriffen. W\u00e4hrend des kompletten Kurses werdet ihr von uns mit Tipps &amp; Tricks rund ums Felchenfischen unterst\u00fctzt. Nebst Felchen werden auch immer wieder sch\u00f6ne Eglis, Hechte sowie Weissfische und mit viel Gl\u00fcck sogar eine Seeforelle gefangen \ud83d\ude42<\/p>\n<p><!-- \/wp:paragraph --><!-- wp:paragraph --><\/p>\n<p>In den vergangenen Jahren wurde dieser Kurs sehr gut besucht und es konnten immer viele Fische gefangen werden! Nat\u00fcrlich weisst du als Fischer, dass dies jedes Jahr\/Tag \u00e4ndern kann \ud83d\ude42<\/p>\n<p><!-- \/wp:paragraph --><!-- wp:paragraph --><\/p>\n<p>Ich freue mich sehr auf diesen spannenden und lehrreichen Tag am Thunersee!<\/p>\n<p><!-- \/wp:paragraph --><!-- wp:paragraph --><\/p>\n<p><strong>Melde dich noch heute an, die Pl\u00e4tze sind limitiert auf 15 Kursteilnehmer\/innen.<\/strong><\/p>\n<p><!-- \/wp:paragraph --><!-- wp:columns {\"align\":\"full\"} --><\/p>\n<div>\n<p><!-- wp:column {\"width\":\"100%\"} --><!-- wp:columns --><!-- wp:column {\"width\":\"80%\"} --><!-- wp:group {\"align\":\"full\"} --><!-- wp:columns --><!-- wp:column {\"verticalAlignment\":\"center\",\"width\":\"100%\"} --><!-- wp:group --><!-- wp:columns --><!-- wp:column {\"width\":\"100%\"} --><!-- wp:columns --><!-- wp:column {\"width\":\"100%\"} --><!-- wp:group {\"align\":\"full\"} --><!-- wp:group --><!-- wp:table {\"hasFixedLayout\":true,\"align\":\"full\",\"className\":\"is-style-stripes\"} --><\/p>\n<figure>\n<table>\n<tbody>\n<tr>\n<td data-align=\"left\"><strong>Datum<\/strong><\/td>\n<td data-align=\"left\">Sonntag, 26.04.2026<\/td>\n<\/tr>\n<tr>\n<td data-align=\"left\"><strong>Zeit<\/strong><\/td>\n<td data-align=\"left\">7.00 Uhr \u2013 ca. 12.30 Uhr<\/td>\n<\/tr>\n<tr>\n<td data-align=\"left\"><strong>Treffpunkt<\/strong><\/td>\n<td data-align=\"left\">Wir fischen an einer Mole, der genaue Standort wird noch bekannt gegeben. Es sind gen\u00fcgend Parkpl\u00e4tze vorhanden.<\/td>\n<\/tr>\n<tr>\n<td data-align=\"left\"><strong>Mitnehmen<\/strong><\/td>\n<td data-align=\"left\"><span style=\"font-size: 12.0pt; line-height: 105%; font-family: 'Arial',sans-serif; mso-fareast-font-family: Calibri; mso-fareast-theme-font: minor-latin; mso-font-kerning: 0pt; mso-ligatures: none; mso-ansi-language: DE-CH; mso-fareast-language: EN-US; mso-bidi-language: AR-SA;\">Wetterentsprechende Kleidung, gutes Schuhwerk, wenn n\u00f6tig eine Sitzm\u00f6glichkeit, K\u00fchlbox, Verpflegung<br>und bereits vorhandenes Fischermaterial, sowie eine g\u00fcltige ID und Fischereipatent.&nbsp;<\/span><\/td>\n<\/tr>\n<tr>\n<td data-align=\"left\"><strong>Kursgeb\u00fchr<\/strong><\/td>\n<td data-align=\"left\">Fr. 100.00 (Erwachsene): Fr. 80.00 Jugendliche bis 16 Jahre<\/td>\n<\/tr>\n<tr>\n<td data-align=\"left\"><strong>Tagespatent<\/strong><\/td>\n<td data-align=\"left\"><span style=\"font-size: 12.0pt; line-height: 105%; font-family: 'Arial',sans-serif; mso-fareast-font-family: Calibri; mso-fareast-theme-font: minor-latin; mso-font-kerning: 0pt; mso-ligatures: none; mso-ansi-language: DE-CH; mso-fareast-language: EN-US; mso-bidi-language: AR-SA;\">Unter folgendem Link, k\u00f6nnen die Tagespatene bequem von zu Hause aus auf dem Computer gekauft und<br>ausgedruckt werden. <\/span><span style=\"font-size: 11.0pt; line-height: 105%; font-family: 'Calibri',sans-serif; mso-ascii-theme-font: minor-latin; mso-fareast-font-family: Calibri; mso-fareast-theme-font: minor-latin; mso-hansi-theme-font: minor-latin; mso-bidi-font-family: 'Times New Roman'; mso-bidi-theme-font: minor-bidi; mso-font-kerning: 0pt; mso-ligatures: none; mso-ansi-language: DE-CH; mso-fareast-language: EN-US; mso-bidi-language: AR-SA;\"><a href=\"https:\/\/www.efj-shop.apps.be.ch\/\"><span style=\"font-size: 12.0pt; line-height: 105%; font-family: 'Arial',sans-serif;\">https:\/\/www.efj-shop.apps.be.ch\/<\/span><\/a><\/span><span style=\"font-size: 12.0pt; line-height: 105%; font-family: 'Arial',sans-serif; mso-fareast-font-family: Calibri; mso-fareast-theme-font: minor-latin; mso-font-kerning: 0pt; mso-ligatures: none; mso-ansi-language: DE-CH; mso-fareast-language: EN-US; mso-bidi-language: AR-SA;\"> Bitte wartet mit dem Patentkauf bis ca. 3 Tage vor dem Kurs. Die Wetterbedingungen k\u00f6nnen immer wieder \u00e4ndern!<\/span><\/td>\n<\/tr>\n<tr>\n<td data-align=\"left\">\n<p><strong>Empfohlene Fischerausr\u00fcstung<\/strong><\/p>\n<\/td>\n<td data-align=\"left\">\n<p><b><span style=\"font-size: 12.0pt; line-height: 105%; font-family: 'Arial',sans-serif;\">Rute:<\/span><\/b><span style=\"font-size: 12.0pt; line-height: 105%; font-family: 'Arial',sans-serif;\"> Ich empfehle f\u00fcr das Zapfenfischen auf Felchen eine Rute von 2.70-3.90m und einem Wurfgewicht von ca. 20-50g. Die Rute muss lang sein, da die Gambe\/Hegene geworfen wird. Eine feine Spitze hilft mit, den Biss gut erkennen zu k\u00f6nnen (Feederruten) Um vertikal auf Felchen zu Fischen, ben\u00f6tigen wir feine Felchenruten von 1.80-2.70m. Wichtig ist, dass es Felchenruten sind! Bei st\u00e4rkeren Ruten, kann der Biss ansonsten nicht\/kaum festgestellt werden.<\/span><\/p>\n<p><b><span style=\"font-size: 12.0pt; line-height: 105%; font-family: 'Arial',sans-serif;\">Rolle:<\/span><\/b><span style=\"font-size: 12.0pt; line-height: 105%; font-family: 'Arial',sans-serif;\"> Eine passende Rolle sollte eine Gr\u00f6sse von 2500-4000 haben. Die Rolle kann etwas gr\u00f6sser gew\u00e4hlt werden, da wir vom Ufer aus weit auswerfen werden und so eine gewisse Menge an Schnur auf der Rolle sein sollte. Zum Vertikalen Felchenfischen eignen sich Station\u00e4rrollen\/Laufrollen mit einer Gr\u00f6sse von 500-1000 und einer geflochtenen Schnur, welche alle 5 Meter die Farbe wechselt. Was es mit der Schnur auf sich hat, erf\u00e4hrst du dann am Kurs.<\/span><\/p>\n<p><\/p>\n<p><b><span style=\"font-size: 12.0pt; line-height: 105%; font-family: 'Arial',sans-serif;\">Zubeh\u00f6r:<\/span><\/b><span style=\"font-size: 12.0pt; line-height: 105%; font-family: 'Arial',sans-serif;\"> K\u00f6der (bereits vorhandene Gamben\/Hegenen) Netz, Polbrille, Kleinmaterial, Fischerwerkzeug (Zange, Messer,<br>Schere, Fischt\u00f6ter, Massband), evtl. eine Sitzgelegenheit<\/span><\/p>\n<\/td>\n<\/tr>\n<tr>\n<td data-align=\"left\">\n<p><strong>Weitere wichtige Infos<\/strong><\/p>\n<\/td>\n<td data-align=\"left\">\n<p>Versicherung ist Sache der Teilnehmer.<br><strong>Die K\u00f6der zum jeweiligen Thema von Stucki Thun und Fischen.ch im Wert von ca. Fr.60.00 werden von mir organisiert.<\/strong> Die passende Ausr\u00fcstung (Rute &amp; Rolle) von Stucki Thun, kann auch zu einem Aufpreis von Fr.15.00 gemietet werden. (Solange Vorrat)<\/p>\n<p>Bitte die Kursgeb\u00fchren erst nach der Einladung \u00fcberweisen.<br>Kilian Schenk, Br\u00fcggstrasse 15, 3634 Thierachern <br>CH21 0870 4044 6752 6411 9<br>Twint ist m\u00f6glich!<br>Abmeldungen 24 Stunden vor Kursbeginn werden aus organisatorischen Gr\u00fcnden verrechnet.<br>Wir freuen uns sehr auf einen spannenden\/lehrreichen Tag am Gew\u00e4sser und bei Fragen k\u00f6nnt Ihr mich unter 079 824 05 25 oder <a href=\"mailto:kilian.schenk@vtxfree.ch\">kilian.schenk@vtxfree.ch<\/a> erreichen.<br>Ich bem\u00fche mich um eine m\u00f6glichst schnelle R\u00fcckmeldung!<\/p>\n<p style=\"margin-bottom: 0cm; line-height: normal;\"><i><span style=\"font-size: 8.0pt; font-family: 'Calibri',sans-serif; mso-ascii-theme-font: minor-latin; mso-hansi-theme-font: minor-latin; mso-bidi-font-family: 'Times New Roman'; mso-bidi-font-weight: bold;\">*AGB\u2019s:<br>Da wir den Raum sowie die Helfer f\u00fcr diesen Tag organisieren, ist der volle<br>Betrag ein Monat im Voraus f\u00e4llig.<\/span><\/i><i><span style=\"font-size: 8.0pt; font-family: 'Calibri',sans-serif; mso-ascii-theme-font: minor-latin; mso-hansi-theme-font: minor-latin; mso-bidi-theme-font: minor-latin; mso-bidi-font-weight: bold;\"><br><\/span><\/i><i><span style=\"font-size: 8.0pt; font-family: 'Calibri',sans-serif; mso-ascii-theme-font: minor-latin; mso-hansi-theme-font: minor-latin; mso-bidi-font-family: 'Times New Roman'; mso-bidi-font-weight: bold;\">Bei Abmeldungen gelten folgende <\/span><\/i><b><i><span style=\"font-size: 8.0pt; font-family: 'Calibri',sans-serif; mso-ascii-theme-font: minor-latin; mso-hansi-theme-font: minor-latin; mso-bidi-font-family: 'Times New Roman';\">R\u00fcckerstattungsbedienungen:<\/span><\/i><\/b><i><\/i><\/p>\n<p style=\"text-indent: -18.0pt; line-height: normal; mso-list: l0 level1 lfo1; margin: 0cm 0cm 0cm 21.3pt;\"><!-- [if !supportLists]--><span style=\"font-size: 8.0pt; font-family: Symbol; mso-fareast-font-family: Symbol; mso-bidi-font-family: Symbol; mso-bidi-font-weight: bold; mso-bidi-font-style: italic;\">\u00b7<span style=\"font: 7.0pt 'Times New Roman';\">&nbsp;&nbsp;&nbsp;&nbsp;&nbsp;&nbsp;&nbsp;<\/span><\/span><i><span style=\"font-size: 8.0pt; font-family: 'Calibri',sans-serif; mso-ascii-theme-font: minor-latin; mso-hansi-theme-font: minor-latin; mso-bidi-font-family: 'Times New Roman'; mso-bidi-font-weight: bold;\">Abmeldungen bis zwei Wochen vor Kursbeginn: 75% der Zahlung werden zur\u00fcckerstattet<\/span><\/i><\/p>\n<p style=\"text-indent: -18.0pt; line-height: normal; mso-list: l0 level1 lfo1; margin: 0cm 0cm 0cm 21.3pt;\"><!-- [if !supportLists]--><span style=\"font-size: 8.0pt; font-family: Symbol; mso-fareast-font-family: Symbol; mso-bidi-font-family: Symbol; mso-bidi-font-weight: bold; mso-bidi-font-style: italic;\">\u00b7<span style=\"font: 7.0pt 'Times New Roman';\">&nbsp;&nbsp;&nbsp;&nbsp;&nbsp;&nbsp;&nbsp;<\/span><\/span><i><span style=\"font-size: 8.0pt; font-family: 'Calibri',sans-serif; mso-ascii-theme-font: minor-latin; mso-hansi-theme-font: minor-latin; mso-bidi-font-family: 'Times New Roman'; mso-bidi-font-weight: bold;\">Abmeldungen bis eine Woche vor Kursbeginn: 50% der Zahlung werden zur\u00fcckerstattet<\/span><\/i><\/p>\n<p style=\"text-indent: -18.0pt; line-height: normal; mso-list: l0 level1 lfo1; margin: 0cm 0cm 0cm 21.3pt;\"><!-- [if !supportLists]--><span style=\"font-size: 8.0pt; font-family: Symbol; mso-fareast-font-family: Symbol; mso-bidi-font-family: Symbol; mso-bidi-font-weight: bold; mso-bidi-font-style: italic;\">\u00b7<span style=\"font: 7.0pt 'Times New Roman';\">&nbsp;&nbsp;&nbsp;&nbsp;&nbsp;&nbsp;&nbsp;<\/span><\/span><i><span style=\"font-size: 8.0pt; font-family: 'Calibri',sans-serif; mso-ascii-theme-font: minor-latin; mso-hansi-theme-font: minor-latin; mso-bidi-font-family: 'Times New Roman'; mso-bidi-font-weight: bold;\">Bei Abmeldungen weniger als eine Woche vor Kursbeginn erfolgt keine R\u00fcckerstattung<\/span><\/i><\/p>\n<\/td>\n<\/tr>\n<\/tbody>\n<\/table>\n<\/figure>\n<p><!-- \/wp:table --><!-- \/wp:group --><!-- \/wp:group --><!-- \/wp:column --><!-- \/wp:columns --><!-- \/wp:column --><!-- \/wp:columns --><!-- \/wp:group --><!-- \/wp:column --><!-- \/wp:columns --><!-- \/wp:group --><!-- \/wp:column --><!-- \/wp:columns --><!-- \/wp:column --><\/p>\n<\/div>\n<p><!-- \/wp:columns --><!-- wp:gallery {\"linkTo\":\"none\"} --><\/p>\n<figure><!-- wp:image {\"id\":1572,\"sizeSlug\":\"large\",\"linkDestination\":\"none\"} --><p><\/p>\n<figure><img decoding=\"async\" src=\"https:\/\/fischerkursebern.ch\/wp-content\/uploads\/2023\/12\/DCB6EE6A-F769-4A30-9C91-01E4E10517FE_1-min1.jpeg\" alt=\"\"><p><\/p>\n<figcaption><strong>Was f\u00fcr eine Stimmung am Morgen&#8230;<\/strong><\/figcaption>\n<\/figure>\n<p><!-- \/wp:image --><!-- wp:image {\"id\":551,\"sizeSlug\":\"large\",\"linkDestination\":\"none\"} --><\/p>\n<figure><img decoding=\"async\" src=\"https:\/\/fischerkursebern.ch\/wp-content\/uploads\/2022\/01\/7220FF2F-9EA9-49AC-8688-13D7200959EA-e1641411790424.jpeg\" alt=\"\"><p><\/p>\n<figcaption><strong>Tolle Uferfelche vom Thunersee<\/strong><\/figcaption>\n<\/figure>\n<p><!-- \/wp:image --><!-- wp:image {\"id\":500,\"sizeSlug\":\"large\",\"linkDestination\":\"none\"} --><\/p>\n<figure><img decoding=\"async\" src=\"https:\/\/fischerkursebern.ch\/wp-content\/uploads\/2022\/01\/5B7E7652-EC8B-481E-8D85-2ACE3FAF3678-1024x772.jpeg\" alt=\"\"><p><\/p>\n<figcaption><strong>Warten bis der Biss kommt und dann Anschl<\/strong><\/figcaption>\n<\/figure>\n<p><!-- \/wp:image --><\/p>\n<\/figure>\n<p><!-- \/wp:gallery --><\/p>\t\t\t\t\t\t\t\t<\/div>\n\t\t\t\t<\/div>\n\t\t\t\t\t<\/div>\n\t\t<\/div>\n\t\t\t\t\t<\/div>\n\t\t<\/section>\n\t\t\t\t<\/div>\n\t\t","protected":false},"excerpt":{"rendered":"<p>Felchenfischen vom Ufer am Thunersee, Sonntag 26.04.2026 &nbsp; Fischen auf Felchen vom Ufer wird immer beliebter! Kein Wunder, mit dem Wissen und der richtigen Technik werden immer wieder sch\u00f6ne Fische gefangen. Wir zeigen dir nicht nur wie, sondern auch wo \ud83d\ude42 Wir treffen uns am Sonntag, 26.04.2026 p\u00fcnktlich um 7.00 Uhr am Thunersee (der genaue Standort wird bei der Einladung bekannt gegeben) um von dort aus gemeinsam auf Felchen, Barsche sowie Saiblinge zu fischen. Der Kurs findet an einer Mole statt wo das Wasser eine Tiefe von rund 20 Metern erreicht. Die Felchen insbesondere die Balchen ziehen im Fr\u00fchling immer &hellip;<\/p>\n","protected":false},"author":1,"featured_media":1794,"parent":172,"menu_order":1,"comment_status":"closed","ping_status":"closed","template":"","meta":{"footnotes":""},"class_list":["post-1106","page","type-page","status-publish","has-post-thumbnail","hentry"],"_links":{"self":[{"href":"https:\/\/fischerkursebern.ch\/index.php?rest_route=\/wp\/v2\/pages\/1106","targetHints":{"allow":["GET"]}}],"collection":[{"href":"https:\/\/fischerkursebern.ch\/index.php?rest_route=\/wp\/v2\/pages"}],"about":[{"href":"https:\/\/fischerkursebern.ch\/index.php?rest_route=\/wp\/v2\/types\/page"}],"author":[{"embeddable":true,"href":"https:\/\/fischerkursebern.ch\/index.php?rest_route=\/wp\/v2\/users\/1"}],"replies":[{"embeddable":true,"href":"https:\/\/fischerkursebern.ch\/index.php?rest_route=%2Fwp%2Fv2%2Fcomments&post=1106"}],"version-history":[{"count":51,"href":"https:\/\/fischerkursebern.ch\/index.php?rest_route=\/wp\/v2\/pages\/1106\/revisions"}],"predecessor-version":[{"id":1991,"href":"https:\/\/fischerkursebern.ch\/index.php?rest_route=\/wp\/v2\/pages\/1106\/revisions\/1991"}],"up":[{"embeddable":true,"href":"https:\/\/fischerkursebern.ch\/index.php?rest_route=\/wp\/v2\/pages\/172"}],"wp:featuredmedia":[{"embeddable":true,"href":"https:\/\/fischerkursebern.ch\/index.php?rest_route=\/wp\/v2\/media\/1794"}],"wp:attachment":[{"href":"https:\/\/fischerkursebern.ch\/index.php?rest_route=%2Fwp%2Fv2%2Fmedia&parent=1106"}],"curies":[{"name":"wp","href":"https:\/\/api.w.org\/{rel}","templated":true}]}}