{"id":1102,"date":"2022-12-23T14:31:50","date_gmt":"2022-12-23T14:31:50","guid":{"rendered":"https:\/\/fischerkursebern.ch\/?page_id=1102"},"modified":"2025-12-06T11:33:27","modified_gmt":"2025-12-06T11:33:27","slug":"hechtfischen-fuer-fortgeschrittene","status":"publish","type":"page","link":"https:\/\/fischerkursebern.ch\/?page_id=1102","title":{"rendered":"Hechtfischen vom Ufer am Thunersee, So. 10.05.2026"},"content":{"rendered":"\t\t<div data-elementor-type=\"wp-page\" data-elementor-id=\"1102\" class=\"elementor elementor-1102\">\n\t\t\t\t\t\t<section class=\"elementor-section elementor-top-section elementor-element elementor-element-50703627 elementor-section-boxed elementor-section-height-default elementor-section-height-default\" data-id=\"50703627\" data-element_type=\"section\">\n\t\t\t\t\t\t<div class=\"elementor-container elementor-column-gap-default\">\n\t\t\t\t\t<div class=\"elementor-column elementor-col-100 elementor-top-column elementor-element elementor-element-2b6e0995\" data-id=\"2b6e0995\" data-element_type=\"column\">\n\t\t\t<div class=\"elementor-widget-wrap elementor-element-populated\">\n\t\t\t\t\t\t<div class=\"elementor-element elementor-element-6603bf61 elementor-widget elementor-widget-text-editor\" data-id=\"6603bf61\" data-element_type=\"widget\" data-widget_type=\"text-editor.default\">\n\t\t\t\t<div class=\"elementor-widget-container\">\n\t\t\t\t\t\t\t\t\t<p><\/p>\n<h2 class=\"wp-block-heading\">Hechtfischen vom Ufer am Thunersee, Sonntag 10.05.2026<\/h2>\n<p><\/p>\n<div style=\"height: 23px;\" aria-hidden=\"true\">&nbsp;<\/div>\n<p><\/p>\n<p><strong>Hast du Lust im Fr\u00fchling \/ Sommer auf sch\u00f6ne Hechte zu fischen? Dann ist dieser Kurs genau das Richtige f\u00fcr dich&nbsp;<\/strong><\/p>\n<p><\/p>\n<p>Ein ganz spezieller Kurs f\u00fcr alle welche sich gerne gezielt auf die Fischerei auf Hechte vom Ufer interessieren. Wir treffen uns am Morgen am Ufer des Thunersees um gemeinsam auf Hecht zu fischen. Bevor es ans Wasser geht, zeigen wir euch einige g\u00e4ngige Methoden des modernen Hechtfischens (Korrekte F\u00fchrung des Gummik\u00f6ders, Wobblers und L\u00f6ffel). Wir bauen einen Workshop auf und so lernst du von verschiedenen Helfern die Montagen, Knoten sowie die F\u00fchrung der verschiedenen Methoden. Sind alle bereit, teilen wir uns in 2-4er Gruppen auf uns befischen die Spots am Thunersee. Wir werden in bestimmten Hafenanlagen sowie auch in tieferen Zonen des Thunersees fischen. Die Chance einen Hecht zu fangen ist an diesem Kurs am gr\u00f6ssten, da sich die Hechte in dieser Zeit noch in Ufern\u00e4he befinden und nach der Laichzeit noch sehr reizbar sind.&nbsp;W\u00e4hrend des kompletten Kurses werdet ihr von uns mit Tipps &amp; Tricks unterst\u00fctzt. Ich freue mich sehr auf diesen spannenden und lehrreichen Tag am Thunersee!<\/p>\n<p><\/p>\n<p>Dieser Kurs ist immer sehr gut besucht!<\/p>\n<p><\/p>\n<p><strong>Melde dich noch heute an, die Pl\u00e4tze sind limitiert auf 15 Kursteilnehmer\/innen.&nbsp;<\/strong><\/p>\n<p><\/p>\n<div class=\"is-layout-flex wp-container-core-columns-is-layout-9d6595d7 wp-block-columns-is-layout-flex\">\n<p><\/p>\n<div class=\"is-layout-flow wp-block-column-is-layout-flow\" style=\"flex-basis: 100%;\">\n<p><\/p>\n<div class=\"is-layout-flex wp-container-core-columns-is-layout-9d6595d7 wp-block-columns-is-layout-flex\">\n<p><\/p>\n<div class=\"is-layout-flow wp-block-column-is-layout-flow\" style=\"flex-basis: 80%;\">\n<p><\/p>\n<div class=\"is-layout-flow wp-block-group-is-layout-flow\"><div class=\"wp-block-group__inner-container\">\n<p><\/p>\n<div class=\"is-layout-flex wp-container-core-columns-is-layout-9d6595d7 wp-block-columns-is-layout-flex\">\n<p><\/p>\n<div class=\"is-layout-flow wp-block-column-is-layout-flow\" style=\"flex-basis: 100%;\">\n<p><\/p>\n<div class=\"is-layout-flow wp-block-group-is-layout-flow\"><div class=\"wp-block-group__inner-container\">\n<p><\/p>\n<div class=\"is-layout-flex wp-container-core-columns-is-layout-9d6595d7 wp-block-columns-is-layout-flex\">\n<p><\/p>\n<div class=\"is-layout-flow wp-block-column-is-layout-flow\" style=\"flex-basis: 100%;\">\n<p><\/p>\n<div class=\"is-layout-flex wp-container-core-columns-is-layout-9d6595d7 wp-block-columns-is-layout-flex\">\n<p><\/p>\n<div class=\"is-layout-flow wp-block-column-is-layout-flow\" style=\"flex-basis: 100%;\">\n<p><\/p>\n<div class=\"is-layout-flow wp-block-group-is-layout-flow\"><div class=\"wp-block-group__inner-container\">\n<p><\/p>\n<div class=\"is-layout-flow wp-block-group-is-layout-flow\"><div class=\"wp-block-group__inner-container\">\n<p><\/p>\n<figure>\n<table>\n<tbody>\n<tr>\n<td data-align=\"left\"><strong>Datum<\/strong><\/td>\n<td data-align=\"left\">Sonntag, 10. Mai 2026<\/td>\n<\/tr>\n<tr>\n<td data-align=\"left\"><strong>Zeit<\/strong><\/td>\n<td data-align=\"left\">7.30 Uhr \u2013 ca. 12.30 Uhr<\/td>\n<\/tr>\n<tr>\n<td data-align=\"left\"><strong>Treffpunkt<\/strong><\/td>\n<td data-align=\"left\">Der genaue Kursort wird noch bekannt gegeben. Es sind gen\u00fcgend Parkpl\u00e4tze vorhanden. Fahrgemeinschaften sind willkommen.<\/td>\n<\/tr>\n<tr>\n<td data-align=\"left\"><strong>Mitnehmen<\/strong><\/td>\n<td data-align=\"left\"><span style=\"font-size: 12.0pt; line-height: 105%; font-family: 'Arial',sans-serif; mso-fareast-font-family: Calibri; mso-fareast-theme-font: minor-latin; mso-font-kerning: 0pt; mso-ligatures: none; mso-ansi-language: DE-CH; mso-fareast-language: EN-US; mso-bidi-language: AR-SA;\">Wetterentsprechende Kleidung, gutes Schuhwerk, Verpflegung und bereits vorhandenes Fischermaterial f\u00fcr Hecht, Kescher, sowie eine g\u00fcltige ID und Fischereipatent.&nbsp;<\/span><\/td>\n<\/tr>\n<tr>\n<td data-align=\"left\"><strong>Kursgeb\u00fchr<\/strong><\/td>\n<td data-align=\"left\">Fr. 100.00 (Erwachsene): Fr. 80.00 Jugendliche bis 16 Jahre<\/td>\n<\/tr>\n<tr>\n<td data-align=\"left\"><strong>Tagespatent<\/strong><\/td>\n<td data-align=\"left\"><span style=\"font-size:12.0pt;line-height:105%; font-family:&quot;Arial&quot;,sans-serif;mso-fareast-font-family:Calibri;mso-fareast-theme-font: minor-latin;mso-font-kerning:0pt;mso-ligatures:none;mso-ansi-language:DE-CH; mso-fareast-language:EN-US;mso-bidi-language:AR-SA\">Unter folgendem Link, k\u00f6nnen die Tagespatene bequem von zu Hause aus auf dem Computer gekauft und ausgedruckt werden. <\/span><span style=\"font-size:11.0pt;line-height:105%; font-family:&quot;Calibri&quot;,sans-serif;mso-ascii-theme-font:minor-latin;mso-fareast-font-family: Calibri;mso-fareast-theme-font:minor-latin;mso-hansi-theme-font:minor-latin; mso-bidi-font-family:&quot;Times New Roman&quot;;mso-bidi-theme-font:minor-bidi; mso-font-kerning:0pt;mso-ligatures:none;mso-ansi-language:DE-CH;mso-fareast-language: EN-US;mso-bidi-language:AR-SA\"><a href=\"https:\/\/www.efj-shop.apps.be.ch\/\"><span style=\"font-size:12.0pt;line-height:105%;font-family:&quot;Arial&quot;,sans-serif\">https:\/\/www.efj-shop.apps.be.ch\/<\/span><\/a><\/span><span style=\"font-size:12.0pt;line-height:105%;font-family:&quot;Arial&quot;,sans-serif; mso-fareast-font-family:Calibri;mso-fareast-theme-font:minor-latin;mso-font-kerning: 0pt;mso-ligatures:none;mso-ansi-language:DE-CH;mso-fareast-language:EN-US; mso-bidi-language:AR-SA\"> Bitte wartet mit dem Patentkauf bis ca. 3 Tage vor dem Kurs. Die Wetterbedingungen k\u00f6nnen immer wieder \u00e4ndern!&nbsp;<\/span>Die Patente m\u00fcssen selber organisiert werden!<br><\/td>\n<\/tr>\n<tr>\n<td data-align=\"left\">\n<p><strong>Empfohlene Fischerausr\u00fcstung<\/strong><\/p>\n<\/td>\n<td data-align=\"left\">\n<p><strong><span style=\"font-size:12.0pt;line-height:105%; font-family:&quot;Arial&quot;,sans-serif\">Rute:<\/span><\/strong><span style=\"font-size: 12.0pt;line-height:105%;font-family:&quot;Arial&quot;,sans-serif\"> Ich empfehle f\u00fcr das Fischen auf Hecht eine Rute von 2.40-3.00m und einem Wurfgewicht von ca. 20-50g.<br><br><strong><span style=\"font-family:&quot;Arial&quot;,sans-serif\">Rolle:&nbsp;<\/span><\/strong>Eine passende Rolle sollte eine Gr\u00f6sse von 3000-4000 haben. Die Rolle kann etwas gr\u00f6sser gew\u00e4hlt werden, da wir vom Ufer aus weit auswerfen werden und so auch eine gewisse Menge an Schnur auf der Rolle sein muss. Ob geflochten oder Monofile spielt keine grosse Rolle. Mit einer geflochtenen Schnur k\u00f6nnen gr\u00f6ssere Distanzen erreicht werden.<br><br><strong><span style=\"font-family:&quot;Arial&quot;,sans-serif\">Zubeh\u00f6r:&nbsp;<\/span><\/strong>K\u00f6der (Wobbler, Spinner, Gummis), Netz, Polbrille, Kleinmaterial, Fischerwerkzeug (Zange, Messer, Schere, Fischt\u00f6ter)<o:p><\/o:p><\/span><\/p>\n<\/td>\n<\/tr>\n<tr>\n<td data-align=\"left\">\n<p><strong>Weitere wichtige Infos<\/strong><\/p>\n<\/td>\n<td data-align=\"left\">\n<p>Versicherung ist Sache der Teilnehmer.<br><strong>Die K\u00f6der zum jeweiligen Thema von Stucki Thun und Fischen.ch im Wert von ca. Fr.60.00 werden von mir organisiert. <\/strong>Die passende Ausr\u00fcstung (Rute &amp; Rolle) von Stucki Thun, kann auch zu einem Aufpreis von <strong>Fr.15.00<\/strong> gemietet werden. (Solange Vorrat)<br><br>Ich bitte Euch, die Kursgeb\u00fchren und die allf\u00e4lligen Mietkosten nach Anmeldung einzuzahlen.<br>Kilian Schenk, Br\u00fcggstrasse 15, 3634 Thierachern <br>CH21 0870 4044 6752 6411 9<br>Twint ist m\u00f6glich!<br>Abmeldungen 24 Stunden vor Kursbeginn werden aus organisatorischen Gr\u00fcnden verrechnet.<br>Wir freuen uns sehr auf einen spannenden\/lehrreichen Tag am Gew\u00e4sser und bei Fragen k\u00f6nnt Ihr mich unter <a href=\"mailto:kilian.schenk@vtxfree.ch\">kilian.schenk@vtxfree.ch<\/a> erreichen.<br>Ich bem\u00fche mich um eine m\u00f6glichst schnelle R\u00fcckmeldung!<\/p>\n<p style=\"margin-bottom:0cm;line-height:normal\"><i><span style=\"font-size:8.0pt; font-family:&quot;Calibri&quot;,sans-serif;mso-ascii-theme-font:minor-latin;mso-hansi-theme-font: minor-latin;mso-bidi-font-family:&quot;Times New Roman&quot;;mso-bidi-font-weight:bold\">*AGB\u2019s:<br>Da wir den Raum sowie die Helfer f\u00fcr diesen Tag organisieren, ist der volle<br>Betrag ein Monat im Voraus f\u00e4llig.<\/span><\/i><i><span style=\"font-size:8.0pt; font-family:&quot;Calibri&quot;,sans-serif;mso-ascii-theme-font:minor-latin;mso-hansi-theme-font: minor-latin;mso-bidi-theme-font:minor-latin;mso-bidi-font-weight:bold\"><br><\/span><\/i><i><span style=\"font-size:8.0pt;font-family:&quot;Calibri&quot;,sans-serif; mso-ascii-theme-font:minor-latin;mso-hansi-theme-font:minor-latin;mso-bidi-font-family: &quot;Times New Roman&quot;;mso-bidi-font-weight:bold\">Bei Abmeldungen gelten folgende <\/span><\/i><b><i><span style=\"font-size:8.0pt;font-family: &quot;Calibri&quot;,sans-serif;mso-ascii-theme-font:minor-latin;mso-hansi-theme-font: minor-latin;mso-bidi-font-family:&quot;Times New Roman&quot;\">R\u00fcckerstattungsbedienungen:<\/span><\/i><\/b><i><span style=\"font-size:8.0pt;font-family:&quot;Calibri&quot;,sans-serif;mso-ascii-theme-font: minor-latin;mso-hansi-theme-font:minor-latin;mso-bidi-font-family:&quot;Times New Roman&quot;; mso-bidi-font-weight:bold\"><o:p><\/o:p><\/span><\/i><\/p>\n<p style=\"margin-top:0cm;margin-right:0cm;margin-bottom:0cm;margin-left:21.3pt; text-indent:-18.0pt;line-height:normal;mso-list:l0 level1 lfo1\"><!--[if !supportLists]--><span style=\"font-size:8.0pt;font-family:Symbol;mso-fareast-font-family:Symbol; mso-bidi-font-family:Symbol;mso-bidi-font-weight:bold;mso-bidi-font-style:italic\">\u00b7<span style=\"font:7.0pt &quot;Times New Roman&quot;\">&nbsp;&nbsp;&nbsp;&nbsp;&nbsp;&nbsp;&nbsp;<\/span><\/span><i><span style=\"font-size:8.0pt;font-family: &quot;Calibri&quot;,sans-serif;mso-ascii-theme-font:minor-latin;mso-hansi-theme-font: minor-latin;mso-bidi-font-family:&quot;Times New Roman&quot;;mso-bidi-font-weight:bold\">Abmeldungen bis zwei Wochen vor Kursbeginn: 75% der Zahlung werden zur\u00fcckerstattet<o:p><\/o:p><\/span><\/i><\/p>\n<p style=\"margin-top:0cm;margin-right:0cm;margin-bottom:0cm;margin-left:21.3pt; text-indent:-18.0pt;line-height:normal;mso-list:l0 level1 lfo1\"><!--[if !supportLists]--><span style=\"font-size:8.0pt;font-family:Symbol;mso-fareast-font-family:Symbol; mso-bidi-font-family:Symbol;mso-bidi-font-weight:bold;mso-bidi-font-style:italic\">\u00b7<span style=\"font:7.0pt &quot;Times New Roman&quot;\">&nbsp;&nbsp;&nbsp;&nbsp;&nbsp;&nbsp;&nbsp;<\/span><\/span><i><span style=\"font-size:8.0pt;font-family:&quot;Calibri&quot;,sans-serif; mso-ascii-theme-font:minor-latin;mso-hansi-theme-font:minor-latin;mso-bidi-font-family: &quot;Times New Roman&quot;;mso-bidi-font-weight:bold\">Abmeldungen bis eine Woche vor Kursbeginn: 50% der Zahlung werden zur\u00fcckerstattet<\/span><\/i><\/p>\n<p style=\"margin-top:0cm;margin-right:0cm;margin-bottom:0cm;margin-left:21.3pt; text-indent:-18.0pt;line-height:normal;mso-list:l0 level1 lfo1\"><span style=\"text-indent: -18pt; font-size: 8pt; font-family: Symbol;\">\u00b7<span style=\"font:7.0pt &quot;Times New Roman&quot;\">&nbsp;&nbsp;&nbsp;&nbsp;&nbsp;&nbsp;&nbsp;<\/span><\/span><i style=\"text-indent: -18pt;\"><span style=\"font-size:8.0pt;font-family: &quot;Calibri&quot;,sans-serif;mso-ascii-theme-font:minor-latin;mso-hansi-theme-font: minor-latin;mso-bidi-font-family:&quot;Times New Roman&quot;;mso-bidi-font-weight:bold\">Bei Abmeldungen weniger als eine Woche vor Kursbeginn erfolgt keine R\u00fcckerstattung<\/span><\/i><\/p>\n<p><br><\/p>\n<\/td>\n<\/tr>\n<\/tbody>\n<\/table>\n<\/figure>\n<p><\/p>\n<\/div><\/div>\n<p><\/p>\n<\/div><\/div>\n<p><\/p>\n<\/div>\n<p><\/p>\n<\/div>\n<p><\/p>\n<\/div>\n<p><\/p>\n<\/div>\n<p><\/p>\n<\/div><\/div>\n<p><\/p>\n<\/div>\n<p><\/p>\n<\/div>\n<p><\/p>\n<\/div><\/div>\n<p><\/p>\n<\/div>\n<p><\/p>\n<\/div>\n<p><\/p>\n<\/div>\n<p><\/p>\n<\/div>\n<p><\/p>\n<div class=\"is-layout-flow wp-block-group-is-layout-flow\"><div class=\"wp-block-group__inner-container\">\n<p><\/p>\n<figure class=\"wp-block-gallery-2 is-layout-flex wp-block-gallery-is-layout-flex\"><p><\/p>\n<figure><img decoding=\"async\" data-id=\"1578\" src=\"https:\/\/fischerkursebern.ch\/wp-content\/uploads\/2023\/12\/9F2C7B5D-39F1-4C09-9793-279C9A7F4080-min1-2-3000x4000.jpeg\" alt=\"\"><p><\/p>\n<figcaption><strong>Sch\u00f6ner Hecht vom Thunersee<\/strong><\/figcaption>\n<\/figure>\n<p><\/p>\n<figure><img decoding=\"async\" data-id=\"1567\" src=\"https:\/\/fischerkursebern.ch\/wp-content\/uploads\/2023\/12\/94CBB282-4D8C-4923-837F-50B1C359B571-min1-3000x4000.jpeg\" alt=\"\"><p><\/p>\n<figcaption><strong>Hechte vom Ufer sind keine Seltenheit, wir zeigen dir wie!<\/strong><\/figcaption>\n<\/figure>\n<p><\/p>\n<figure><img decoding=\"async\" data-id=\"1570\" src=\"https:\/\/fischerkursebern.ch\/wp-content\/uploads\/2023\/12\/A72DED76-B1D7-472C-BEE9-524AD4997902-min1-3000x4000.jpeg\" alt=\"\"><p><\/p>\n<figcaption><strong>Hechtsprung gef\u00e4ll<\/strong><\/figcaption>\n<\/figure>\n<p><\/p>\n<\/figure>\n<p><\/p>\n<\/div><\/div>\n<p><\/p>\t\t\t\t\t\t\t\t<\/div>\n\t\t\t\t<\/div>\n\t\t\t\t\t<\/div>\n\t\t<\/div>\n\t\t\t\t\t<\/div>\n\t\t<\/section>\n\t\t\t\t<\/div>\n\t\t","protected":false},"excerpt":{"rendered":"<p>Hechtfischen vom Ufer am Thunersee, Sonntag 10.05.2026 Hast du Lust im Fr\u00fchling \/ Sommer auf sch\u00f6ne Hechte zu fischen? Dann ist dieser Kurs genau das Richtige f\u00fcr dich&nbsp; Ein ganz spezieller Kurs f\u00fcr alle welche sich gerne gezielt auf die Fischerei auf Hechte vom Ufer interessieren. Wir treffen uns am Morgen am Ufer des Thunersees um gemeinsam auf Hecht zu fischen. Bevor es ans Wasser geht, zeigen wir euch einige g\u00e4ngige Methoden des modernen Hechtfischens (Korrekte F\u00fchrung des Gummik\u00f6ders, Wobblers und L\u00f6ffel). Wir bauen einen Workshop auf und so lernst du von verschiedenen Helfern die Montagen, Knoten sowie die F\u00fchrung &hellip;<\/p>\n","protected":false},"author":1,"featured_media":1567,"parent":172,"menu_order":11,"comment_status":"closed","ping_status":"closed","template":"","meta":{"footnotes":""},"class_list":["post-1102","page","type-page","status-publish","has-post-thumbnail","hentry"],"_links":{"self":[{"href":"https:\/\/fischerkursebern.ch\/index.php?rest_route=\/wp\/v2\/pages\/1102","targetHints":{"allow":["GET"]}}],"collection":[{"href":"https:\/\/fischerkursebern.ch\/index.php?rest_route=\/wp\/v2\/pages"}],"about":[{"href":"https:\/\/fischerkursebern.ch\/index.php?rest_route=\/wp\/v2\/types\/page"}],"author":[{"embeddable":true,"href":"https:\/\/fischerkursebern.ch\/index.php?rest_route=\/wp\/v2\/users\/1"}],"replies":[{"embeddable":true,"href":"https:\/\/fischerkursebern.ch\/index.php?rest_route=%2Fwp%2Fv2%2Fcomments&post=1102"}],"version-history":[{"count":26,"href":"https:\/\/fischerkursebern.ch\/index.php?rest_route=\/wp\/v2\/pages\/1102\/revisions"}],"predecessor-version":[{"id":1994,"href":"https:\/\/fischerkursebern.ch\/index.php?rest_route=\/wp\/v2\/pages\/1102\/revisions\/1994"}],"up":[{"embeddable":true,"href":"https:\/\/fischerkursebern.ch\/index.php?rest_route=\/wp\/v2\/pages\/172"}],"wp:featuredmedia":[{"embeddable":true,"href":"https:\/\/fischerkursebern.ch\/index.php?rest_route=\/wp\/v2\/media\/1567"}],"wp:attachment":[{"href":"https:\/\/fischerkursebern.ch\/index.php?rest_route=%2Fwp%2Fv2%2Fmedia&parent=1102"}],"curies":[{"name":"wp","href":"https:\/\/api.w.org\/{rel}","templated":true}]}}